{"id":4335,"date":"2019-02-10T11:32:06","date_gmt":"2019-02-10T11:32:06","guid":{"rendered":"https:\/\/hermossa.eu\/sl\/?page_id=4335"},"modified":"2019-02-10T11:33:28","modified_gmt":"2019-02-10T11:33:28","slug":"dostava-2","status":"publish","type":"page","link":"https:\/\/hermossa.eu\/sl\/dostava-2\/","title":{"rendered":"Dostava"},"content":{"rendered":"\n<h3><strong>Dostava<\/strong><\/h3>\n\n\n\n<p>Blago se dostavlja po povzetju ali proti vnaprej\u0161njemu pla\u010dilu. Dobavni rok za dostavo blaga na zalogi je do 8 delovnih dni. \u010ce blaga ni na zalogi, vas bomo o roku dobave obvestili po va\u0161em naro\u010dilu. V kolikor se zgodi, da dolo\u010den izdelek ni dobavljiv, vam bomo vrnili denar. Kupljeno blago do poravnave celotne kupnine s strani kupca ostane v lasti prodajalca.<\/p>\n\n\n\n<p>Trajanje dostave je odvisno od na\u010dina pla\u010dila:<\/p>\n\n\n\n<ul><li>pla\u010dilo po povzetju, paypal: naro\u010deno blago se ve\u010dinoma odpremi \u0161e isti dan, ali najkasneje v treh delovnih dneh. (Po\u0161iljamo s Po\u0161to Slovenije- blago vas \u010daka na po\u0161ti 15 dni!<\/li><li>nakazilo na teko\u010di ra\u010dun podjetja: naro\u010deno blago se odpremi po prejemu pla\u010dila. \u010ce nam po\u0161ljete potrdilo o pla\u010dilu na\u00a0<a href=\"mailto:info@renini-shop.com\">info@hermossa.eu<\/a>, se naro\u010deno blago odpremi \u0161e isti dan ob prejemu potrdila.<\/li><\/ul>\n\n\n\n<h3><strong>Cenik dostave<\/strong><\/h3>\n\n\n\n<p><strong>Cena dostave<\/strong>\u00a0za neomejeno \u0161tevilo artiklov<strong>\u00a0je 1,99eur<\/strong>\u00a0za dostave po vsej Sloveniji. Pri prevzemu odkupne po\u0161iljke Po\u0161ta Slovenije ali GLS zara\u010dunata provizijo po njihovem veljavnem ceniku.<br><\/p>\n","protected":false},"excerpt":{"rendered":"<p>Dostava Blago se dostavlja po povzetju ali proti vnaprej\u0161njemu pla\u010dilu. Dobavni rok za dostavo blaga na zalogi je do 8 delovnih dni. \u010ce blaga ni na zalogi, vas bomo o roku dobave obvestili po va\u0161em naro\u010dilu. V kolikor se zgodi, da dolo\u010den izdelek ni dobavljiv, vam bomo vrnili denar. Kupljeno blago do poravnave celotne kupnine [&hellip;]<\/p>\n","protected":false},"author":1,"featured_media":0,"parent":0,"menu_order":0,"comment_status":"closed","ping_status":"closed","template":"","meta":[],"yoast_head":"<!-- This site is optimized with the Yoast SEO plugin v19.10 - https:\/\/yoast.com\/wordpress\/plugins\/seo\/ -->\n<title>Dostava - Hermossa<\/title>\n<meta name=\"robots\" content=\"index, follow, max-snippet:-1, max-image-preview:large, max-video-preview:-1\" \/>\n<link rel=\"canonical\" href=\"https:\/\/hermossa.eu\/sl\/dostava-2\/\" \/>\n<meta property=\"og:locale\" content=\"sl_SI\" \/>\n<meta property=\"og:type\" content=\"article\" \/>\n<meta property=\"og:title\" content=\"Dostava - Hermossa\" \/>\n<meta property=\"og:description\" content=\"Dostava Blago se dostavlja po povzetju ali proti vnaprej\u0161njemu pla\u010dilu. Dobavni rok za dostavo blaga na zalogi je do 8 delovnih dni. \u010ce blaga ni na zalogi, vas bomo o roku dobave obvestili po va\u0161em naro\u010dilu. V kolikor se zgodi, da dolo\u010den izdelek ni dobavljiv, vam bomo vrnili denar. Kupljeno blago do poravnave celotne kupnine [&hellip;]\" \/>\n<meta property=\"og:url\" content=\"https:\/\/hermossa.eu\/sl\/dostava-2\/\" \/>\n<meta property=\"og:site_name\" content=\"Hermossa\" \/>\n<meta property=\"article:modified_time\" content=\"2019-02-10T11:33:28+00:00\" \/>\n<meta name=\"twitter:label1\" content=\"Est. reading time\" \/>\n\t<meta name=\"twitter:data1\" content=\"1 minuta\" \/>\n<script type=\"application\/ld+json\" class=\"yoast-schema-graph\">{\"@context\":\"https:\/\/schema.org\",\"@graph\":[{\"@type\":\"WebPage\",\"@id\":\"https:\/\/hermossa.eu\/sl\/dostava-2\/\",\"url\":\"https:\/\/hermossa.eu\/sl\/dostava-2\/\",\"name\":\"Dostava - Hermossa\",\"isPartOf\":{\"@id\":\"https:\/\/hermossa.eu\/#website\"},\"datePublished\":\"2019-02-10T11:32:06+00:00\",\"dateModified\":\"2019-02-10T11:33:28+00:00\",\"breadcrumb\":{\"@id\":\"https:\/\/hermossa.eu\/sl\/dostava-2\/#breadcrumb\"},\"inLanguage\":\"sl-SI\",\"potentialAction\":[{\"@type\":\"ReadAction\",\"target\":[\"https:\/\/hermossa.eu\/sl\/dostava-2\/\"]}]},{\"@type\":\"BreadcrumbList\",\"@id\":\"https:\/\/hermossa.eu\/sl\/dostava-2\/#breadcrumb\",\"itemListElement\":[{\"@type\":\"ListItem\",\"position\":1,\"name\":\"Home\",\"item\":\"https:\/\/hermossa.eu\/\"},{\"@type\":\"ListItem\",\"position\":2,\"name\":\"Dostava\"}]},{\"@type\":\"WebSite\",\"@id\":\"https:\/\/hermossa.eu\/#website\",\"url\":\"https:\/\/hermossa.eu\/\",\"name\":\"Hermossa\",\"description\":\"web store\",\"publisher\":{\"@id\":\"https:\/\/hermossa.eu\/#organization\"},\"potentialAction\":[{\"@type\":\"SearchAction\",\"target\":{\"@type\":\"EntryPoint\",\"urlTemplate\":\"https:\/\/hermossa.eu\/?s={search_term_string}\"},\"query-input\":\"required name=search_term_string\"}],\"inLanguage\":\"sl-SI\"},{\"@type\":\"Organization\",\"@id\":\"https:\/\/hermossa.eu\/#organization\",\"name\":\"Hermossa.eu\",\"url\":\"https:\/\/hermossa.eu\/\",\"logo\":{\"@type\":\"ImageObject\",\"inLanguage\":\"sl-SI\",\"@id\":\"https:\/\/hermossa.eu\/#\/schema\/logo\/image\/\",\"url\":\"https:\/\/hermossa.eu\/wp-content\/uploads\/2019\/10\/logo-h.jpg\",\"contentUrl\":\"https:\/\/hermossa.eu\/wp-content\/uploads\/2019\/10\/logo-h.jpg\",\"width\":500,\"height\":500,\"caption\":\"Hermossa.eu\"},\"image\":{\"@id\":\"https:\/\/hermossa.eu\/#\/schema\/logo\/image\/\"}}]}<\/script>\n<!-- \/ Yoast SEO plugin. -->","yoast_head_json":{"title":"Dostava - Hermossa","robots":{"index":"index","follow":"follow","max-snippet":"max-snippet:-1","max-image-preview":"max-image-preview:large","max-video-preview":"max-video-preview:-1"},"canonical":"https:\/\/hermossa.eu\/sl\/dostava-2\/","og_locale":"sl_SI","og_type":"article","og_title":"Dostava - Hermossa","og_description":"Dostava Blago se dostavlja po povzetju ali proti vnaprej\u0161njemu pla\u010dilu. Dobavni rok za dostavo blaga na zalogi je do 8 delovnih dni. \u010ce blaga ni na zalogi, vas bomo o roku dobave obvestili po va\u0161em naro\u010dilu. V kolikor se zgodi, da dolo\u010den izdelek ni dobavljiv, vam bomo vrnili denar. Kupljeno blago do poravnave celotne kupnine [&hellip;]","og_url":"https:\/\/hermossa.eu\/sl\/dostava-2\/","og_site_name":"Hermossa","article_modified_time":"2019-02-10T11:33:28+00:00","twitter_misc":{"Est. reading time":"1 minuta"},"schema":{"@context":"https:\/\/schema.org","@graph":[{"@type":"WebPage","@id":"https:\/\/hermossa.eu\/sl\/dostava-2\/","url":"https:\/\/hermossa.eu\/sl\/dostava-2\/","name":"Dostava - Hermossa","isPartOf":{"@id":"https:\/\/hermossa.eu\/#website"},"datePublished":"2019-02-10T11:32:06+00:00","dateModified":"2019-02-10T11:33:28+00:00","breadcrumb":{"@id":"https:\/\/hermossa.eu\/sl\/dostava-2\/#breadcrumb"},"inLanguage":"sl-SI","potentialAction":[{"@type":"ReadAction","target":["https:\/\/hermossa.eu\/sl\/dostava-2\/"]}]},{"@type":"BreadcrumbList","@id":"https:\/\/hermossa.eu\/sl\/dostava-2\/#breadcrumb","itemListElement":[{"@type":"ListItem","position":1,"name":"Home","item":"https:\/\/hermossa.eu\/"},{"@type":"ListItem","position":2,"name":"Dostava"}]},{"@type":"WebSite","@id":"https:\/\/hermossa.eu\/#website","url":"https:\/\/hermossa.eu\/","name":"Hermossa","description":"web store","publisher":{"@id":"https:\/\/hermossa.eu\/#organization"},"potentialAction":[{"@type":"SearchAction","target":{"@type":"EntryPoint","urlTemplate":"https:\/\/hermossa.eu\/?s={search_term_string}"},"query-input":"required name=search_term_string"}],"inLanguage":"sl-SI"},{"@type":"Organization","@id":"https:\/\/hermossa.eu\/#organization","name":"Hermossa.eu","url":"https:\/\/hermossa.eu\/","logo":{"@type":"ImageObject","inLanguage":"sl-SI","@id":"https:\/\/hermossa.eu\/#\/schema\/logo\/image\/","url":"https:\/\/hermossa.eu\/wp-content\/uploads\/2019\/10\/logo-h.jpg","contentUrl":"https:\/\/hermossa.eu\/wp-content\/uploads\/2019\/10\/logo-h.jpg","width":500,"height":500,"caption":"Hermossa.eu"},"image":{"@id":"https:\/\/hermossa.eu\/#\/schema\/logo\/image\/"}}]}},"_links":{"self":[{"href":"https:\/\/hermossa.eu\/sl\/wp-json\/wp\/v2\/pages\/4335"}],"collection":[{"href":"https:\/\/hermossa.eu\/sl\/wp-json\/wp\/v2\/pages"}],"about":[{"href":"https:\/\/hermossa.eu\/sl\/wp-json\/wp\/v2\/types\/page"}],"author":[{"embeddable":true,"href":"https:\/\/hermossa.eu\/sl\/wp-json\/wp\/v2\/users\/1"}],"replies":[{"embeddable":true,"href":"https:\/\/hermossa.eu\/sl\/wp-json\/wp\/v2\/comments?post=4335"}],"version-history":[{"count":2,"href":"https:\/\/hermossa.eu\/sl\/wp-json\/wp\/v2\/pages\/4335\/revisions"}],"predecessor-version":[{"id":4338,"href":"https:\/\/hermossa.eu\/sl\/wp-json\/wp\/v2\/pages\/4335\/revisions\/4338"}],"wp:attachment":[{"href":"https:\/\/hermossa.eu\/sl\/wp-json\/wp\/v2\/media?parent=4335"}],"curies":[{"name":"wp","href":"https:\/\/api.w.org\/{rel}","templated":true}]}}