{"id":13551,"date":"2022-11-11T10:22:09","date_gmt":"2022-11-11T10:22:09","guid":{"rendered":"https:\/\/hermossa.eu\/?post_type=product&#038;p=13551"},"modified":"2022-11-16T09:52:57","modified_gmt":"2022-11-16T09:52:57","slug":"prstan-le-corone-magnum-luxe","status":"publish","type":"product","link":"https:\/\/hermossa.eu\/sl\/izdelek\/prstan-le-corone-magnum-luxe\/","title":{"rendered":"Modni Prstan Le Corone Magnum Luxe"},"content":{"rendered":"","protected":false},"excerpt":{"rendered":"<p>Le CORONE Magnum Luxe prstan ima Srebro 925 prevlec\u030ceno z rose zlatom ter visoko kakovostni kubic\u030cni bel cirkon premera 14 mm.<\/p>\n<p>Prstan se lahko nosi kot trojni ali pa se preprosto razstavi in se sredinski prstan nosi posebej (kot model Magnum).<\/p>\n<p>\u010ce ti je silikonski obro\u010d prstana prevelik, ga je mo\u017eno nastaviti (enostavno skraj\u0161ati s \u0161karjami) ali ga zamenjati z drugo barvo silikona. V ceno sta vkljuc\u030cena dva dodatna silikonska obroc\u030ca (razli\u010dni barvi), darilna embala\u017ea. 100% narejeno v Italiji.<\/p>\n","protected":false},"featured_media":14265,"template":"","meta":[],"yoast_head":"<!-- This site is optimized with the Yoast SEO plugin v19.10 - https:\/\/yoast.com\/wordpress\/plugins\/seo\/ -->\n<title>Prstan Le Corone Magnum Luxe<\/title>\n<meta name=\"description\" content=\"Prstan se lahko nosi kot trojni ali pa se preprosto razstavi in se sredinski prstan nosi posebej (kot model Magnum).\" \/>\n<meta name=\"robots\" content=\"index, follow, max-snippet:-1, max-image-preview:large, max-video-preview:-1\" \/>\n<link rel=\"canonical\" href=\"https:\/\/hermossa.eu\/sl\/izdelek\/prstan-le-corone-magnum-luxe\/\" \/>\n<meta property=\"og:locale\" content=\"sl_SI\" \/>\n<meta property=\"og:type\" content=\"article\" \/>\n<meta property=\"og:title\" content=\"Prstan Le Corone Magnum Luxe\" \/>\n<meta property=\"og:description\" content=\"Prstan se lahko nosi kot trojni ali pa se preprosto razstavi in se sredinski prstan nosi posebej (kot model Magnum).\" \/>\n<meta property=\"og:url\" content=\"https:\/\/hermossa.eu\/sl\/izdelek\/prstan-le-corone-magnum-luxe\/\" \/>\n<meta property=\"og:site_name\" content=\"Hermossa\" \/>\n<meta property=\"article:modified_time\" content=\"2022-11-16T09:52:57+00:00\" \/>\n<meta property=\"og:image\" content=\"https:\/\/hermossa.eu\/wp-content\/uploads\/2022\/11\/Black-Friday-Clothing-Sale-Instagram-Post-copy.png\" \/>\n\t<meta property=\"og:image:width\" content=\"1080\" \/>\n\t<meta property=\"og:image:height\" content=\"1080\" \/>\n\t<meta property=\"og:image:type\" content=\"image\/png\" \/>\n<script type=\"application\/ld+json\" class=\"yoast-schema-graph\">{\"@context\":\"https:\/\/schema.org\",\"@graph\":[{\"@type\":\"WebPage\",\"@id\":\"https:\/\/hermossa.eu\/sl\/izdelek\/prstan-le-corone-magnum-luxe\/\",\"url\":\"https:\/\/hermossa.eu\/sl\/izdelek\/prstan-le-corone-magnum-luxe\/\",\"name\":\"Prstan Le Corone Magnum Luxe\",\"isPartOf\":{\"@id\":\"https:\/\/hermossa.eu\/#website\"},\"datePublished\":\"2022-11-11T10:22:09+00:00\",\"dateModified\":\"2022-11-16T09:52:57+00:00\",\"description\":\"Prstan se lahko nosi kot trojni ali pa se preprosto razstavi in se sredinski prstan nosi posebej (kot model Magnum).\",\"breadcrumb\":{\"@id\":\"https:\/\/hermossa.eu\/sl\/izdelek\/prstan-le-corone-magnum-luxe\/#breadcrumb\"},\"inLanguage\":\"sl-SI\",\"potentialAction\":[{\"@type\":\"ReadAction\",\"target\":[\"https:\/\/hermossa.eu\/sl\/izdelek\/prstan-le-corone-magnum-luxe\/\"]}]},{\"@type\":\"BreadcrumbList\",\"@id\":\"https:\/\/hermossa.eu\/sl\/izdelek\/prstan-le-corone-magnum-luxe\/#breadcrumb\",\"itemListElement\":[{\"@type\":\"ListItem\",\"position\":1,\"name\":\"Home\",\"item\":\"https:\/\/hermossa.eu\/\"},{\"@type\":\"ListItem\",\"position\":2,\"name\":\"Trgovina\",\"item\":\"https:\/\/hermossa.eu\/sl\/trgovina\/\"},{\"@type\":\"ListItem\",\"position\":3,\"name\":\"Modni Prstan Le Corone Magnum Luxe\"}]},{\"@type\":\"WebSite\",\"@id\":\"https:\/\/hermossa.eu\/#website\",\"url\":\"https:\/\/hermossa.eu\/\",\"name\":\"Hermossa\",\"description\":\"web store\",\"publisher\":{\"@id\":\"https:\/\/hermossa.eu\/#organization\"},\"potentialAction\":[{\"@type\":\"SearchAction\",\"target\":{\"@type\":\"EntryPoint\",\"urlTemplate\":\"https:\/\/hermossa.eu\/?s={search_term_string}\"},\"query-input\":\"required name=search_term_string\"}],\"inLanguage\":\"sl-SI\"},{\"@type\":\"Organization\",\"@id\":\"https:\/\/hermossa.eu\/#organization\",\"name\":\"Hermossa.eu\",\"url\":\"https:\/\/hermossa.eu\/\",\"logo\":{\"@type\":\"ImageObject\",\"inLanguage\":\"sl-SI\",\"@id\":\"https:\/\/hermossa.eu\/#\/schema\/logo\/image\/\",\"url\":\"https:\/\/hermossa.eu\/wp-content\/uploads\/2019\/10\/logo-h.jpg\",\"contentUrl\":\"https:\/\/hermossa.eu\/wp-content\/uploads\/2019\/10\/logo-h.jpg\",\"width\":500,\"height\":500,\"caption\":\"Hermossa.eu\"},\"image\":{\"@id\":\"https:\/\/hermossa.eu\/#\/schema\/logo\/image\/\"}}]}<\/script>\n<!-- \/ Yoast SEO plugin. -->","yoast_head_json":{"title":"Prstan Le Corone Magnum Luxe","description":"Prstan se lahko nosi kot trojni ali pa se preprosto razstavi in se sredinski prstan nosi posebej (kot model Magnum).","robots":{"index":"index","follow":"follow","max-snippet":"max-snippet:-1","max-image-preview":"max-image-preview:large","max-video-preview":"max-video-preview:-1"},"canonical":"https:\/\/hermossa.eu\/sl\/izdelek\/prstan-le-corone-magnum-luxe\/","og_locale":"sl_SI","og_type":"article","og_title":"Prstan Le Corone Magnum Luxe","og_description":"Prstan se lahko nosi kot trojni ali pa se preprosto razstavi in se sredinski prstan nosi posebej (kot model Magnum).","og_url":"https:\/\/hermossa.eu\/sl\/izdelek\/prstan-le-corone-magnum-luxe\/","og_site_name":"Hermossa","article_modified_time":"2022-11-16T09:52:57+00:00","og_image":[{"width":1080,"height":1080,"url":"https:\/\/hermossa.eu\/wp-content\/uploads\/2022\/11\/Black-Friday-Clothing-Sale-Instagram-Post-copy.png","type":"image\/png"}],"schema":{"@context":"https:\/\/schema.org","@graph":[{"@type":"WebPage","@id":"https:\/\/hermossa.eu\/sl\/izdelek\/prstan-le-corone-magnum-luxe\/","url":"https:\/\/hermossa.eu\/sl\/izdelek\/prstan-le-corone-magnum-luxe\/","name":"Prstan Le Corone Magnum Luxe","isPartOf":{"@id":"https:\/\/hermossa.eu\/#website"},"datePublished":"2022-11-11T10:22:09+00:00","dateModified":"2022-11-16T09:52:57+00:00","description":"Prstan se lahko nosi kot trojni ali pa se preprosto razstavi in se sredinski prstan nosi posebej (kot model Magnum).","breadcrumb":{"@id":"https:\/\/hermossa.eu\/sl\/izdelek\/prstan-le-corone-magnum-luxe\/#breadcrumb"},"inLanguage":"sl-SI","potentialAction":[{"@type":"ReadAction","target":["https:\/\/hermossa.eu\/sl\/izdelek\/prstan-le-corone-magnum-luxe\/"]}]},{"@type":"BreadcrumbList","@id":"https:\/\/hermossa.eu\/sl\/izdelek\/prstan-le-corone-magnum-luxe\/#breadcrumb","itemListElement":[{"@type":"ListItem","position":1,"name":"Home","item":"https:\/\/hermossa.eu\/"},{"@type":"ListItem","position":2,"name":"Trgovina","item":"https:\/\/hermossa.eu\/sl\/trgovina\/"},{"@type":"ListItem","position":3,"name":"Modni Prstan Le Corone Magnum Luxe"}]},{"@type":"WebSite","@id":"https:\/\/hermossa.eu\/#website","url":"https:\/\/hermossa.eu\/","name":"Hermossa","description":"web store","publisher":{"@id":"https:\/\/hermossa.eu\/#organization"},"potentialAction":[{"@type":"SearchAction","target":{"@type":"EntryPoint","urlTemplate":"https:\/\/hermossa.eu\/?s={search_term_string}"},"query-input":"required name=search_term_string"}],"inLanguage":"sl-SI"},{"@type":"Organization","@id":"https:\/\/hermossa.eu\/#organization","name":"Hermossa.eu","url":"https:\/\/hermossa.eu\/","logo":{"@type":"ImageObject","inLanguage":"sl-SI","@id":"https:\/\/hermossa.eu\/#\/schema\/logo\/image\/","url":"https:\/\/hermossa.eu\/wp-content\/uploads\/2019\/10\/logo-h.jpg","contentUrl":"https:\/\/hermossa.eu\/wp-content\/uploads\/2019\/10\/logo-h.jpg","width":500,"height":500,"caption":"Hermossa.eu"},"image":{"@id":"https:\/\/hermossa.eu\/#\/schema\/logo\/image\/"}}]}},"_links":{"self":[{"href":"https:\/\/hermossa.eu\/sl\/wp-json\/wp\/v2\/product\/13551"}],"collection":[{"href":"https:\/\/hermossa.eu\/sl\/wp-json\/wp\/v2\/product"}],"about":[{"href":"https:\/\/hermossa.eu\/sl\/wp-json\/wp\/v2\/types\/product"}],"wp:featuredmedia":[{"embeddable":true,"href":"https:\/\/hermossa.eu\/sl\/wp-json\/wp\/v2\/media\/14265"}],"wp:attachment":[{"href":"https:\/\/hermossa.eu\/sl\/wp-json\/wp\/v2\/media?parent=13551"}],"curies":[{"name":"wp","href":"https:\/\/api.w.org\/{rel}","templated":true}]}}