{"id":14519,"date":"2022-11-13T12:20:45","date_gmt":"2022-11-15T11:54:32","guid":{"rendered":"https:\/\/hermossa.eu\/?post_type=product&#038;p=14519"},"modified":"2022-11-15T11:57:52","modified_gmt":"2022-11-15T11:57:52","slug":"rose-gold-prstan-trilogy-z-modrimi-cirkon-kamni","status":"publish","type":"product","link":"https:\/\/hermossa.eu\/sl\/izdelek\/rose-gold-prstan-trilogy-z-modrimi-cirkon-kamni\/","title":{"rendered":"Rose gold prstan Trilogy z modrimi cirkon kamni"},"content":{"rendered":"<p>Prstan Trilogy je sodobna reinterpretacija klasic\u030cnega dragulja, ki v treh kronah zdruz\u030cuje tri c\u030cudovite kamne razlic\u030cnih barvnih odtenkov. Skupaj z barvnim obroc\u030cem, daje Prstan Trilogy videz modernega, unikatnega nakita, kjer 3, s\u030ctevilo popolnosti in perfekcije, postane simbol harmonije. Navdih izvira iz oc\u030carljivih benes\u030ckih palac\u030c, katerih silhuete dajejo obc\u030cutek c\u030carobnosti in razkos\u030cja.\u00a0Modni Prstan Le Corone TRILOGY &#8211; Nakup: Spletna Trgovina Hermossa<\/p>\n","protected":false},"excerpt":{"rendered":"<p>Le CORONE Modni Prstan Trilogy iz Srebra 925, prevlec\u030cenega z rose zlatom ter 3 visoko kakovostni kubic\u030cni cirkon kamni temno modre barve, premera 6 mm. Prilagodljiv silikonski obro\u010d \u2013 mo\u017eno nastaviti (enostavno skraj\u0161ati s \u0161krjami) ali ga zamenjati z drugo barvo.<\/p>\n<p>V ceno sta vkljuc\u030cena dva dodatna silikonska obroc\u030ca (razli\u010dni barvi), darilna embala\u017ea. 100% narejeno v Italiji. Nakup: Spletna Trgovina Hermossa<\/p>\n","protected":false},"featured_media":13653,"template":"","meta":[],"yoast_head":"<!-- This site is optimized with the Yoast SEO plugin v19.10 - https:\/\/yoast.com\/wordpress\/plugins\/seo\/ -->\n<title>Rose gold prstan Trilogy z modrimi cirkon kamni - Spletni nakup<\/title>\n<meta name=\"description\" content=\"V ceno sta vkljuc\u030cena dva dodatna silikonska obroc\u030ca (razli\u010dni barvi), darilna embala\u017ea. 100% narejeno v Italiji. SpletnaTrgovina Hermossa\" \/>\n<meta name=\"robots\" content=\"index, follow, max-snippet:-1, max-image-preview:large, max-video-preview:-1\" \/>\n<link rel=\"canonical\" href=\"https:\/\/hermossa.eu\/sl\/izdelek\/rose-gold-prstan-trilogy-z-modrimi-cirkon-kamni\/\" \/>\n<meta property=\"og:locale\" content=\"sl_SI\" \/>\n<meta property=\"og:type\" content=\"article\" \/>\n<meta property=\"og:title\" content=\"Rose gold prstan Trilogy z modrimi cirkon kamni - Spletni nakup\" \/>\n<meta property=\"og:description\" content=\"V ceno sta vkljuc\u030cena dva dodatna silikonska obroc\u030ca (razli\u010dni barvi), darilna embala\u017ea. 100% narejeno v Italiji. SpletnaTrgovina Hermossa\" \/>\n<meta property=\"og:url\" content=\"https:\/\/hermossa.eu\/sl\/izdelek\/rose-gold-prstan-trilogy-z-modrimi-cirkon-kamni\/\" \/>\n<meta property=\"og:site_name\" content=\"Hermossa\" \/>\n<meta property=\"article:modified_time\" content=\"2022-11-15T11:57:52+00:00\" \/>\n<meta property=\"og:image\" content=\"https:\/\/hermossa.eu\/wp-content\/uploads\/2022\/11\/79B9CB6D-DD1B-466B-9A22-FEE0016A5721-scaled.jpeg\" \/>\n\t<meta property=\"og:image:width\" content=\"1920\" \/>\n\t<meta property=\"og:image:height\" content=\"2560\" \/>\n\t<meta property=\"og:image:type\" content=\"image\/jpeg\" \/>\n<script type=\"application\/ld+json\" class=\"yoast-schema-graph\">{\"@context\":\"https:\/\/schema.org\",\"@graph\":[{\"@type\":\"WebPage\",\"@id\":\"https:\/\/hermossa.eu\/sl\/izdelek\/rose-gold-prstan-trilogy-z-modrimi-cirkon-kamni\/\",\"url\":\"https:\/\/hermossa.eu\/sl\/izdelek\/rose-gold-prstan-trilogy-z-modrimi-cirkon-kamni\/\",\"name\":\"Rose gold prstan Trilogy z modrimi cirkon kamni - Spletni nakup\",\"isPartOf\":{\"@id\":\"https:\/\/hermossa.eu\/#website\"},\"datePublished\":\"2022-11-15T11:54:32+00:00\",\"dateModified\":\"2022-11-15T11:57:52+00:00\",\"description\":\"V ceno sta vkljuc\u030cena dva dodatna silikonska obroc\u030ca (razli\u010dni barvi), darilna embala\u017ea. 100% narejeno v Italiji. SpletnaTrgovina Hermossa\",\"breadcrumb\":{\"@id\":\"https:\/\/hermossa.eu\/sl\/izdelek\/rose-gold-prstan-trilogy-z-modrimi-cirkon-kamni\/#breadcrumb\"},\"inLanguage\":\"sl-SI\",\"potentialAction\":[{\"@type\":\"ReadAction\",\"target\":[\"https:\/\/hermossa.eu\/sl\/izdelek\/rose-gold-prstan-trilogy-z-modrimi-cirkon-kamni\/\"]}]},{\"@type\":\"BreadcrumbList\",\"@id\":\"https:\/\/hermossa.eu\/sl\/izdelek\/rose-gold-prstan-trilogy-z-modrimi-cirkon-kamni\/#breadcrumb\",\"itemListElement\":[{\"@type\":\"ListItem\",\"position\":1,\"name\":\"Home\",\"item\":\"https:\/\/hermossa.eu\/\"},{\"@type\":\"ListItem\",\"position\":2,\"name\":\"Trgovina\",\"item\":\"https:\/\/hermossa.eu\/sl\/trgovina\/\"},{\"@type\":\"ListItem\",\"position\":3,\"name\":\"Rose gold prstan Trilogy z modrimi cirkon kamni\"}]},{\"@type\":\"WebSite\",\"@id\":\"https:\/\/hermossa.eu\/#website\",\"url\":\"https:\/\/hermossa.eu\/\",\"name\":\"Hermossa\",\"description\":\"web store\",\"publisher\":{\"@id\":\"https:\/\/hermossa.eu\/#organization\"},\"potentialAction\":[{\"@type\":\"SearchAction\",\"target\":{\"@type\":\"EntryPoint\",\"urlTemplate\":\"https:\/\/hermossa.eu\/?s={search_term_string}\"},\"query-input\":\"required name=search_term_string\"}],\"inLanguage\":\"sl-SI\"},{\"@type\":\"Organization\",\"@id\":\"https:\/\/hermossa.eu\/#organization\",\"name\":\"Hermossa.eu\",\"url\":\"https:\/\/hermossa.eu\/\",\"logo\":{\"@type\":\"ImageObject\",\"inLanguage\":\"sl-SI\",\"@id\":\"https:\/\/hermossa.eu\/#\/schema\/logo\/image\/\",\"url\":\"https:\/\/hermossa.eu\/wp-content\/uploads\/2019\/10\/logo-h.jpg\",\"contentUrl\":\"https:\/\/hermossa.eu\/wp-content\/uploads\/2019\/10\/logo-h.jpg\",\"width\":500,\"height\":500,\"caption\":\"Hermossa.eu\"},\"image\":{\"@id\":\"https:\/\/hermossa.eu\/#\/schema\/logo\/image\/\"}}]}<\/script>\n<!-- \/ Yoast SEO plugin. -->","yoast_head_json":{"title":"Rose gold prstan Trilogy z modrimi cirkon kamni - Spletni nakup","description":"V ceno sta vkljuc\u030cena dva dodatna silikonska obroc\u030ca (razli\u010dni barvi), darilna embala\u017ea. 100% narejeno v Italiji. SpletnaTrgovina Hermossa","robots":{"index":"index","follow":"follow","max-snippet":"max-snippet:-1","max-image-preview":"max-image-preview:large","max-video-preview":"max-video-preview:-1"},"canonical":"https:\/\/hermossa.eu\/sl\/izdelek\/rose-gold-prstan-trilogy-z-modrimi-cirkon-kamni\/","og_locale":"sl_SI","og_type":"article","og_title":"Rose gold prstan Trilogy z modrimi cirkon kamni - Spletni nakup","og_description":"V ceno sta vkljuc\u030cena dva dodatna silikonska obroc\u030ca (razli\u010dni barvi), darilna embala\u017ea. 100% narejeno v Italiji. SpletnaTrgovina Hermossa","og_url":"https:\/\/hermossa.eu\/sl\/izdelek\/rose-gold-prstan-trilogy-z-modrimi-cirkon-kamni\/","og_site_name":"Hermossa","article_modified_time":"2022-11-15T11:57:52+00:00","og_image":[{"width":1920,"height":2560,"url":"https:\/\/hermossa.eu\/wp-content\/uploads\/2022\/11\/79B9CB6D-DD1B-466B-9A22-FEE0016A5721-scaled.jpeg","type":"image\/jpeg"}],"schema":{"@context":"https:\/\/schema.org","@graph":[{"@type":"WebPage","@id":"https:\/\/hermossa.eu\/sl\/izdelek\/rose-gold-prstan-trilogy-z-modrimi-cirkon-kamni\/","url":"https:\/\/hermossa.eu\/sl\/izdelek\/rose-gold-prstan-trilogy-z-modrimi-cirkon-kamni\/","name":"Rose gold prstan Trilogy z modrimi cirkon kamni - Spletni nakup","isPartOf":{"@id":"https:\/\/hermossa.eu\/#website"},"datePublished":"2022-11-15T11:54:32+00:00","dateModified":"2022-11-15T11:57:52+00:00","description":"V ceno sta vkljuc\u030cena dva dodatna silikonska obroc\u030ca (razli\u010dni barvi), darilna embala\u017ea. 100% narejeno v Italiji. SpletnaTrgovina Hermossa","breadcrumb":{"@id":"https:\/\/hermossa.eu\/sl\/izdelek\/rose-gold-prstan-trilogy-z-modrimi-cirkon-kamni\/#breadcrumb"},"inLanguage":"sl-SI","potentialAction":[{"@type":"ReadAction","target":["https:\/\/hermossa.eu\/sl\/izdelek\/rose-gold-prstan-trilogy-z-modrimi-cirkon-kamni\/"]}]},{"@type":"BreadcrumbList","@id":"https:\/\/hermossa.eu\/sl\/izdelek\/rose-gold-prstan-trilogy-z-modrimi-cirkon-kamni\/#breadcrumb","itemListElement":[{"@type":"ListItem","position":1,"name":"Home","item":"https:\/\/hermossa.eu\/"},{"@type":"ListItem","position":2,"name":"Trgovina","item":"https:\/\/hermossa.eu\/sl\/trgovina\/"},{"@type":"ListItem","position":3,"name":"Rose gold prstan Trilogy z modrimi cirkon kamni"}]},{"@type":"WebSite","@id":"https:\/\/hermossa.eu\/#website","url":"https:\/\/hermossa.eu\/","name":"Hermossa","description":"web store","publisher":{"@id":"https:\/\/hermossa.eu\/#organization"},"potentialAction":[{"@type":"SearchAction","target":{"@type":"EntryPoint","urlTemplate":"https:\/\/hermossa.eu\/?s={search_term_string}"},"query-input":"required name=search_term_string"}],"inLanguage":"sl-SI"},{"@type":"Organization","@id":"https:\/\/hermossa.eu\/#organization","name":"Hermossa.eu","url":"https:\/\/hermossa.eu\/","logo":{"@type":"ImageObject","inLanguage":"sl-SI","@id":"https:\/\/hermossa.eu\/#\/schema\/logo\/image\/","url":"https:\/\/hermossa.eu\/wp-content\/uploads\/2019\/10\/logo-h.jpg","contentUrl":"https:\/\/hermossa.eu\/wp-content\/uploads\/2019\/10\/logo-h.jpg","width":500,"height":500,"caption":"Hermossa.eu"},"image":{"@id":"https:\/\/hermossa.eu\/#\/schema\/logo\/image\/"}}]}},"_links":{"self":[{"href":"https:\/\/hermossa.eu\/sl\/wp-json\/wp\/v2\/product\/14519"}],"collection":[{"href":"https:\/\/hermossa.eu\/sl\/wp-json\/wp\/v2\/product"}],"about":[{"href":"https:\/\/hermossa.eu\/sl\/wp-json\/wp\/v2\/types\/product"}],"wp:featuredmedia":[{"embeddable":true,"href":"https:\/\/hermossa.eu\/sl\/wp-json\/wp\/v2\/media\/13653"}],"wp:attachment":[{"href":"https:\/\/hermossa.eu\/sl\/wp-json\/wp\/v2\/media?parent=14519"}],"curies":[{"name":"wp","href":"https:\/\/api.w.org\/{rel}","templated":true}]}}