{"id":14526,"date":"2022-11-12T21:37:24","date_gmt":"2022-11-12T21:37:24","guid":{"rendered":"https:\/\/hermossa.eu\/product\/fashion-sterling-silver-ring-white-and-pink-cz-stones\/"},"modified":"2022-11-15T12:14:21","modified_gmt":"2022-11-15T12:14:21","slug":"le-corone-modni-prstan-srebrno-925","status":"publish","type":"product","link":"https:\/\/hermossa.eu\/sl\/izdelek\/le-corone-modni-prstan-srebrno-925\/","title":{"rendered":"Le CORONE Modni Prstan iz Srebra 925"},"content":{"rendered":"","protected":false},"excerpt":{"rendered":"<p>Le CORONE Modni Prstan iz Srebra 925, prevlec\u030cenega z rodijem; 3 visoko kakovostni kubic\u030cni cirkon kamni v roza barvi, premera 6 mm ter prstan z majhnimi belimi kubic\u030cnimi cirkon kamni. Prstan se lahko nosi kot trojni ali pa se razstavi in se nosi vsak prstan posebej.<\/p>\n<p>Prilagodljiv silikonski obro\u010d \u2013 mo\u017eno nastaviti (enostavno skraj\u0161ati s \u0161karjami) ali ga zamenjati z drugo barvo.<\/p>\n<p>V ceno sta vkljuc\u030cena dva dodatna silikonska obroc\u030ca (razli\u010dni barvi), darilna embala\u017ea. 100% narejeno v Italiji.<\/p>\n<p>&nbsp;<\/p>\n","protected":false},"featured_media":13791,"template":"","meta":[],"yoast_head":"<!-- This site is optimized with the Yoast SEO plugin v19.10 - https:\/\/yoast.com\/wordpress\/plugins\/seo\/ -->\n<title>Le CORONE Modni Prstan iz Srebra 925<\/title>\n<meta name=\"description\" content=\"Prstan se lahko nosi kot trojni ali pa se razstavi in se nosi vsak prstan posebej.\u00a0Prilagodljiv silikonski obro\u010d.\" \/>\n<meta name=\"robots\" content=\"index, follow, max-snippet:-1, max-image-preview:large, max-video-preview:-1\" \/>\n<link rel=\"canonical\" href=\"https:\/\/hermossa.eu\/sl\/izdelek\/le-corone-modni-prstan-srebrno-925\/\" \/>\n<meta property=\"og:locale\" content=\"sl_SI\" \/>\n<meta property=\"og:type\" content=\"article\" \/>\n<meta property=\"og:title\" content=\"Le CORONE Modni Prstan iz Srebra 925\" \/>\n<meta property=\"og:description\" content=\"Prstan se lahko nosi kot trojni ali pa se razstavi in se nosi vsak prstan posebej.\u00a0Prilagodljiv silikonski obro\u010d.\" \/>\n<meta property=\"og:url\" content=\"https:\/\/hermossa.eu\/sl\/izdelek\/le-corone-modni-prstan-srebrno-925\/\" \/>\n<meta property=\"og:site_name\" content=\"Hermossa\" \/>\n<meta property=\"article:modified_time\" content=\"2022-11-15T12:14:21+00:00\" \/>\n<meta property=\"og:image\" content=\"https:\/\/hermossa.eu\/wp-content\/uploads\/2022\/11\/2996EE2E-E2C0-4A98-B95E-91A4EDB94364.jpeg\" \/>\n\t<meta property=\"og:image:width\" content=\"1536\" \/>\n\t<meta property=\"og:image:height\" content=\"2048\" \/>\n\t<meta property=\"og:image:type\" content=\"image\/jpeg\" \/>\n<script type=\"application\/ld+json\" class=\"yoast-schema-graph\">{\"@context\":\"https:\/\/schema.org\",\"@graph\":[{\"@type\":\"WebPage\",\"@id\":\"https:\/\/hermossa.eu\/sl\/izdelek\/le-corone-modni-prstan-srebrno-925\/\",\"url\":\"https:\/\/hermossa.eu\/sl\/izdelek\/le-corone-modni-prstan-srebrno-925\/\",\"name\":\"Le CORONE Modni Prstan iz Srebra 925\",\"isPartOf\":{\"@id\":\"https:\/\/hermossa.eu\/#website\"},\"datePublished\":\"2022-11-12T21:37:24+00:00\",\"dateModified\":\"2022-11-15T12:14:21+00:00\",\"description\":\"Prstan se lahko nosi kot trojni ali pa se razstavi in se nosi vsak prstan posebej.\u00a0Prilagodljiv silikonski obro\u010d.\",\"breadcrumb\":{\"@id\":\"https:\/\/hermossa.eu\/sl\/izdelek\/le-corone-modni-prstan-srebrno-925\/#breadcrumb\"},\"inLanguage\":\"sl-SI\",\"potentialAction\":[{\"@type\":\"ReadAction\",\"target\":[\"https:\/\/hermossa.eu\/sl\/izdelek\/le-corone-modni-prstan-srebrno-925\/\"]}]},{\"@type\":\"BreadcrumbList\",\"@id\":\"https:\/\/hermossa.eu\/sl\/izdelek\/le-corone-modni-prstan-srebrno-925\/#breadcrumb\",\"itemListElement\":[{\"@type\":\"ListItem\",\"position\":1,\"name\":\"Home\",\"item\":\"https:\/\/hermossa.eu\/\"},{\"@type\":\"ListItem\",\"position\":2,\"name\":\"Trgovina\",\"item\":\"https:\/\/hermossa.eu\/sl\/trgovina\/\"},{\"@type\":\"ListItem\",\"position\":3,\"name\":\"Le CORONE Modni Prstan iz Srebra 925\"}]},{\"@type\":\"WebSite\",\"@id\":\"https:\/\/hermossa.eu\/#website\",\"url\":\"https:\/\/hermossa.eu\/\",\"name\":\"Hermossa\",\"description\":\"web store\",\"publisher\":{\"@id\":\"https:\/\/hermossa.eu\/#organization\"},\"potentialAction\":[{\"@type\":\"SearchAction\",\"target\":{\"@type\":\"EntryPoint\",\"urlTemplate\":\"https:\/\/hermossa.eu\/?s={search_term_string}\"},\"query-input\":\"required name=search_term_string\"}],\"inLanguage\":\"sl-SI\"},{\"@type\":\"Organization\",\"@id\":\"https:\/\/hermossa.eu\/#organization\",\"name\":\"Hermossa.eu\",\"url\":\"https:\/\/hermossa.eu\/\",\"logo\":{\"@type\":\"ImageObject\",\"inLanguage\":\"sl-SI\",\"@id\":\"https:\/\/hermossa.eu\/#\/schema\/logo\/image\/\",\"url\":\"https:\/\/hermossa.eu\/wp-content\/uploads\/2019\/10\/logo-h.jpg\",\"contentUrl\":\"https:\/\/hermossa.eu\/wp-content\/uploads\/2019\/10\/logo-h.jpg\",\"width\":500,\"height\":500,\"caption\":\"Hermossa.eu\"},\"image\":{\"@id\":\"https:\/\/hermossa.eu\/#\/schema\/logo\/image\/\"}}]}<\/script>\n<!-- \/ Yoast SEO plugin. -->","yoast_head_json":{"title":"Le CORONE Modni Prstan iz Srebra 925","description":"Prstan se lahko nosi kot trojni ali pa se razstavi in se nosi vsak prstan posebej.\u00a0Prilagodljiv silikonski obro\u010d.","robots":{"index":"index","follow":"follow","max-snippet":"max-snippet:-1","max-image-preview":"max-image-preview:large","max-video-preview":"max-video-preview:-1"},"canonical":"https:\/\/hermossa.eu\/sl\/izdelek\/le-corone-modni-prstan-srebrno-925\/","og_locale":"sl_SI","og_type":"article","og_title":"Le CORONE Modni Prstan iz Srebra 925","og_description":"Prstan se lahko nosi kot trojni ali pa se razstavi in se nosi vsak prstan posebej.\u00a0Prilagodljiv silikonski obro\u010d.","og_url":"https:\/\/hermossa.eu\/sl\/izdelek\/le-corone-modni-prstan-srebrno-925\/","og_site_name":"Hermossa","article_modified_time":"2022-11-15T12:14:21+00:00","og_image":[{"width":1536,"height":2048,"url":"https:\/\/hermossa.eu\/wp-content\/uploads\/2022\/11\/2996EE2E-E2C0-4A98-B95E-91A4EDB94364.jpeg","type":"image\/jpeg"}],"schema":{"@context":"https:\/\/schema.org","@graph":[{"@type":"WebPage","@id":"https:\/\/hermossa.eu\/sl\/izdelek\/le-corone-modni-prstan-srebrno-925\/","url":"https:\/\/hermossa.eu\/sl\/izdelek\/le-corone-modni-prstan-srebrno-925\/","name":"Le CORONE Modni Prstan iz Srebra 925","isPartOf":{"@id":"https:\/\/hermossa.eu\/#website"},"datePublished":"2022-11-12T21:37:24+00:00","dateModified":"2022-11-15T12:14:21+00:00","description":"Prstan se lahko nosi kot trojni ali pa se razstavi in se nosi vsak prstan posebej.\u00a0Prilagodljiv silikonski obro\u010d.","breadcrumb":{"@id":"https:\/\/hermossa.eu\/sl\/izdelek\/le-corone-modni-prstan-srebrno-925\/#breadcrumb"},"inLanguage":"sl-SI","potentialAction":[{"@type":"ReadAction","target":["https:\/\/hermossa.eu\/sl\/izdelek\/le-corone-modni-prstan-srebrno-925\/"]}]},{"@type":"BreadcrumbList","@id":"https:\/\/hermossa.eu\/sl\/izdelek\/le-corone-modni-prstan-srebrno-925\/#breadcrumb","itemListElement":[{"@type":"ListItem","position":1,"name":"Home","item":"https:\/\/hermossa.eu\/"},{"@type":"ListItem","position":2,"name":"Trgovina","item":"https:\/\/hermossa.eu\/sl\/trgovina\/"},{"@type":"ListItem","position":3,"name":"Le CORONE Modni Prstan iz Srebra 925"}]},{"@type":"WebSite","@id":"https:\/\/hermossa.eu\/#website","url":"https:\/\/hermossa.eu\/","name":"Hermossa","description":"web store","publisher":{"@id":"https:\/\/hermossa.eu\/#organization"},"potentialAction":[{"@type":"SearchAction","target":{"@type":"EntryPoint","urlTemplate":"https:\/\/hermossa.eu\/?s={search_term_string}"},"query-input":"required name=search_term_string"}],"inLanguage":"sl-SI"},{"@type":"Organization","@id":"https:\/\/hermossa.eu\/#organization","name":"Hermossa.eu","url":"https:\/\/hermossa.eu\/","logo":{"@type":"ImageObject","inLanguage":"sl-SI","@id":"https:\/\/hermossa.eu\/#\/schema\/logo\/image\/","url":"https:\/\/hermossa.eu\/wp-content\/uploads\/2019\/10\/logo-h.jpg","contentUrl":"https:\/\/hermossa.eu\/wp-content\/uploads\/2019\/10\/logo-h.jpg","width":500,"height":500,"caption":"Hermossa.eu"},"image":{"@id":"https:\/\/hermossa.eu\/#\/schema\/logo\/image\/"}}]}},"_links":{"self":[{"href":"https:\/\/hermossa.eu\/sl\/wp-json\/wp\/v2\/product\/14526"}],"collection":[{"href":"https:\/\/hermossa.eu\/sl\/wp-json\/wp\/v2\/product"}],"about":[{"href":"https:\/\/hermossa.eu\/sl\/wp-json\/wp\/v2\/types\/product"}],"wp:featuredmedia":[{"embeddable":true,"href":"https:\/\/hermossa.eu\/sl\/wp-json\/wp\/v2\/media\/13791"}],"wp:attachment":[{"href":"https:\/\/hermossa.eu\/sl\/wp-json\/wp\/v2\/media?parent=14526"}],"curies":[{"name":"wp","href":"https:\/\/api.w.org\/{rel}","templated":true}]}}