{"id":14607,"date":"2022-11-13T11:08:10","date_gmt":"2022-11-13T11:08:10","guid":{"rendered":"https:\/\/hermossa.eu\/product\/custom-ring-for-women\/"},"modified":"2022-11-16T11:26:05","modified_gmt":"2022-11-16T11:26:05","slug":"le-corone-iconic-trojni-prstan","status":"publish","type":"product","link":"https:\/\/hermossa.eu\/sl\/izdelek\/le-corone-iconic-trojni-prstan\/","title":{"rendered":"Le Corone Iconic Trojni Prstan"},"content":{"rendered":"","protected":false},"excerpt":{"rendered":"<p>Le CORONE Prstan iz Srebra 925, prevlec\u030cenega z rodijem; Ob strani so kubic\u030cni cirkon kamni v beli barvi (model Trilogy) ter viola prstan (model Mini) premera 6 mm; sredinski prstan z majhnimi belimi kubic\u030cni cirkon kamni (model Forever)<\/p>\n<p>Prstan se lahko nosi kot trojni ali pa se preprosto razstavi in se nosi vsak prstan posebej (kot model Trilogy, Mini in Forever).<\/p>\n<p>\u010ce ti je silikonski obro\u010d prstana prevelik, ga je mo\u017eno nastaviti (enostavno skraj\u0161ati s \u0161karjami) ali ga zamenjati z drugo barvo silikona.<\/p>\n<p>V ceno sta vkljuc\u030cena dva dodatna silikonska obroc\u030ca (razli\u010dni barvi), darilna embala\u017ea, certifikat. 100% narejeno v Italiji.<\/p>\n","protected":false},"featured_media":14302,"template":"","meta":[],"yoast_head":"<!-- This site is optimized with the Yoast SEO plugin v19.10 - https:\/\/yoast.com\/wordpress\/plugins\/seo\/ -->\n<title>Le Corone Iconic Trojni Prstan - Ideja za bo\u017ei\u010dno darilo<\/title>\n<meta name=\"description\" content=\"Ob strani so cirkon kamni v beli barvi (Trilogy); viola prstan ( Mini) premera 6 mm; sredinski prstan z majhnimi belimi cirkon\u010dki (Forever).\" \/>\n<meta name=\"robots\" content=\"index, follow, max-snippet:-1, max-image-preview:large, max-video-preview:-1\" \/>\n<link rel=\"canonical\" href=\"https:\/\/hermossa.eu\/sl\/izdelek\/le-corone-iconic-trojni-prstan\/\" \/>\n<meta property=\"og:locale\" content=\"sl_SI\" \/>\n<meta property=\"og:type\" content=\"article\" \/>\n<meta property=\"og:title\" content=\"Le Corone Iconic Trojni Prstan - Ideja za bo\u017ei\u010dno darilo\" \/>\n<meta property=\"og:description\" content=\"Ob strani so cirkon kamni v beli barvi (Trilogy); viola prstan ( Mini) premera 6 mm; sredinski prstan z majhnimi belimi cirkon\u010dki (Forever).\" \/>\n<meta property=\"og:url\" content=\"https:\/\/hermossa.eu\/sl\/izdelek\/le-corone-iconic-trojni-prstan\/\" \/>\n<meta property=\"og:site_name\" content=\"Hermossa\" \/>\n<meta property=\"article:modified_time\" content=\"2022-11-16T11:26:05+00:00\" \/>\n<meta property=\"og:image\" content=\"https:\/\/hermossa.eu\/wp-content\/uploads\/2022\/11\/A9F8A54B-5602-424E-8813-81C9A7934B0D-scaled.jpeg\" \/>\n\t<meta property=\"og:image:width\" content=\"1579\" \/>\n\t<meta property=\"og:image:height\" content=\"2560\" \/>\n\t<meta property=\"og:image:type\" content=\"image\/jpeg\" \/>\n<script type=\"application\/ld+json\" class=\"yoast-schema-graph\">{\"@context\":\"https:\/\/schema.org\",\"@graph\":[{\"@type\":\"WebPage\",\"@id\":\"https:\/\/hermossa.eu\/sl\/izdelek\/le-corone-iconic-trojni-prstan\/\",\"url\":\"https:\/\/hermossa.eu\/sl\/izdelek\/le-corone-iconic-trojni-prstan\/\",\"name\":\"Le Corone Iconic Trojni Prstan - Ideja za bo\u017ei\u010dno darilo\",\"isPartOf\":{\"@id\":\"https:\/\/hermossa.eu\/#website\"},\"datePublished\":\"2022-11-13T11:08:10+00:00\",\"dateModified\":\"2022-11-16T11:26:05+00:00\",\"description\":\"Ob strani so cirkon kamni v beli barvi (Trilogy); viola prstan ( Mini) premera 6 mm; sredinski prstan z majhnimi belimi cirkon\u010dki (Forever).\",\"breadcrumb\":{\"@id\":\"https:\/\/hermossa.eu\/sl\/izdelek\/le-corone-iconic-trojni-prstan\/#breadcrumb\"},\"inLanguage\":\"sl-SI\",\"potentialAction\":[{\"@type\":\"ReadAction\",\"target\":[\"https:\/\/hermossa.eu\/sl\/izdelek\/le-corone-iconic-trojni-prstan\/\"]}]},{\"@type\":\"BreadcrumbList\",\"@id\":\"https:\/\/hermossa.eu\/sl\/izdelek\/le-corone-iconic-trojni-prstan\/#breadcrumb\",\"itemListElement\":[{\"@type\":\"ListItem\",\"position\":1,\"name\":\"Home\",\"item\":\"https:\/\/hermossa.eu\/\"},{\"@type\":\"ListItem\",\"position\":2,\"name\":\"Trgovina\",\"item\":\"https:\/\/hermossa.eu\/sl\/trgovina\/\"},{\"@type\":\"ListItem\",\"position\":3,\"name\":\"Le Corone Iconic Trojni Prstan\"}]},{\"@type\":\"WebSite\",\"@id\":\"https:\/\/hermossa.eu\/#website\",\"url\":\"https:\/\/hermossa.eu\/\",\"name\":\"Hermossa\",\"description\":\"web store\",\"publisher\":{\"@id\":\"https:\/\/hermossa.eu\/#organization\"},\"potentialAction\":[{\"@type\":\"SearchAction\",\"target\":{\"@type\":\"EntryPoint\",\"urlTemplate\":\"https:\/\/hermossa.eu\/?s={search_term_string}\"},\"query-input\":\"required name=search_term_string\"}],\"inLanguage\":\"sl-SI\"},{\"@type\":\"Organization\",\"@id\":\"https:\/\/hermossa.eu\/#organization\",\"name\":\"Hermossa.eu\",\"url\":\"https:\/\/hermossa.eu\/\",\"logo\":{\"@type\":\"ImageObject\",\"inLanguage\":\"sl-SI\",\"@id\":\"https:\/\/hermossa.eu\/#\/schema\/logo\/image\/\",\"url\":\"https:\/\/hermossa.eu\/wp-content\/uploads\/2019\/10\/logo-h.jpg\",\"contentUrl\":\"https:\/\/hermossa.eu\/wp-content\/uploads\/2019\/10\/logo-h.jpg\",\"width\":500,\"height\":500,\"caption\":\"Hermossa.eu\"},\"image\":{\"@id\":\"https:\/\/hermossa.eu\/#\/schema\/logo\/image\/\"}}]}<\/script>\n<!-- \/ Yoast SEO plugin. -->","yoast_head_json":{"title":"Le Corone Iconic Trojni Prstan - Ideja za bo\u017ei\u010dno darilo","description":"Ob strani so cirkon kamni v beli barvi (Trilogy); viola prstan ( Mini) premera 6 mm; sredinski prstan z majhnimi belimi cirkon\u010dki (Forever).","robots":{"index":"index","follow":"follow","max-snippet":"max-snippet:-1","max-image-preview":"max-image-preview:large","max-video-preview":"max-video-preview:-1"},"canonical":"https:\/\/hermossa.eu\/sl\/izdelek\/le-corone-iconic-trojni-prstan\/","og_locale":"sl_SI","og_type":"article","og_title":"Le Corone Iconic Trojni Prstan - Ideja za bo\u017ei\u010dno darilo","og_description":"Ob strani so cirkon kamni v beli barvi (Trilogy); viola prstan ( Mini) premera 6 mm; sredinski prstan z majhnimi belimi cirkon\u010dki (Forever).","og_url":"https:\/\/hermossa.eu\/sl\/izdelek\/le-corone-iconic-trojni-prstan\/","og_site_name":"Hermossa","article_modified_time":"2022-11-16T11:26:05+00:00","og_image":[{"width":1579,"height":2560,"url":"https:\/\/hermossa.eu\/wp-content\/uploads\/2022\/11\/A9F8A54B-5602-424E-8813-81C9A7934B0D-scaled.jpeg","type":"image\/jpeg"}],"schema":{"@context":"https:\/\/schema.org","@graph":[{"@type":"WebPage","@id":"https:\/\/hermossa.eu\/sl\/izdelek\/le-corone-iconic-trojni-prstan\/","url":"https:\/\/hermossa.eu\/sl\/izdelek\/le-corone-iconic-trojni-prstan\/","name":"Le Corone Iconic Trojni Prstan - Ideja za bo\u017ei\u010dno darilo","isPartOf":{"@id":"https:\/\/hermossa.eu\/#website"},"datePublished":"2022-11-13T11:08:10+00:00","dateModified":"2022-11-16T11:26:05+00:00","description":"Ob strani so cirkon kamni v beli barvi (Trilogy); viola prstan ( Mini) premera 6 mm; sredinski prstan z majhnimi belimi cirkon\u010dki (Forever).","breadcrumb":{"@id":"https:\/\/hermossa.eu\/sl\/izdelek\/le-corone-iconic-trojni-prstan\/#breadcrumb"},"inLanguage":"sl-SI","potentialAction":[{"@type":"ReadAction","target":["https:\/\/hermossa.eu\/sl\/izdelek\/le-corone-iconic-trojni-prstan\/"]}]},{"@type":"BreadcrumbList","@id":"https:\/\/hermossa.eu\/sl\/izdelek\/le-corone-iconic-trojni-prstan\/#breadcrumb","itemListElement":[{"@type":"ListItem","position":1,"name":"Home","item":"https:\/\/hermossa.eu\/"},{"@type":"ListItem","position":2,"name":"Trgovina","item":"https:\/\/hermossa.eu\/sl\/trgovina\/"},{"@type":"ListItem","position":3,"name":"Le Corone Iconic Trojni Prstan"}]},{"@type":"WebSite","@id":"https:\/\/hermossa.eu\/#website","url":"https:\/\/hermossa.eu\/","name":"Hermossa","description":"web store","publisher":{"@id":"https:\/\/hermossa.eu\/#organization"},"potentialAction":[{"@type":"SearchAction","target":{"@type":"EntryPoint","urlTemplate":"https:\/\/hermossa.eu\/?s={search_term_string}"},"query-input":"required name=search_term_string"}],"inLanguage":"sl-SI"},{"@type":"Organization","@id":"https:\/\/hermossa.eu\/#organization","name":"Hermossa.eu","url":"https:\/\/hermossa.eu\/","logo":{"@type":"ImageObject","inLanguage":"sl-SI","@id":"https:\/\/hermossa.eu\/#\/schema\/logo\/image\/","url":"https:\/\/hermossa.eu\/wp-content\/uploads\/2019\/10\/logo-h.jpg","contentUrl":"https:\/\/hermossa.eu\/wp-content\/uploads\/2019\/10\/logo-h.jpg","width":500,"height":500,"caption":"Hermossa.eu"},"image":{"@id":"https:\/\/hermossa.eu\/#\/schema\/logo\/image\/"}}]}},"_links":{"self":[{"href":"https:\/\/hermossa.eu\/sl\/wp-json\/wp\/v2\/product\/14607"}],"collection":[{"href":"https:\/\/hermossa.eu\/sl\/wp-json\/wp\/v2\/product"}],"about":[{"href":"https:\/\/hermossa.eu\/sl\/wp-json\/wp\/v2\/types\/product"}],"wp:featuredmedia":[{"embeddable":true,"href":"https:\/\/hermossa.eu\/sl\/wp-json\/wp\/v2\/media\/14302"}],"wp:attachment":[{"href":"https:\/\/hermossa.eu\/sl\/wp-json\/wp\/v2\/media?parent=14607"}],"curies":[{"name":"wp","href":"https:\/\/api.w.org\/{rel}","templated":true}]}}