{"id":14783,"date":"2017-04-05T12:24:32","date_gmt":"2017-04-05T12:24:32","guid":{"rendered":"https:\/\/hermossa.eu\/product\/le-corone-ring-trilogy-champagne\/"},"modified":"2022-11-18T15:59:30","modified_gmt":"2022-11-18T15:59:30","slug":"prstan-trilogy-sampanjec-cirkon-kamni","status":"publish","type":"product","link":"https:\/\/hermossa.eu\/sl\/izdelek\/prstan-trilogy-sampanjec-cirkon-kamni\/","title":{"rendered":"Prstan Trilogy, \u0161ampanjec cirkon kamni, rose gold"},"content":{"rendered":"<p><span>Prstan Trilogy je sodobna reinterpretacija klasic\u030cnega dragulja, ki v treh kronah zdruz\u030cuje tri c\u030cudovite kamne razlic\u030cnih barvnih odtenkov. Skupaj z barvnim obroc\u030cem, daje Prstan Trilogy videz modernega, unikatnega nakita, kjer 3, s\u030ctevilo popolnosti in perfekcije, postane simbol harmonije. Navdih izvira iz oc\u030carljivih benes\u030ckih palac\u030c, katerih silhuete dajejo obc\u030cutek c\u030carobnosti in razkos\u030cja.\u00a0Modni Prstan Le Corone TRILOGY \u2013 Nakup: Spletna Trgovina Hermossa<\/span><\/p>\n","protected":false},"excerpt":{"rendered":"<p><span>Le CORONE Modni Prstan Trilogy iz Srebra 925, prevlec\u030cenega z rose zlatom ter 3 visoko kakovostni kubic\u030cni cirkon kamni \u0161ampanjec barve, premera 6 mm. Prilagodljiv silikonski obro\u010d \u2013 mo\u017eno nastaviti (enostavno skraj\u0161ati s \u0161krjami) ali ga zamenjati z drugo barvo. <\/span><\/p>\n<p><span>V ceno sta vkljuc\u030cena dva dodatna silikonska obroc\u030ca, darilna embala\u017ea. 100% narejeno v Italiji.<\/span><\/p>\n","protected":false},"featured_media":9683,"template":"","meta":[],"yoast_head":"<!-- This site is optimized with the Yoast SEO plugin v19.10 - https:\/\/yoast.com\/wordpress\/plugins\/seo\/ -->\n<title>Prstan Trilogy, \u0161ampanjec cirkon kamni, rose gold<\/title>\n<meta name=\"description\" content=\"Prilagodljiv silikonski obro\u010d je mo\u017eno enostavno skraj\u0161ati s \u0161karjami ali zamenjati z drugo barvo (dodatni silikoni vklju\u010deni v ceni).\" \/>\n<meta name=\"robots\" content=\"index, follow, max-snippet:-1, max-image-preview:large, max-video-preview:-1\" \/>\n<link rel=\"canonical\" href=\"https:\/\/hermossa.eu\/sl\/izdelek\/prstan-trilogy-sampanjec-cirkon-kamni\/\" \/>\n<meta property=\"og:locale\" content=\"sl_SI\" \/>\n<meta property=\"og:type\" content=\"article\" \/>\n<meta property=\"og:title\" content=\"Prstan Trilogy, \u0161ampanjec cirkon kamni, rose gold\" \/>\n<meta property=\"og:description\" content=\"Prilagodljiv silikonski obro\u010d je mo\u017eno enostavno skraj\u0161ati s \u0161karjami ali zamenjati z drugo barvo (dodatni silikoni vklju\u010deni v ceni).\" \/>\n<meta property=\"og:url\" content=\"https:\/\/hermossa.eu\/sl\/izdelek\/prstan-trilogy-sampanjec-cirkon-kamni\/\" \/>\n<meta property=\"og:site_name\" content=\"Hermossa\" \/>\n<meta property=\"article:modified_time\" content=\"2022-11-18T15:59:30+00:00\" \/>\n<meta property=\"og:image\" content=\"https:\/\/hermossa.eu\/wp-content\/uploads\/2017\/04\/ANTRI0222222222-RRR.jpg\" \/>\n\t<meta property=\"og:image:width\" content=\"400\" \/>\n\t<meta property=\"og:image:height\" content=\"500\" \/>\n\t<meta property=\"og:image:type\" content=\"image\/jpeg\" \/>\n<script type=\"application\/ld+json\" class=\"yoast-schema-graph\">{\"@context\":\"https:\/\/schema.org\",\"@graph\":[{\"@type\":\"WebPage\",\"@id\":\"https:\/\/hermossa.eu\/sl\/izdelek\/prstan-trilogy-sampanjec-cirkon-kamni\/\",\"url\":\"https:\/\/hermossa.eu\/sl\/izdelek\/prstan-trilogy-sampanjec-cirkon-kamni\/\",\"name\":\"Prstan Trilogy, \u0161ampanjec cirkon kamni, rose gold\",\"isPartOf\":{\"@id\":\"https:\/\/hermossa.eu\/#website\"},\"datePublished\":\"2017-04-05T12:24:32+00:00\",\"dateModified\":\"2022-11-18T15:59:30+00:00\",\"description\":\"Prilagodljiv silikonski obro\u010d je mo\u017eno enostavno skraj\u0161ati s \u0161karjami ali zamenjati z drugo barvo (dodatni silikoni vklju\u010deni v ceni).\",\"breadcrumb\":{\"@id\":\"https:\/\/hermossa.eu\/sl\/izdelek\/prstan-trilogy-sampanjec-cirkon-kamni\/#breadcrumb\"},\"inLanguage\":\"sl-SI\",\"potentialAction\":[{\"@type\":\"ReadAction\",\"target\":[\"https:\/\/hermossa.eu\/sl\/izdelek\/prstan-trilogy-sampanjec-cirkon-kamni\/\"]}]},{\"@type\":\"BreadcrumbList\",\"@id\":\"https:\/\/hermossa.eu\/sl\/izdelek\/prstan-trilogy-sampanjec-cirkon-kamni\/#breadcrumb\",\"itemListElement\":[{\"@type\":\"ListItem\",\"position\":1,\"name\":\"Home\",\"item\":\"https:\/\/hermossa.eu\/\"},{\"@type\":\"ListItem\",\"position\":2,\"name\":\"Trgovina\",\"item\":\"https:\/\/hermossa.eu\/sl\/trgovina\/\"},{\"@type\":\"ListItem\",\"position\":3,\"name\":\"Prstan Trilogy, \u0161ampanjec cirkon kamni, rose gold\"}]},{\"@type\":\"WebSite\",\"@id\":\"https:\/\/hermossa.eu\/#website\",\"url\":\"https:\/\/hermossa.eu\/\",\"name\":\"Hermossa\",\"description\":\"web store\",\"publisher\":{\"@id\":\"https:\/\/hermossa.eu\/#organization\"},\"potentialAction\":[{\"@type\":\"SearchAction\",\"target\":{\"@type\":\"EntryPoint\",\"urlTemplate\":\"https:\/\/hermossa.eu\/?s={search_term_string}\"},\"query-input\":\"required name=search_term_string\"}],\"inLanguage\":\"sl-SI\"},{\"@type\":\"Organization\",\"@id\":\"https:\/\/hermossa.eu\/#organization\",\"name\":\"Hermossa.eu\",\"url\":\"https:\/\/hermossa.eu\/\",\"logo\":{\"@type\":\"ImageObject\",\"inLanguage\":\"sl-SI\",\"@id\":\"https:\/\/hermossa.eu\/#\/schema\/logo\/image\/\",\"url\":\"https:\/\/hermossa.eu\/wp-content\/uploads\/2019\/10\/logo-h.jpg\",\"contentUrl\":\"https:\/\/hermossa.eu\/wp-content\/uploads\/2019\/10\/logo-h.jpg\",\"width\":500,\"height\":500,\"caption\":\"Hermossa.eu\"},\"image\":{\"@id\":\"https:\/\/hermossa.eu\/#\/schema\/logo\/image\/\"}}]}<\/script>\n<!-- \/ Yoast SEO plugin. -->","yoast_head_json":{"title":"Prstan Trilogy, \u0161ampanjec cirkon kamni, rose gold","description":"Prilagodljiv silikonski obro\u010d je mo\u017eno enostavno skraj\u0161ati s \u0161karjami ali zamenjati z drugo barvo (dodatni silikoni vklju\u010deni v ceni).","robots":{"index":"index","follow":"follow","max-snippet":"max-snippet:-1","max-image-preview":"max-image-preview:large","max-video-preview":"max-video-preview:-1"},"canonical":"https:\/\/hermossa.eu\/sl\/izdelek\/prstan-trilogy-sampanjec-cirkon-kamni\/","og_locale":"sl_SI","og_type":"article","og_title":"Prstan Trilogy, \u0161ampanjec cirkon kamni, rose gold","og_description":"Prilagodljiv silikonski obro\u010d je mo\u017eno enostavno skraj\u0161ati s \u0161karjami ali zamenjati z drugo barvo (dodatni silikoni vklju\u010deni v ceni).","og_url":"https:\/\/hermossa.eu\/sl\/izdelek\/prstan-trilogy-sampanjec-cirkon-kamni\/","og_site_name":"Hermossa","article_modified_time":"2022-11-18T15:59:30+00:00","og_image":[{"width":400,"height":500,"url":"https:\/\/hermossa.eu\/wp-content\/uploads\/2017\/04\/ANTRI0222222222-RRR.jpg","type":"image\/jpeg"}],"schema":{"@context":"https:\/\/schema.org","@graph":[{"@type":"WebPage","@id":"https:\/\/hermossa.eu\/sl\/izdelek\/prstan-trilogy-sampanjec-cirkon-kamni\/","url":"https:\/\/hermossa.eu\/sl\/izdelek\/prstan-trilogy-sampanjec-cirkon-kamni\/","name":"Prstan Trilogy, \u0161ampanjec cirkon kamni, rose gold","isPartOf":{"@id":"https:\/\/hermossa.eu\/#website"},"datePublished":"2017-04-05T12:24:32+00:00","dateModified":"2022-11-18T15:59:30+00:00","description":"Prilagodljiv silikonski obro\u010d je mo\u017eno enostavno skraj\u0161ati s \u0161karjami ali zamenjati z drugo barvo (dodatni silikoni vklju\u010deni v ceni).","breadcrumb":{"@id":"https:\/\/hermossa.eu\/sl\/izdelek\/prstan-trilogy-sampanjec-cirkon-kamni\/#breadcrumb"},"inLanguage":"sl-SI","potentialAction":[{"@type":"ReadAction","target":["https:\/\/hermossa.eu\/sl\/izdelek\/prstan-trilogy-sampanjec-cirkon-kamni\/"]}]},{"@type":"BreadcrumbList","@id":"https:\/\/hermossa.eu\/sl\/izdelek\/prstan-trilogy-sampanjec-cirkon-kamni\/#breadcrumb","itemListElement":[{"@type":"ListItem","position":1,"name":"Home","item":"https:\/\/hermossa.eu\/"},{"@type":"ListItem","position":2,"name":"Trgovina","item":"https:\/\/hermossa.eu\/sl\/trgovina\/"},{"@type":"ListItem","position":3,"name":"Prstan Trilogy, \u0161ampanjec cirkon kamni, rose gold"}]},{"@type":"WebSite","@id":"https:\/\/hermossa.eu\/#website","url":"https:\/\/hermossa.eu\/","name":"Hermossa","description":"web store","publisher":{"@id":"https:\/\/hermossa.eu\/#organization"},"potentialAction":[{"@type":"SearchAction","target":{"@type":"EntryPoint","urlTemplate":"https:\/\/hermossa.eu\/?s={search_term_string}"},"query-input":"required name=search_term_string"}],"inLanguage":"sl-SI"},{"@type":"Organization","@id":"https:\/\/hermossa.eu\/#organization","name":"Hermossa.eu","url":"https:\/\/hermossa.eu\/","logo":{"@type":"ImageObject","inLanguage":"sl-SI","@id":"https:\/\/hermossa.eu\/#\/schema\/logo\/image\/","url":"https:\/\/hermossa.eu\/wp-content\/uploads\/2019\/10\/logo-h.jpg","contentUrl":"https:\/\/hermossa.eu\/wp-content\/uploads\/2019\/10\/logo-h.jpg","width":500,"height":500,"caption":"Hermossa.eu"},"image":{"@id":"https:\/\/hermossa.eu\/#\/schema\/logo\/image\/"}}]}},"_links":{"self":[{"href":"https:\/\/hermossa.eu\/sl\/wp-json\/wp\/v2\/product\/14783"}],"collection":[{"href":"https:\/\/hermossa.eu\/sl\/wp-json\/wp\/v2\/product"}],"about":[{"href":"https:\/\/hermossa.eu\/sl\/wp-json\/wp\/v2\/types\/product"}],"wp:featuredmedia":[{"embeddable":true,"href":"https:\/\/hermossa.eu\/sl\/wp-json\/wp\/v2\/media\/9683"}],"wp:attachment":[{"href":"https:\/\/hermossa.eu\/sl\/wp-json\/wp\/v2\/media?parent=14783"}],"curies":[{"name":"wp","href":"https:\/\/api.w.org\/{rel}","templated":true}]}}