{"id":15364,"date":"2023-03-02T10:19:28","date_gmt":"2023-03-02T10:19:28","guid":{"rendered":"https:\/\/hermossa.eu\/?post_type=product&#038;p=15364"},"modified":"2023-03-02T10:25:29","modified_gmt":"2023-03-02T10:25:29","slug":"moden-viola-cirkon-prstan","status":"publish","type":"product","link":"https:\/\/hermossa.eu\/sl\/izdelek\/moden-viola-cirkon-prstan\/","title":{"rendered":"Moden viola cirkon prstan"},"content":{"rendered":"","protected":false},"excerpt":{"rendered":"<p>Le CORONE Prstan iz Srebra 925, prevlec\u030cenega z rodijem; Prstan s 3 kubic\u030cni cirkon kamni v viola barvi (model Trilogy) ter sredinski prstan z majhnimi belimi kubic\u030cni cirkon kamni (model Forever).<\/p>\n<p>Prstan se lahko nosi kot trojni ali pa se preprosto razstavi in se nosi vsak prstan posebej (kot model Trilogy in Forever).<\/p>\n<p>\u010ce ti je silikonski obro\u010d prstana prevelik, ga je mo\u017eno nastaviti (enostavno skraj\u0161ati s \u0161karjami) ali ga zamenjati z drugo barvo silikona.<\/p>\n<p>V ceno sta vkljuc\u030cena dva dodatna silikonska obroc\u030ca (vijoli\u010dna barva je primarna) \u00a0&#8211; lahko izbira\u0161 med barvami: modra, zlata, bela, nude, srebrna<\/p>\n<ul>\n<li>darilna embala\u017ea, certifikat. 100% narejeno v Italiji.<\/li>\n<\/ul>\n","protected":false},"featured_media":15324,"template":"","meta":[],"yoast_head":"<!-- This site is optimized with the Yoast SEO plugin v19.10 - https:\/\/yoast.com\/wordpress\/plugins\/seo\/ -->\n<title>Moden viola cirkon prstan - Spletna prodaja prstanov<\/title>\n<meta name=\"description\" content=\"\u010ce ti je silikonski obro\u010d prstana prevelik, ga je mo\u017eno nastaviti (enostavno skraj\u0161ati s \u0161karjami) ali ga zamenjati z drugo barvo silikona.\" \/>\n<meta name=\"robots\" content=\"index, follow, max-snippet:-1, max-image-preview:large, max-video-preview:-1\" \/>\n<link rel=\"canonical\" href=\"https:\/\/hermossa.eu\/sl\/izdelek\/moden-viola-cirkon-prstan\/\" \/>\n<meta property=\"og:locale\" content=\"sl_SI\" \/>\n<meta property=\"og:type\" content=\"article\" \/>\n<meta property=\"og:title\" content=\"Moden viola cirkon prstan - Spletna prodaja prstanov\" \/>\n<meta property=\"og:description\" content=\"\u010ce ti je silikonski obro\u010d prstana prevelik, ga je mo\u017eno nastaviti (enostavno skraj\u0161ati s \u0161karjami) ali ga zamenjati z drugo barvo silikona.\" \/>\n<meta property=\"og:url\" content=\"https:\/\/hermossa.eu\/sl\/izdelek\/moden-viola-cirkon-prstan\/\" \/>\n<meta property=\"og:site_name\" content=\"Hermossa\" \/>\n<meta property=\"article:modified_time\" content=\"2023-03-02T10:25:29+00:00\" \/>\n<meta property=\"og:image\" content=\"https:\/\/hermossa.eu\/wp-content\/uploads\/2023\/01\/672D02C1-79B6-4C73-9E69-9120826D3EDA-scaled.jpeg\" \/>\n\t<meta property=\"og:image:width\" content=\"1581\" \/>\n\t<meta property=\"og:image:height\" content=\"2560\" \/>\n\t<meta property=\"og:image:type\" content=\"image\/jpeg\" \/>\n<script type=\"application\/ld+json\" class=\"yoast-schema-graph\">{\"@context\":\"https:\/\/schema.org\",\"@graph\":[{\"@type\":\"WebPage\",\"@id\":\"https:\/\/hermossa.eu\/sl\/izdelek\/moden-viola-cirkon-prstan\/\",\"url\":\"https:\/\/hermossa.eu\/sl\/izdelek\/moden-viola-cirkon-prstan\/\",\"name\":\"Moden viola cirkon prstan - Spletna prodaja prstanov\",\"isPartOf\":{\"@id\":\"https:\/\/hermossa.eu\/#website\"},\"datePublished\":\"2023-03-02T10:19:28+00:00\",\"dateModified\":\"2023-03-02T10:25:29+00:00\",\"description\":\"\u010ce ti je silikonski obro\u010d prstana prevelik, ga je mo\u017eno nastaviti (enostavno skraj\u0161ati s \u0161karjami) ali ga zamenjati z drugo barvo silikona.\",\"breadcrumb\":{\"@id\":\"https:\/\/hermossa.eu\/sl\/izdelek\/moden-viola-cirkon-prstan\/#breadcrumb\"},\"inLanguage\":\"sl-SI\",\"potentialAction\":[{\"@type\":\"ReadAction\",\"target\":[\"https:\/\/hermossa.eu\/sl\/izdelek\/moden-viola-cirkon-prstan\/\"]}]},{\"@type\":\"BreadcrumbList\",\"@id\":\"https:\/\/hermossa.eu\/sl\/izdelek\/moden-viola-cirkon-prstan\/#breadcrumb\",\"itemListElement\":[{\"@type\":\"ListItem\",\"position\":1,\"name\":\"Home\",\"item\":\"https:\/\/hermossa.eu\/\"},{\"@type\":\"ListItem\",\"position\":2,\"name\":\"Trgovina\",\"item\":\"https:\/\/hermossa.eu\/sl\/trgovina\/\"},{\"@type\":\"ListItem\",\"position\":3,\"name\":\"Moden viola cirkon prstan\"}]},{\"@type\":\"WebSite\",\"@id\":\"https:\/\/hermossa.eu\/#website\",\"url\":\"https:\/\/hermossa.eu\/\",\"name\":\"Hermossa\",\"description\":\"web store\",\"publisher\":{\"@id\":\"https:\/\/hermossa.eu\/#organization\"},\"potentialAction\":[{\"@type\":\"SearchAction\",\"target\":{\"@type\":\"EntryPoint\",\"urlTemplate\":\"https:\/\/hermossa.eu\/?s={search_term_string}\"},\"query-input\":\"required name=search_term_string\"}],\"inLanguage\":\"sl-SI\"},{\"@type\":\"Organization\",\"@id\":\"https:\/\/hermossa.eu\/#organization\",\"name\":\"Hermossa.eu\",\"url\":\"https:\/\/hermossa.eu\/\",\"logo\":{\"@type\":\"ImageObject\",\"inLanguage\":\"sl-SI\",\"@id\":\"https:\/\/hermossa.eu\/#\/schema\/logo\/image\/\",\"url\":\"https:\/\/hermossa.eu\/wp-content\/uploads\/2019\/10\/logo-h.jpg\",\"contentUrl\":\"https:\/\/hermossa.eu\/wp-content\/uploads\/2019\/10\/logo-h.jpg\",\"width\":500,\"height\":500,\"caption\":\"Hermossa.eu\"},\"image\":{\"@id\":\"https:\/\/hermossa.eu\/#\/schema\/logo\/image\/\"}}]}<\/script>\n<!-- \/ Yoast SEO plugin. -->","yoast_head_json":{"title":"Moden viola cirkon prstan - Spletna prodaja prstanov","description":"\u010ce ti je silikonski obro\u010d prstana prevelik, ga je mo\u017eno nastaviti (enostavno skraj\u0161ati s \u0161karjami) ali ga zamenjati z drugo barvo silikona.","robots":{"index":"index","follow":"follow","max-snippet":"max-snippet:-1","max-image-preview":"max-image-preview:large","max-video-preview":"max-video-preview:-1"},"canonical":"https:\/\/hermossa.eu\/sl\/izdelek\/moden-viola-cirkon-prstan\/","og_locale":"sl_SI","og_type":"article","og_title":"Moden viola cirkon prstan - Spletna prodaja prstanov","og_description":"\u010ce ti je silikonski obro\u010d prstana prevelik, ga je mo\u017eno nastaviti (enostavno skraj\u0161ati s \u0161karjami) ali ga zamenjati z drugo barvo silikona.","og_url":"https:\/\/hermossa.eu\/sl\/izdelek\/moden-viola-cirkon-prstan\/","og_site_name":"Hermossa","article_modified_time":"2023-03-02T10:25:29+00:00","og_image":[{"width":1581,"height":2560,"url":"https:\/\/hermossa.eu\/wp-content\/uploads\/2023\/01\/672D02C1-79B6-4C73-9E69-9120826D3EDA-scaled.jpeg","type":"image\/jpeg"}],"schema":{"@context":"https:\/\/schema.org","@graph":[{"@type":"WebPage","@id":"https:\/\/hermossa.eu\/sl\/izdelek\/moden-viola-cirkon-prstan\/","url":"https:\/\/hermossa.eu\/sl\/izdelek\/moden-viola-cirkon-prstan\/","name":"Moden viola cirkon prstan - Spletna prodaja prstanov","isPartOf":{"@id":"https:\/\/hermossa.eu\/#website"},"datePublished":"2023-03-02T10:19:28+00:00","dateModified":"2023-03-02T10:25:29+00:00","description":"\u010ce ti je silikonski obro\u010d prstana prevelik, ga je mo\u017eno nastaviti (enostavno skraj\u0161ati s \u0161karjami) ali ga zamenjati z drugo barvo silikona.","breadcrumb":{"@id":"https:\/\/hermossa.eu\/sl\/izdelek\/moden-viola-cirkon-prstan\/#breadcrumb"},"inLanguage":"sl-SI","potentialAction":[{"@type":"ReadAction","target":["https:\/\/hermossa.eu\/sl\/izdelek\/moden-viola-cirkon-prstan\/"]}]},{"@type":"BreadcrumbList","@id":"https:\/\/hermossa.eu\/sl\/izdelek\/moden-viola-cirkon-prstan\/#breadcrumb","itemListElement":[{"@type":"ListItem","position":1,"name":"Home","item":"https:\/\/hermossa.eu\/"},{"@type":"ListItem","position":2,"name":"Trgovina","item":"https:\/\/hermossa.eu\/sl\/trgovina\/"},{"@type":"ListItem","position":3,"name":"Moden viola cirkon prstan"}]},{"@type":"WebSite","@id":"https:\/\/hermossa.eu\/#website","url":"https:\/\/hermossa.eu\/","name":"Hermossa","description":"web store","publisher":{"@id":"https:\/\/hermossa.eu\/#organization"},"potentialAction":[{"@type":"SearchAction","target":{"@type":"EntryPoint","urlTemplate":"https:\/\/hermossa.eu\/?s={search_term_string}"},"query-input":"required name=search_term_string"}],"inLanguage":"sl-SI"},{"@type":"Organization","@id":"https:\/\/hermossa.eu\/#organization","name":"Hermossa.eu","url":"https:\/\/hermossa.eu\/","logo":{"@type":"ImageObject","inLanguage":"sl-SI","@id":"https:\/\/hermossa.eu\/#\/schema\/logo\/image\/","url":"https:\/\/hermossa.eu\/wp-content\/uploads\/2019\/10\/logo-h.jpg","contentUrl":"https:\/\/hermossa.eu\/wp-content\/uploads\/2019\/10\/logo-h.jpg","width":500,"height":500,"caption":"Hermossa.eu"},"image":{"@id":"https:\/\/hermossa.eu\/#\/schema\/logo\/image\/"}}]}},"_links":{"self":[{"href":"https:\/\/hermossa.eu\/sl\/wp-json\/wp\/v2\/product\/15364"}],"collection":[{"href":"https:\/\/hermossa.eu\/sl\/wp-json\/wp\/v2\/product"}],"about":[{"href":"https:\/\/hermossa.eu\/sl\/wp-json\/wp\/v2\/types\/product"}],"wp:featuredmedia":[{"embeddable":true,"href":"https:\/\/hermossa.eu\/sl\/wp-json\/wp\/v2\/media\/15324"}],"wp:attachment":[{"href":"https:\/\/hermossa.eu\/sl\/wp-json\/wp\/v2\/media?parent=15364"}],"curies":[{"name":"wp","href":"https:\/\/api.w.org\/{rel}","templated":true}]}}