{"id":15366,"date":"2023-03-02T10:27:17","date_gmt":"2023-03-02T10:27:17","guid":{"rendered":"https:\/\/hermossa.eu\/?post_type=product&#038;p=15366"},"modified":"2023-03-02T10:38:29","modified_gmt":"2023-03-02T10:38:29","slug":"modni-zenski-prstan-le-corone","status":"publish","type":"product","link":"https:\/\/hermossa.eu\/sl\/izdelek\/modni-zenski-prstan-le-corone\/","title":{"rendered":"Modni \u017denski Prstan Le Corone"},"content":{"rendered":"<p>Privlac\u030cna in zapeljiva kolekcija, Italijanskega nakita Le Corone, Intrigo, je sestavljena iz treh obroc\u030cev in majhne sponke, ki zagotavlja popolno prileganje. Igriva reinterpretacija klasic\u030cnega prstana, kjer se trije razlic\u030cni prstani zdruz\u030cijo v enega, daje prstanu dramatic\u030cen videz edinstvene razkos\u030cnosti. Prstan Le Corone\u00a0 &#8211; Prodaja: Spletna Trgovina Hermossa<\/p>\n","protected":false},"excerpt":{"rendered":"<p>Le CORONE \u017denski Prstan iz Srebra 925, prevlec\u030cen z rose zlatom z osrednjim trakom \u0161ampanjec cirkon kamnov. Na strani je kubi\u010den cirkon kamen \u010drne barve, premera 6 mm.<\/p>\n<p>Prstan se lahko nosi kot trojni ali pa se preprosto razstavi in se nosi vsak prstan posebej (kot model Mini in Forever).<\/p>\n<p>Prilagodljiv silikonski obro\u010d \u2013 mo\u017eno nastaviti (enostavno skraj\u0161ati s \u0161krjami) ali ga zamenjati z drugo barvo. V ceno sta vkljuc\u030cena dva dodatna silikonska obroc\u030ca (\u010drna barva je primarna) \u00a0&#8211; lahko izbira\u0161 med barvami: modra, zlata, bela, vijoli\u010dna, srebrna, rde\u010da, rjava, bela, nude.<\/p>\n<p>V ceno sta vkljuc\u030cena dva dodatna silikonska obroc\u030ca, darilna embala\u017ea. 100% narejeno v Italiji. Nakup: Spletna Trgovina Hermossa<\/p>\n<p>&nbsp;<\/p>\n","protected":false},"featured_media":15178,"template":"","meta":[],"yoast_head":"<!-- This site is optimized with the Yoast SEO plugin v19.10 - https:\/\/yoast.com\/wordpress\/plugins\/seo\/ -->\n<title>Modni Prstan Le Corone - Nakup: Spletna Trgovina Hermossa<\/title>\n<meta name=\"description\" content=\"\u017denski modni prstan Le Corone, prodaja v spletni trgovini Hermossa.eu. Prstani kvalitetne izdelave s cirkon kamni in silikonskim obro\u010dem.\" \/>\n<meta name=\"robots\" content=\"index, follow, max-snippet:-1, max-image-preview:large, max-video-preview:-1\" \/>\n<link rel=\"canonical\" href=\"https:\/\/hermossa.eu\/sl\/izdelek\/modni-zenski-prstan-le-corone\/\" \/>\n<meta property=\"og:locale\" content=\"sl_SI\" \/>\n<meta property=\"og:type\" content=\"article\" \/>\n<meta property=\"og:title\" content=\"Modni Prstan Le Corone - Nakup: Spletna Trgovina Hermossa\" \/>\n<meta property=\"og:description\" content=\"\u017denski modni prstan Le Corone, prodaja v spletni trgovini Hermossa.eu. Prstani kvalitetne izdelave s cirkon kamni in silikonskim obro\u010dem.\" \/>\n<meta property=\"og:url\" content=\"https:\/\/hermossa.eu\/sl\/izdelek\/modni-zenski-prstan-le-corone\/\" \/>\n<meta property=\"og:site_name\" content=\"Hermossa\" \/>\n<meta property=\"article:modified_time\" content=\"2023-03-02T10:38:29+00:00\" \/>\n<meta property=\"og:image\" content=\"https:\/\/hermossa.eu\/wp-content\/uploads\/2023\/01\/8433CAD5-8769-4DE0-9B37-E4F2BE596921-scaled.jpeg\" \/>\n\t<meta property=\"og:image:width\" content=\"2174\" \/>\n\t<meta property=\"og:image:height\" content=\"2560\" \/>\n\t<meta property=\"og:image:type\" content=\"image\/jpeg\" \/>\n<meta name=\"twitter:label1\" content=\"Est. reading time\" \/>\n\t<meta name=\"twitter:data1\" content=\"1 minuta\" \/>\n<script type=\"application\/ld+json\" class=\"yoast-schema-graph\">{\"@context\":\"https:\/\/schema.org\",\"@graph\":[{\"@type\":\"WebPage\",\"@id\":\"https:\/\/hermossa.eu\/sl\/izdelek\/modni-zenski-prstan-le-corone\/\",\"url\":\"https:\/\/hermossa.eu\/sl\/izdelek\/modni-zenski-prstan-le-corone\/\",\"name\":\"Modni Prstan Le Corone - Nakup: Spletna Trgovina Hermossa\",\"isPartOf\":{\"@id\":\"https:\/\/hermossa.eu\/#website\"},\"datePublished\":\"2023-03-02T10:27:17+00:00\",\"dateModified\":\"2023-03-02T10:38:29+00:00\",\"description\":\"\u017denski modni prstan Le Corone, prodaja v spletni trgovini Hermossa.eu. Prstani kvalitetne izdelave s cirkon kamni in silikonskim obro\u010dem.\",\"breadcrumb\":{\"@id\":\"https:\/\/hermossa.eu\/sl\/izdelek\/modni-zenski-prstan-le-corone\/#breadcrumb\"},\"inLanguage\":\"sl-SI\",\"potentialAction\":[{\"@type\":\"ReadAction\",\"target\":[\"https:\/\/hermossa.eu\/sl\/izdelek\/modni-zenski-prstan-le-corone\/\"]}]},{\"@type\":\"BreadcrumbList\",\"@id\":\"https:\/\/hermossa.eu\/sl\/izdelek\/modni-zenski-prstan-le-corone\/#breadcrumb\",\"itemListElement\":[{\"@type\":\"ListItem\",\"position\":1,\"name\":\"Home\",\"item\":\"https:\/\/hermossa.eu\/\"},{\"@type\":\"ListItem\",\"position\":2,\"name\":\"Trgovina\",\"item\":\"https:\/\/hermossa.eu\/sl\/trgovina\/\"},{\"@type\":\"ListItem\",\"position\":3,\"name\":\"Modni \u017denski Prstan Le Corone\"}]},{\"@type\":\"WebSite\",\"@id\":\"https:\/\/hermossa.eu\/#website\",\"url\":\"https:\/\/hermossa.eu\/\",\"name\":\"Hermossa\",\"description\":\"web store\",\"publisher\":{\"@id\":\"https:\/\/hermossa.eu\/#organization\"},\"potentialAction\":[{\"@type\":\"SearchAction\",\"target\":{\"@type\":\"EntryPoint\",\"urlTemplate\":\"https:\/\/hermossa.eu\/?s={search_term_string}\"},\"query-input\":\"required name=search_term_string\"}],\"inLanguage\":\"sl-SI\"},{\"@type\":\"Organization\",\"@id\":\"https:\/\/hermossa.eu\/#organization\",\"name\":\"Hermossa.eu\",\"url\":\"https:\/\/hermossa.eu\/\",\"logo\":{\"@type\":\"ImageObject\",\"inLanguage\":\"sl-SI\",\"@id\":\"https:\/\/hermossa.eu\/#\/schema\/logo\/image\/\",\"url\":\"https:\/\/hermossa.eu\/wp-content\/uploads\/2019\/10\/logo-h.jpg\",\"contentUrl\":\"https:\/\/hermossa.eu\/wp-content\/uploads\/2019\/10\/logo-h.jpg\",\"width\":500,\"height\":500,\"caption\":\"Hermossa.eu\"},\"image\":{\"@id\":\"https:\/\/hermossa.eu\/#\/schema\/logo\/image\/\"}}]}<\/script>\n<!-- \/ Yoast SEO plugin. -->","yoast_head_json":{"title":"Modni Prstan Le Corone - Nakup: Spletna Trgovina Hermossa","description":"\u017denski modni prstan Le Corone, prodaja v spletni trgovini Hermossa.eu. Prstani kvalitetne izdelave s cirkon kamni in silikonskim obro\u010dem.","robots":{"index":"index","follow":"follow","max-snippet":"max-snippet:-1","max-image-preview":"max-image-preview:large","max-video-preview":"max-video-preview:-1"},"canonical":"https:\/\/hermossa.eu\/sl\/izdelek\/modni-zenski-prstan-le-corone\/","og_locale":"sl_SI","og_type":"article","og_title":"Modni Prstan Le Corone - Nakup: Spletna Trgovina Hermossa","og_description":"\u017denski modni prstan Le Corone, prodaja v spletni trgovini Hermossa.eu. Prstani kvalitetne izdelave s cirkon kamni in silikonskim obro\u010dem.","og_url":"https:\/\/hermossa.eu\/sl\/izdelek\/modni-zenski-prstan-le-corone\/","og_site_name":"Hermossa","article_modified_time":"2023-03-02T10:38:29+00:00","og_image":[{"width":2174,"height":2560,"url":"https:\/\/hermossa.eu\/wp-content\/uploads\/2023\/01\/8433CAD5-8769-4DE0-9B37-E4F2BE596921-scaled.jpeg","type":"image\/jpeg"}],"twitter_misc":{"Est. reading time":"1 minuta"},"schema":{"@context":"https:\/\/schema.org","@graph":[{"@type":"WebPage","@id":"https:\/\/hermossa.eu\/sl\/izdelek\/modni-zenski-prstan-le-corone\/","url":"https:\/\/hermossa.eu\/sl\/izdelek\/modni-zenski-prstan-le-corone\/","name":"Modni Prstan Le Corone - Nakup: Spletna Trgovina Hermossa","isPartOf":{"@id":"https:\/\/hermossa.eu\/#website"},"datePublished":"2023-03-02T10:27:17+00:00","dateModified":"2023-03-02T10:38:29+00:00","description":"\u017denski modni prstan Le Corone, prodaja v spletni trgovini Hermossa.eu. Prstani kvalitetne izdelave s cirkon kamni in silikonskim obro\u010dem.","breadcrumb":{"@id":"https:\/\/hermossa.eu\/sl\/izdelek\/modni-zenski-prstan-le-corone\/#breadcrumb"},"inLanguage":"sl-SI","potentialAction":[{"@type":"ReadAction","target":["https:\/\/hermossa.eu\/sl\/izdelek\/modni-zenski-prstan-le-corone\/"]}]},{"@type":"BreadcrumbList","@id":"https:\/\/hermossa.eu\/sl\/izdelek\/modni-zenski-prstan-le-corone\/#breadcrumb","itemListElement":[{"@type":"ListItem","position":1,"name":"Home","item":"https:\/\/hermossa.eu\/"},{"@type":"ListItem","position":2,"name":"Trgovina","item":"https:\/\/hermossa.eu\/sl\/trgovina\/"},{"@type":"ListItem","position":3,"name":"Modni \u017denski Prstan Le Corone"}]},{"@type":"WebSite","@id":"https:\/\/hermossa.eu\/#website","url":"https:\/\/hermossa.eu\/","name":"Hermossa","description":"web store","publisher":{"@id":"https:\/\/hermossa.eu\/#organization"},"potentialAction":[{"@type":"SearchAction","target":{"@type":"EntryPoint","urlTemplate":"https:\/\/hermossa.eu\/?s={search_term_string}"},"query-input":"required name=search_term_string"}],"inLanguage":"sl-SI"},{"@type":"Organization","@id":"https:\/\/hermossa.eu\/#organization","name":"Hermossa.eu","url":"https:\/\/hermossa.eu\/","logo":{"@type":"ImageObject","inLanguage":"sl-SI","@id":"https:\/\/hermossa.eu\/#\/schema\/logo\/image\/","url":"https:\/\/hermossa.eu\/wp-content\/uploads\/2019\/10\/logo-h.jpg","contentUrl":"https:\/\/hermossa.eu\/wp-content\/uploads\/2019\/10\/logo-h.jpg","width":500,"height":500,"caption":"Hermossa.eu"},"image":{"@id":"https:\/\/hermossa.eu\/#\/schema\/logo\/image\/"}}]}},"_links":{"self":[{"href":"https:\/\/hermossa.eu\/sl\/wp-json\/wp\/v2\/product\/15366"}],"collection":[{"href":"https:\/\/hermossa.eu\/sl\/wp-json\/wp\/v2\/product"}],"about":[{"href":"https:\/\/hermossa.eu\/sl\/wp-json\/wp\/v2\/types\/product"}],"wp:featuredmedia":[{"embeddable":true,"href":"https:\/\/hermossa.eu\/sl\/wp-json\/wp\/v2\/media\/15178"}],"wp:attachment":[{"href":"https:\/\/hermossa.eu\/sl\/wp-json\/wp\/v2\/media?parent=15366"}],"curies":[{"name":"wp","href":"https:\/\/api.w.org\/{rel}","templated":true}]}}