{"id":15377,"date":"2023-03-02T10:47:03","date_gmt":"2023-03-02T10:47:03","guid":{"rendered":"https:\/\/hermossa.eu\/?post_type=product&#038;p=15377"},"modified":"2023-03-08T16:16:09","modified_gmt":"2023-03-08T16:16:09","slug":"prstan-le-corone-mini-rdec-cirkon-kamen","status":"publish","type":"product","link":"https:\/\/hermossa.eu\/sl\/izdelek\/prstan-le-corone-mini-rdec-cirkon-kamen\/","title":{"rendered":"Prstan Le Corone Mini rde\u010d cirkon kamen"},"content":{"rendered":"<div title=\"Page 4\">\n<div>\n<div>\n<div>\n<p>Prstani Mini so namenjeni z\u030censkam, katerih stil je eleganten in prefinjen v kombinaciji z manjs\u030cim nakitom. Zas\u030cc\u030citni znak Prstanov Mini je krona, ki obdaja barvite, lesketajoc\u030ce kamne, kar daje prstanom c\u030caroben videz in moc\u030can znac\u030caj. Deset barvnih odtenkov kamnov reinterpretira klasic\u030cne briljante, in ponuja skupaj z dvema inovativnima res\u030citvama, 20 neustavljivih kombinacij, ki izpolnijo vsak z\u030censki okus. Prstane Mini kombiniraj s Prstanom Classic ali Magnum ali v kombinaciji obeh, natakni enega na vrh drugega na isti prst in se poigraj s kontrastnimi toni barv ali prstani enakih barv. Uc\u030cinek je zagotovljen!<\/p>\n<\/div>\n<\/div>\n<\/div>\n<\/div>\n<div title=\"Page 5\">\n<div>\n<div>\n<div>\n<p>Bodi neustavljiva, izpopolni svoj izgled z Zapestnico Mini in zablestela bos\u030c z elegantno in edinstveno zbirko nakita ob vsaki priloz\u030cnosti. \u010cudoviti modni italijanski prstani na voljo v online spletni trgovini Hermossa.eu<\/p>\n<\/div>\n<\/div>\n<\/div>\n<\/div>\n","protected":false},"excerpt":{"rendered":"<p>\u017denski Prstan Le Corone Mini iz Srebra 925, prevlec\u030cenega z rose zlatom ter visoko kakovostni kubic\u030cni cirkon kamen rde\u010de barve, premera 6 mm. Snemljivi zakovici.<\/p>\n<p>Hipoalergenski silikonski obroc\u030c je prilagodljiv na vse velikosti.<\/p>\n<p>V ceno sta vkljuc\u030cena dva dodatna silikonska obroc\u030ca &#8211; zlata barva je \u017ee vklju\u010dena v ceno; (lahko izbira\u0161 med barvami: rde\u010da, vijoli\u010dna, modra, \u010drna, rjava, bela, nude) &#8211; napi\u0161i v komentar<\/p>\n<ul>\n<li>darilna embala\u017ea, certifikat.<\/li>\n<\/ul>\n<p>100% Narejeno v Italiji. Nakup: Hermossa Spletna Trgovina<\/p>\n","protected":false},"featured_media":15226,"template":"","meta":[],"yoast_head":"<!-- This site is optimized with the Yoast SEO plugin v19.10 - https:\/\/yoast.com\/wordpress\/plugins\/seo\/ -->\n<title>Prstan Le Corone Mini rde\u010d cirkon kamen - Ideja za Darilo<\/title>\n<meta name=\"description\" content=\"\u017denski Prstan Le Corone Mini z inovativnim konceptom v spletni trgovini Hermossa.eu. Prstani kvalitetne izdelave s cirkon kamni in silikonskim obro\u010dem.\" \/>\n<meta name=\"robots\" content=\"index, follow, max-snippet:-1, max-image-preview:large, max-video-preview:-1\" \/>\n<link rel=\"canonical\" href=\"https:\/\/hermossa.eu\/sl\/izdelek\/prstan-le-corone-mini-rdec-cirkon-kamen\/\" \/>\n<meta property=\"og:locale\" content=\"sl_SI\" \/>\n<meta property=\"og:type\" content=\"article\" \/>\n<meta property=\"og:title\" content=\"Prstan Le Corone Mini rde\u010d cirkon kamen - Ideja za Darilo\" \/>\n<meta property=\"og:description\" content=\"\u017denski Prstan Le Corone Mini z inovativnim konceptom v spletni trgovini Hermossa.eu. Prstani kvalitetne izdelave s cirkon kamni in silikonskim obro\u010dem.\" \/>\n<meta property=\"og:url\" content=\"https:\/\/hermossa.eu\/sl\/izdelek\/prstan-le-corone-mini-rdec-cirkon-kamen\/\" \/>\n<meta property=\"og:site_name\" content=\"Hermossa\" \/>\n<meta property=\"article:modified_time\" content=\"2023-03-08T16:16:09+00:00\" \/>\n<meta property=\"og:image\" content=\"https:\/\/hermossa.eu\/wp-content\/uploads\/2023\/01\/74DA57A2-998F-4853-A04D-902C90BF731B-scaled.jpeg\" \/>\n\t<meta property=\"og:image:width\" content=\"1562\" \/>\n\t<meta property=\"og:image:height\" content=\"2560\" \/>\n\t<meta property=\"og:image:type\" content=\"image\/jpeg\" \/>\n<meta name=\"twitter:label1\" content=\"Est. reading time\" \/>\n\t<meta name=\"twitter:data1\" content=\"1 minuta\" \/>\n<script type=\"application\/ld+json\" class=\"yoast-schema-graph\">{\"@context\":\"https:\/\/schema.org\",\"@graph\":[{\"@type\":\"WebPage\",\"@id\":\"https:\/\/hermossa.eu\/sl\/izdelek\/prstan-le-corone-mini-rdec-cirkon-kamen\/\",\"url\":\"https:\/\/hermossa.eu\/sl\/izdelek\/prstan-le-corone-mini-rdec-cirkon-kamen\/\",\"name\":\"Prstan Le Corone Mini rde\u010d cirkon kamen - Ideja za Darilo\",\"isPartOf\":{\"@id\":\"https:\/\/hermossa.eu\/#website\"},\"datePublished\":\"2023-03-02T10:47:03+00:00\",\"dateModified\":\"2023-03-08T16:16:09+00:00\",\"description\":\"\u017denski Prstan Le Corone Mini z inovativnim konceptom v spletni trgovini Hermossa.eu. Prstani kvalitetne izdelave s cirkon kamni in silikonskim obro\u010dem.\",\"breadcrumb\":{\"@id\":\"https:\/\/hermossa.eu\/sl\/izdelek\/prstan-le-corone-mini-rdec-cirkon-kamen\/#breadcrumb\"},\"inLanguage\":\"sl-SI\",\"potentialAction\":[{\"@type\":\"ReadAction\",\"target\":[\"https:\/\/hermossa.eu\/sl\/izdelek\/prstan-le-corone-mini-rdec-cirkon-kamen\/\"]}]},{\"@type\":\"BreadcrumbList\",\"@id\":\"https:\/\/hermossa.eu\/sl\/izdelek\/prstan-le-corone-mini-rdec-cirkon-kamen\/#breadcrumb\",\"itemListElement\":[{\"@type\":\"ListItem\",\"position\":1,\"name\":\"Home\",\"item\":\"https:\/\/hermossa.eu\/\"},{\"@type\":\"ListItem\",\"position\":2,\"name\":\"Trgovina\",\"item\":\"https:\/\/hermossa.eu\/sl\/trgovina\/\"},{\"@type\":\"ListItem\",\"position\":3,\"name\":\"Prstan Le Corone Mini rde\u010d cirkon kamen\"}]},{\"@type\":\"WebSite\",\"@id\":\"https:\/\/hermossa.eu\/#website\",\"url\":\"https:\/\/hermossa.eu\/\",\"name\":\"Hermossa\",\"description\":\"web store\",\"publisher\":{\"@id\":\"https:\/\/hermossa.eu\/#organization\"},\"potentialAction\":[{\"@type\":\"SearchAction\",\"target\":{\"@type\":\"EntryPoint\",\"urlTemplate\":\"https:\/\/hermossa.eu\/?s={search_term_string}\"},\"query-input\":\"required name=search_term_string\"}],\"inLanguage\":\"sl-SI\"},{\"@type\":\"Organization\",\"@id\":\"https:\/\/hermossa.eu\/#organization\",\"name\":\"Hermossa.eu\",\"url\":\"https:\/\/hermossa.eu\/\",\"logo\":{\"@type\":\"ImageObject\",\"inLanguage\":\"sl-SI\",\"@id\":\"https:\/\/hermossa.eu\/#\/schema\/logo\/image\/\",\"url\":\"https:\/\/hermossa.eu\/wp-content\/uploads\/2019\/10\/logo-h.jpg\",\"contentUrl\":\"https:\/\/hermossa.eu\/wp-content\/uploads\/2019\/10\/logo-h.jpg\",\"width\":500,\"height\":500,\"caption\":\"Hermossa.eu\"},\"image\":{\"@id\":\"https:\/\/hermossa.eu\/#\/schema\/logo\/image\/\"}}]}<\/script>\n<!-- \/ Yoast SEO plugin. -->","yoast_head_json":{"title":"Prstan Le Corone Mini rde\u010d cirkon kamen - Ideja za Darilo","description":"\u017denski Prstan Le Corone Mini z inovativnim konceptom v spletni trgovini Hermossa.eu. Prstani kvalitetne izdelave s cirkon kamni in silikonskim obro\u010dem.","robots":{"index":"index","follow":"follow","max-snippet":"max-snippet:-1","max-image-preview":"max-image-preview:large","max-video-preview":"max-video-preview:-1"},"canonical":"https:\/\/hermossa.eu\/sl\/izdelek\/prstan-le-corone-mini-rdec-cirkon-kamen\/","og_locale":"sl_SI","og_type":"article","og_title":"Prstan Le Corone Mini rde\u010d cirkon kamen - Ideja za Darilo","og_description":"\u017denski Prstan Le Corone Mini z inovativnim konceptom v spletni trgovini Hermossa.eu. Prstani kvalitetne izdelave s cirkon kamni in silikonskim obro\u010dem.","og_url":"https:\/\/hermossa.eu\/sl\/izdelek\/prstan-le-corone-mini-rdec-cirkon-kamen\/","og_site_name":"Hermossa","article_modified_time":"2023-03-08T16:16:09+00:00","og_image":[{"width":1562,"height":2560,"url":"https:\/\/hermossa.eu\/wp-content\/uploads\/2023\/01\/74DA57A2-998F-4853-A04D-902C90BF731B-scaled.jpeg","type":"image\/jpeg"}],"twitter_misc":{"Est. reading time":"1 minuta"},"schema":{"@context":"https:\/\/schema.org","@graph":[{"@type":"WebPage","@id":"https:\/\/hermossa.eu\/sl\/izdelek\/prstan-le-corone-mini-rdec-cirkon-kamen\/","url":"https:\/\/hermossa.eu\/sl\/izdelek\/prstan-le-corone-mini-rdec-cirkon-kamen\/","name":"Prstan Le Corone Mini rde\u010d cirkon kamen - Ideja za Darilo","isPartOf":{"@id":"https:\/\/hermossa.eu\/#website"},"datePublished":"2023-03-02T10:47:03+00:00","dateModified":"2023-03-08T16:16:09+00:00","description":"\u017denski Prstan Le Corone Mini z inovativnim konceptom v spletni trgovini Hermossa.eu. Prstani kvalitetne izdelave s cirkon kamni in silikonskim obro\u010dem.","breadcrumb":{"@id":"https:\/\/hermossa.eu\/sl\/izdelek\/prstan-le-corone-mini-rdec-cirkon-kamen\/#breadcrumb"},"inLanguage":"sl-SI","potentialAction":[{"@type":"ReadAction","target":["https:\/\/hermossa.eu\/sl\/izdelek\/prstan-le-corone-mini-rdec-cirkon-kamen\/"]}]},{"@type":"BreadcrumbList","@id":"https:\/\/hermossa.eu\/sl\/izdelek\/prstan-le-corone-mini-rdec-cirkon-kamen\/#breadcrumb","itemListElement":[{"@type":"ListItem","position":1,"name":"Home","item":"https:\/\/hermossa.eu\/"},{"@type":"ListItem","position":2,"name":"Trgovina","item":"https:\/\/hermossa.eu\/sl\/trgovina\/"},{"@type":"ListItem","position":3,"name":"Prstan Le Corone Mini rde\u010d cirkon kamen"}]},{"@type":"WebSite","@id":"https:\/\/hermossa.eu\/#website","url":"https:\/\/hermossa.eu\/","name":"Hermossa","description":"web store","publisher":{"@id":"https:\/\/hermossa.eu\/#organization"},"potentialAction":[{"@type":"SearchAction","target":{"@type":"EntryPoint","urlTemplate":"https:\/\/hermossa.eu\/?s={search_term_string}"},"query-input":"required name=search_term_string"}],"inLanguage":"sl-SI"},{"@type":"Organization","@id":"https:\/\/hermossa.eu\/#organization","name":"Hermossa.eu","url":"https:\/\/hermossa.eu\/","logo":{"@type":"ImageObject","inLanguage":"sl-SI","@id":"https:\/\/hermossa.eu\/#\/schema\/logo\/image\/","url":"https:\/\/hermossa.eu\/wp-content\/uploads\/2019\/10\/logo-h.jpg","contentUrl":"https:\/\/hermossa.eu\/wp-content\/uploads\/2019\/10\/logo-h.jpg","width":500,"height":500,"caption":"Hermossa.eu"},"image":{"@id":"https:\/\/hermossa.eu\/#\/schema\/logo\/image\/"}}]}},"_links":{"self":[{"href":"https:\/\/hermossa.eu\/sl\/wp-json\/wp\/v2\/product\/15377"}],"collection":[{"href":"https:\/\/hermossa.eu\/sl\/wp-json\/wp\/v2\/product"}],"about":[{"href":"https:\/\/hermossa.eu\/sl\/wp-json\/wp\/v2\/types\/product"}],"wp:featuredmedia":[{"embeddable":true,"href":"https:\/\/hermossa.eu\/sl\/wp-json\/wp\/v2\/media\/15226"}],"wp:attachment":[{"href":"https:\/\/hermossa.eu\/sl\/wp-json\/wp\/v2\/media?parent=15377"}],"curies":[{"name":"wp","href":"https:\/\/api.w.org\/{rel}","templated":true}]}}