{"id":15400,"date":"2023-03-02T11:08:21","date_gmt":"2023-03-02T11:08:21","guid":{"rendered":"https:\/\/hermossa.eu\/?post_type=product&#038;p=15400"},"modified":"2023-05-10T16:50:18","modified_gmt":"2023-05-10T16:50:18","slug":"trilux-rose-gold-prstan-copy","status":"publish","type":"product","link":"https:\/\/hermossa.eu\/sl\/izdelek\/trilux-rose-gold-prstan-copy\/","title":{"rendered":"TRILUX modni prstan s cirkon kamni"},"content":{"rendered":"","protected":false},"excerpt":{"rendered":"<p>Le CORONE Prstan iz Srebra 925, prevlec\u030cenega z rose zlatom; Na eni strani prstana so 3 kubic\u030cni cirkon kamni \u0161ampanjec barvi (model Trilogy), sredinski prstan z majhnimi belimi kubic\u030cni cirkon kamni (model Forever) ter 1 majhen prstan (kamen premera 6mm) v \u0161ampanjec barvi (model Mini).<\/p>\n<p>Prstan se lahko nosi kot trojni ali pa se preprosto razstavi in se nosi vsak prstan posebej (kot model Trilogy, Mini in Forever).<\/p>\n<p>\u010ce ti je silikonski obro\u010d prstana prevelik, ga je mo\u017eno nastaviti (enostavno skraj\u0161ati s \u0161karjami) ali ga zamenjati z drugo barvo silikona.<\/p>\n<p>V ceno sta vkljuc\u030cena dva dodatna silikonska obroc\u030ca &#8211; \u010drna barva je \u017ee vklju\u010dena v ceno; lahko izbirate \u0161e med naslednjimi barvami: zlata, rde\u010da, bela, turkizna, modra, vijoli\u010dna, rjava, nude, vijoli\u010dna &#8211; napi\u0161ite v komentar &#8211; 100% narejeno v Italiji.<\/p>\n<p><span>*Sledovi mila na povr\u0161ini nakita prispevajo k izgubi leska zlata, zato je nakit med\u00a0<\/span><em>umivanjem,<\/em><span> tu\u0161iranjem ali pred uporabo kreme priporo\u010dljivo sneti.<\/span><\/p>\n","protected":false},"featured_media":15247,"template":"","meta":[],"yoast_head":"<!-- This site is optimized with the Yoast SEO plugin v19.10 - https:\/\/yoast.com\/wordpress\/plugins\/seo\/ -->\n<title>TRILUX modni prstan s cirkon kamni - Spletna prodaja Prstanov<\/title>\n<meta name=\"robots\" content=\"index, follow, max-snippet:-1, max-image-preview:large, max-video-preview:-1\" \/>\n<link rel=\"canonical\" href=\"https:\/\/hermossa.eu\/sl\/izdelek\/trilux-rose-gold-prstan-copy\/\" \/>\n<meta property=\"og:locale\" content=\"sl_SI\" \/>\n<meta property=\"og:type\" content=\"article\" \/>\n<meta property=\"og:title\" content=\"TRILUX modni prstan s cirkon kamni - Spletna prodaja Prstanov\" \/>\n<meta property=\"og:description\" content=\"Le CORONE Prstan iz Srebra 925, prevlec\u030cenega z rose zlatom; Na eni strani prstana so 3 kubic\u030cni cirkon kamni \u0161ampanjec barvi (model Trilogy), sredinski prstan z majhnimi belimi kubic\u030cni cirkon kamni (model Forever) ter 1 majhen prstan (kamen premera 6mm) v \u0161ampanjec barvi (model Mini).  Prstan se lahko nosi kot trojni ali pa se preprosto razstavi in se nosi vsak prstan posebej (kot model Trilogy, Mini in Forever).  \u010ce ti je silikonski obro\u010d prstana prevelik, ga je mo\u017eno nastaviti (enostavno skraj\u0161ati s \u0161karjami) ali ga zamenjati z drugo barvo silikona.  V ceno sta vkljuc\u030cena dva dodatna silikonska obroc\u030ca - \u010drna barva je \u017ee vklju\u010dena v ceno; lahko izbirate \u0161e med naslednjimi barvami: zlata, rde\u010da, bela, turkizna, modra, vijoli\u010dna, rjava, nude, vijoli\u010dna - napi\u0161ite v komentar - 100% narejeno v Italiji.  *Sledovi mila na povr\u0161ini nakita prispevajo k izgubi leska zlata, zato je nakit med\u00a0umivanjem, tu\u0161iranjem ali pred uporabo kreme priporo\u010dljivo sneti.\" \/>\n<meta property=\"og:url\" content=\"https:\/\/hermossa.eu\/sl\/izdelek\/trilux-rose-gold-prstan-copy\/\" \/>\n<meta property=\"og:site_name\" content=\"Hermossa\" \/>\n<meta property=\"article:modified_time\" content=\"2023-05-10T16:50:18+00:00\" \/>\n<meta property=\"og:image\" content=\"https:\/\/hermossa.eu\/wp-content\/uploads\/2023\/01\/75793E3E-C962-4041-AB33-2468FE12DA71-scaled.jpeg\" \/>\n\t<meta property=\"og:image:width\" content=\"1920\" \/>\n\t<meta property=\"og:image:height\" content=\"2560\" \/>\n\t<meta property=\"og:image:type\" content=\"image\/jpeg\" \/>\n<script type=\"application\/ld+json\" class=\"yoast-schema-graph\">{\"@context\":\"https:\/\/schema.org\",\"@graph\":[{\"@type\":\"WebPage\",\"@id\":\"https:\/\/hermossa.eu\/sl\/izdelek\/trilux-rose-gold-prstan-copy\/\",\"url\":\"https:\/\/hermossa.eu\/sl\/izdelek\/trilux-rose-gold-prstan-copy\/\",\"name\":\"TRILUX modni prstan s cirkon kamni - Spletna prodaja Prstanov\",\"isPartOf\":{\"@id\":\"https:\/\/hermossa.eu\/#website\"},\"datePublished\":\"2023-03-02T11:08:21+00:00\",\"dateModified\":\"2023-05-10T16:50:18+00:00\",\"breadcrumb\":{\"@id\":\"https:\/\/hermossa.eu\/sl\/izdelek\/trilux-rose-gold-prstan-copy\/#breadcrumb\"},\"inLanguage\":\"sl-SI\",\"potentialAction\":[{\"@type\":\"ReadAction\",\"target\":[\"https:\/\/hermossa.eu\/sl\/izdelek\/trilux-rose-gold-prstan-copy\/\"]}]},{\"@type\":\"BreadcrumbList\",\"@id\":\"https:\/\/hermossa.eu\/sl\/izdelek\/trilux-rose-gold-prstan-copy\/#breadcrumb\",\"itemListElement\":[{\"@type\":\"ListItem\",\"position\":1,\"name\":\"Home\",\"item\":\"https:\/\/hermossa.eu\/\"},{\"@type\":\"ListItem\",\"position\":2,\"name\":\"Trgovina\",\"item\":\"https:\/\/hermossa.eu\/sl\/trgovina\/\"},{\"@type\":\"ListItem\",\"position\":3,\"name\":\"TRILUX modni prstan s cirkon kamni\"}]},{\"@type\":\"WebSite\",\"@id\":\"https:\/\/hermossa.eu\/#website\",\"url\":\"https:\/\/hermossa.eu\/\",\"name\":\"Hermossa\",\"description\":\"web store\",\"publisher\":{\"@id\":\"https:\/\/hermossa.eu\/#organization\"},\"potentialAction\":[{\"@type\":\"SearchAction\",\"target\":{\"@type\":\"EntryPoint\",\"urlTemplate\":\"https:\/\/hermossa.eu\/?s={search_term_string}\"},\"query-input\":\"required name=search_term_string\"}],\"inLanguage\":\"sl-SI\"},{\"@type\":\"Organization\",\"@id\":\"https:\/\/hermossa.eu\/#organization\",\"name\":\"Hermossa.eu\",\"url\":\"https:\/\/hermossa.eu\/\",\"logo\":{\"@type\":\"ImageObject\",\"inLanguage\":\"sl-SI\",\"@id\":\"https:\/\/hermossa.eu\/#\/schema\/logo\/image\/\",\"url\":\"https:\/\/hermossa.eu\/wp-content\/uploads\/2019\/10\/logo-h.jpg\",\"contentUrl\":\"https:\/\/hermossa.eu\/wp-content\/uploads\/2019\/10\/logo-h.jpg\",\"width\":500,\"height\":500,\"caption\":\"Hermossa.eu\"},\"image\":{\"@id\":\"https:\/\/hermossa.eu\/#\/schema\/logo\/image\/\"}}]}<\/script>\n<!-- \/ Yoast SEO plugin. -->","yoast_head_json":{"title":"TRILUX modni prstan s cirkon kamni - Spletna prodaja Prstanov","robots":{"index":"index","follow":"follow","max-snippet":"max-snippet:-1","max-image-preview":"max-image-preview:large","max-video-preview":"max-video-preview:-1"},"canonical":"https:\/\/hermossa.eu\/sl\/izdelek\/trilux-rose-gold-prstan-copy\/","og_locale":"sl_SI","og_type":"article","og_title":"TRILUX modni prstan s cirkon kamni - Spletna prodaja Prstanov","og_description":"Le CORONE Prstan iz Srebra 925, prevlec\u030cenega z rose zlatom; Na eni strani prstana so 3 kubic\u030cni cirkon kamni \u0161ampanjec barvi (model Trilogy), sredinski prstan z majhnimi belimi kubic\u030cni cirkon kamni (model Forever) ter 1 majhen prstan (kamen premera 6mm) v \u0161ampanjec barvi (model Mini).  Prstan se lahko nosi kot trojni ali pa se preprosto razstavi in se nosi vsak prstan posebej (kot model Trilogy, Mini in Forever).  \u010ce ti je silikonski obro\u010d prstana prevelik, ga je mo\u017eno nastaviti (enostavno skraj\u0161ati s \u0161karjami) ali ga zamenjati z drugo barvo silikona.  V ceno sta vkljuc\u030cena dva dodatna silikonska obroc\u030ca - \u010drna barva je \u017ee vklju\u010dena v ceno; lahko izbirate \u0161e med naslednjimi barvami: zlata, rde\u010da, bela, turkizna, modra, vijoli\u010dna, rjava, nude, vijoli\u010dna - napi\u0161ite v komentar - 100% narejeno v Italiji.  *Sledovi mila na povr\u0161ini nakita prispevajo k izgubi leska zlata, zato je nakit med\u00a0umivanjem, tu\u0161iranjem ali pred uporabo kreme priporo\u010dljivo sneti.","og_url":"https:\/\/hermossa.eu\/sl\/izdelek\/trilux-rose-gold-prstan-copy\/","og_site_name":"Hermossa","article_modified_time":"2023-05-10T16:50:18+00:00","og_image":[{"width":1920,"height":2560,"url":"https:\/\/hermossa.eu\/wp-content\/uploads\/2023\/01\/75793E3E-C962-4041-AB33-2468FE12DA71-scaled.jpeg","type":"image\/jpeg"}],"schema":{"@context":"https:\/\/schema.org","@graph":[{"@type":"WebPage","@id":"https:\/\/hermossa.eu\/sl\/izdelek\/trilux-rose-gold-prstan-copy\/","url":"https:\/\/hermossa.eu\/sl\/izdelek\/trilux-rose-gold-prstan-copy\/","name":"TRILUX modni prstan s cirkon kamni - Spletna prodaja Prstanov","isPartOf":{"@id":"https:\/\/hermossa.eu\/#website"},"datePublished":"2023-03-02T11:08:21+00:00","dateModified":"2023-05-10T16:50:18+00:00","breadcrumb":{"@id":"https:\/\/hermossa.eu\/sl\/izdelek\/trilux-rose-gold-prstan-copy\/#breadcrumb"},"inLanguage":"sl-SI","potentialAction":[{"@type":"ReadAction","target":["https:\/\/hermossa.eu\/sl\/izdelek\/trilux-rose-gold-prstan-copy\/"]}]},{"@type":"BreadcrumbList","@id":"https:\/\/hermossa.eu\/sl\/izdelek\/trilux-rose-gold-prstan-copy\/#breadcrumb","itemListElement":[{"@type":"ListItem","position":1,"name":"Home","item":"https:\/\/hermossa.eu\/"},{"@type":"ListItem","position":2,"name":"Trgovina","item":"https:\/\/hermossa.eu\/sl\/trgovina\/"},{"@type":"ListItem","position":3,"name":"TRILUX modni prstan s cirkon kamni"}]},{"@type":"WebSite","@id":"https:\/\/hermossa.eu\/#website","url":"https:\/\/hermossa.eu\/","name":"Hermossa","description":"web store","publisher":{"@id":"https:\/\/hermossa.eu\/#organization"},"potentialAction":[{"@type":"SearchAction","target":{"@type":"EntryPoint","urlTemplate":"https:\/\/hermossa.eu\/?s={search_term_string}"},"query-input":"required name=search_term_string"}],"inLanguage":"sl-SI"},{"@type":"Organization","@id":"https:\/\/hermossa.eu\/#organization","name":"Hermossa.eu","url":"https:\/\/hermossa.eu\/","logo":{"@type":"ImageObject","inLanguage":"sl-SI","@id":"https:\/\/hermossa.eu\/#\/schema\/logo\/image\/","url":"https:\/\/hermossa.eu\/wp-content\/uploads\/2019\/10\/logo-h.jpg","contentUrl":"https:\/\/hermossa.eu\/wp-content\/uploads\/2019\/10\/logo-h.jpg","width":500,"height":500,"caption":"Hermossa.eu"},"image":{"@id":"https:\/\/hermossa.eu\/#\/schema\/logo\/image\/"}}]}},"_links":{"self":[{"href":"https:\/\/hermossa.eu\/sl\/wp-json\/wp\/v2\/product\/15400"}],"collection":[{"href":"https:\/\/hermossa.eu\/sl\/wp-json\/wp\/v2\/product"}],"about":[{"href":"https:\/\/hermossa.eu\/sl\/wp-json\/wp\/v2\/types\/product"}],"wp:featuredmedia":[{"embeddable":true,"href":"https:\/\/hermossa.eu\/sl\/wp-json\/wp\/v2\/media\/15247"}],"wp:attachment":[{"href":"https:\/\/hermossa.eu\/sl\/wp-json\/wp\/v2\/media?parent=15400"}],"curies":[{"name":"wp","href":"https:\/\/api.w.org\/{rel}","templated":true}]}}