{"id":15402,"date":"2023-03-02T11:11:13","date_gmt":"2023-03-02T11:11:13","guid":{"rendered":"https:\/\/hermossa.eu\/?post_type=product&#038;p=15402"},"modified":"2023-03-03T10:00:39","modified_gmt":"2023-03-03T10:00:39","slug":"prstan-cirkon-kamni","status":"publish","type":"product","link":"https:\/\/hermossa.eu\/sl\/izdelek\/prstan-cirkon-kamni\/","title":{"rendered":"Prstan s cirkon kamni"},"content":{"rendered":"<p>Privlac\u030cna in zapeljiva kolekcija, Italijanskega nakita Le Corone, Intrigo, je sestavljena iz treh obroc\u030cev in majhne sponke, ki zagotavlja popolno prileganje. Igriva reinterpretacija klasic\u030cnega prstana, kjer se trije razlic\u030cni prstani zdruz\u030cijo v enega, daje prstanu dramatic\u030cen videz edinstvene razkos\u030cnosti. Prstan Le Corone INTRIGO &#8211; Prodaja: Spletna Trgovina Hermossa<\/p>\n","protected":false},"excerpt":{"rendered":"<p>Le CORONE \u017denski Prstan Intrigo iz Srebra 925, prevlec\u030cen z rose zlatom z osrednjim trakom belih cirkon kamnov. Na strani sta dva kubic\u030cna cirkon kamna (bele in zelene barve), premera 6 mm.<\/p>\n<p>Prilagodljiv silikonski obro\u010d \u2013 mo\u017eno nastaviti (enostavno skraj\u0161ati s \u0161krjami) ali ga zamenjati z drugo barvo.<\/p>\n<p>Prstan se lahko nosi kot trojni ali pa se preprosto razstavi in se nosi vsak prstan posebej (kot model Mini in Forever).<\/p>\n<p>V ceno sta vkljuc\u030cena dva dodatna silikonska obroc\u030ca (\u010drna je \u017ee vklju\u010dena v ceno: lahko izbirate \u0161e med 2 dodatnima barvama: rde\u010da, modra, vijoli\u010dna, rjava, olivno zelena, bela, srebrna, zlata, vinsko rde\u010da) &#8211; napi\u0161i v komentar<\/p>\n<ul>\n<li>darilna embala\u017ea. 100% narejeno v Italiji. Nakup: Spletna Trgovina Hermossa<\/li>\n<\/ul>\n<p><span>*Sledovi mila na povr\u0161ini nakita prispevajo k izgubi leska zlata, zato je nakit med\u00a0<\/span><em>umivanjem,<\/em><span> tu\u0161iranjem ali pred uporabo kreme priporo\u010dljivo sneti.<\/span><\/p>\n","protected":false},"featured_media":14370,"template":"","meta":[],"yoast_head":"<!-- This site is optimized with the Yoast SEO plugin v19.10 - https:\/\/yoast.com\/wordpress\/plugins\/seo\/ -->\n<title>Prstan s cirkon kamni - Spletna prodaja<\/title>\n<meta name=\"description\" content=\"\u017denski prstani Le Corone, kolekcija INTRIGO, prodaja v spletni trgovini Hermossa.eu. Prstani kvalitetne izdelave s cirkon kamni in silikonskim obro\u010dem.\" \/>\n<meta name=\"robots\" content=\"index, follow, max-snippet:-1, max-image-preview:large, max-video-preview:-1\" \/>\n<link rel=\"canonical\" href=\"https:\/\/hermossa.eu\/sl\/izdelek\/prstan-cirkon-kamni\/\" \/>\n<meta property=\"og:locale\" content=\"sl_SI\" \/>\n<meta property=\"og:type\" content=\"article\" \/>\n<meta property=\"og:title\" content=\"Prstan s cirkon kamni - Spletna prodaja\" \/>\n<meta property=\"og:description\" content=\"\u017denski prstani Le Corone, kolekcija INTRIGO, prodaja v spletni trgovini Hermossa.eu. Prstani kvalitetne izdelave s cirkon kamni in silikonskim obro\u010dem.\" \/>\n<meta property=\"og:url\" content=\"https:\/\/hermossa.eu\/sl\/izdelek\/prstan-cirkon-kamni\/\" \/>\n<meta property=\"og:site_name\" content=\"Hermossa\" \/>\n<meta property=\"article:modified_time\" content=\"2023-03-03T10:00:39+00:00\" \/>\n<meta property=\"og:image\" content=\"https:\/\/hermossa.eu\/wp-content\/uploads\/2022\/11\/E074DFAF-9246-4918-8D98-6B63AEF66335-scaled.jpeg\" \/>\n\t<meta property=\"og:image:width\" content=\"1920\" \/>\n\t<meta property=\"og:image:height\" content=\"2560\" \/>\n\t<meta property=\"og:image:type\" content=\"image\/jpeg\" \/>\n<meta name=\"twitter:label1\" content=\"Est. reading time\" \/>\n\t<meta name=\"twitter:data1\" content=\"1 minuta\" \/>\n<script type=\"application\/ld+json\" class=\"yoast-schema-graph\">{\"@context\":\"https:\/\/schema.org\",\"@graph\":[{\"@type\":\"WebPage\",\"@id\":\"https:\/\/hermossa.eu\/sl\/izdelek\/prstan-cirkon-kamni\/\",\"url\":\"https:\/\/hermossa.eu\/sl\/izdelek\/prstan-cirkon-kamni\/\",\"name\":\"Prstan s cirkon kamni - Spletna prodaja\",\"isPartOf\":{\"@id\":\"https:\/\/hermossa.eu\/#website\"},\"datePublished\":\"2023-03-02T11:11:13+00:00\",\"dateModified\":\"2023-03-03T10:00:39+00:00\",\"description\":\"\u017denski prstani Le Corone, kolekcija INTRIGO, prodaja v spletni trgovini Hermossa.eu. Prstani kvalitetne izdelave s cirkon kamni in silikonskim obro\u010dem.\",\"breadcrumb\":{\"@id\":\"https:\/\/hermossa.eu\/sl\/izdelek\/prstan-cirkon-kamni\/#breadcrumb\"},\"inLanguage\":\"sl-SI\",\"potentialAction\":[{\"@type\":\"ReadAction\",\"target\":[\"https:\/\/hermossa.eu\/sl\/izdelek\/prstan-cirkon-kamni\/\"]}]},{\"@type\":\"BreadcrumbList\",\"@id\":\"https:\/\/hermossa.eu\/sl\/izdelek\/prstan-cirkon-kamni\/#breadcrumb\",\"itemListElement\":[{\"@type\":\"ListItem\",\"position\":1,\"name\":\"Home\",\"item\":\"https:\/\/hermossa.eu\/\"},{\"@type\":\"ListItem\",\"position\":2,\"name\":\"Trgovina\",\"item\":\"https:\/\/hermossa.eu\/sl\/trgovina\/\"},{\"@type\":\"ListItem\",\"position\":3,\"name\":\"Prstan s cirkon kamni\"}]},{\"@type\":\"WebSite\",\"@id\":\"https:\/\/hermossa.eu\/#website\",\"url\":\"https:\/\/hermossa.eu\/\",\"name\":\"Hermossa\",\"description\":\"web store\",\"publisher\":{\"@id\":\"https:\/\/hermossa.eu\/#organization\"},\"potentialAction\":[{\"@type\":\"SearchAction\",\"target\":{\"@type\":\"EntryPoint\",\"urlTemplate\":\"https:\/\/hermossa.eu\/?s={search_term_string}\"},\"query-input\":\"required name=search_term_string\"}],\"inLanguage\":\"sl-SI\"},{\"@type\":\"Organization\",\"@id\":\"https:\/\/hermossa.eu\/#organization\",\"name\":\"Hermossa.eu\",\"url\":\"https:\/\/hermossa.eu\/\",\"logo\":{\"@type\":\"ImageObject\",\"inLanguage\":\"sl-SI\",\"@id\":\"https:\/\/hermossa.eu\/#\/schema\/logo\/image\/\",\"url\":\"https:\/\/hermossa.eu\/wp-content\/uploads\/2019\/10\/logo-h.jpg\",\"contentUrl\":\"https:\/\/hermossa.eu\/wp-content\/uploads\/2019\/10\/logo-h.jpg\",\"width\":500,\"height\":500,\"caption\":\"Hermossa.eu\"},\"image\":{\"@id\":\"https:\/\/hermossa.eu\/#\/schema\/logo\/image\/\"}}]}<\/script>\n<!-- \/ Yoast SEO plugin. -->","yoast_head_json":{"title":"Prstan s cirkon kamni - Spletna prodaja","description":"\u017denski prstani Le Corone, kolekcija INTRIGO, prodaja v spletni trgovini Hermossa.eu. Prstani kvalitetne izdelave s cirkon kamni in silikonskim obro\u010dem.","robots":{"index":"index","follow":"follow","max-snippet":"max-snippet:-1","max-image-preview":"max-image-preview:large","max-video-preview":"max-video-preview:-1"},"canonical":"https:\/\/hermossa.eu\/sl\/izdelek\/prstan-cirkon-kamni\/","og_locale":"sl_SI","og_type":"article","og_title":"Prstan s cirkon kamni - Spletna prodaja","og_description":"\u017denski prstani Le Corone, kolekcija INTRIGO, prodaja v spletni trgovini Hermossa.eu. Prstani kvalitetne izdelave s cirkon kamni in silikonskim obro\u010dem.","og_url":"https:\/\/hermossa.eu\/sl\/izdelek\/prstan-cirkon-kamni\/","og_site_name":"Hermossa","article_modified_time":"2023-03-03T10:00:39+00:00","og_image":[{"width":1920,"height":2560,"url":"https:\/\/hermossa.eu\/wp-content\/uploads\/2022\/11\/E074DFAF-9246-4918-8D98-6B63AEF66335-scaled.jpeg","type":"image\/jpeg"}],"twitter_misc":{"Est. reading time":"1 minuta"},"schema":{"@context":"https:\/\/schema.org","@graph":[{"@type":"WebPage","@id":"https:\/\/hermossa.eu\/sl\/izdelek\/prstan-cirkon-kamni\/","url":"https:\/\/hermossa.eu\/sl\/izdelek\/prstan-cirkon-kamni\/","name":"Prstan s cirkon kamni - Spletna prodaja","isPartOf":{"@id":"https:\/\/hermossa.eu\/#website"},"datePublished":"2023-03-02T11:11:13+00:00","dateModified":"2023-03-03T10:00:39+00:00","description":"\u017denski prstani Le Corone, kolekcija INTRIGO, prodaja v spletni trgovini Hermossa.eu. Prstani kvalitetne izdelave s cirkon kamni in silikonskim obro\u010dem.","breadcrumb":{"@id":"https:\/\/hermossa.eu\/sl\/izdelek\/prstan-cirkon-kamni\/#breadcrumb"},"inLanguage":"sl-SI","potentialAction":[{"@type":"ReadAction","target":["https:\/\/hermossa.eu\/sl\/izdelek\/prstan-cirkon-kamni\/"]}]},{"@type":"BreadcrumbList","@id":"https:\/\/hermossa.eu\/sl\/izdelek\/prstan-cirkon-kamni\/#breadcrumb","itemListElement":[{"@type":"ListItem","position":1,"name":"Home","item":"https:\/\/hermossa.eu\/"},{"@type":"ListItem","position":2,"name":"Trgovina","item":"https:\/\/hermossa.eu\/sl\/trgovina\/"},{"@type":"ListItem","position":3,"name":"Prstan s cirkon kamni"}]},{"@type":"WebSite","@id":"https:\/\/hermossa.eu\/#website","url":"https:\/\/hermossa.eu\/","name":"Hermossa","description":"web store","publisher":{"@id":"https:\/\/hermossa.eu\/#organization"},"potentialAction":[{"@type":"SearchAction","target":{"@type":"EntryPoint","urlTemplate":"https:\/\/hermossa.eu\/?s={search_term_string}"},"query-input":"required name=search_term_string"}],"inLanguage":"sl-SI"},{"@type":"Organization","@id":"https:\/\/hermossa.eu\/#organization","name":"Hermossa.eu","url":"https:\/\/hermossa.eu\/","logo":{"@type":"ImageObject","inLanguage":"sl-SI","@id":"https:\/\/hermossa.eu\/#\/schema\/logo\/image\/","url":"https:\/\/hermossa.eu\/wp-content\/uploads\/2019\/10\/logo-h.jpg","contentUrl":"https:\/\/hermossa.eu\/wp-content\/uploads\/2019\/10\/logo-h.jpg","width":500,"height":500,"caption":"Hermossa.eu"},"image":{"@id":"https:\/\/hermossa.eu\/#\/schema\/logo\/image\/"}}]}},"_links":{"self":[{"href":"https:\/\/hermossa.eu\/sl\/wp-json\/wp\/v2\/product\/15402"}],"collection":[{"href":"https:\/\/hermossa.eu\/sl\/wp-json\/wp\/v2\/product"}],"about":[{"href":"https:\/\/hermossa.eu\/sl\/wp-json\/wp\/v2\/types\/product"}],"wp:featuredmedia":[{"embeddable":true,"href":"https:\/\/hermossa.eu\/sl\/wp-json\/wp\/v2\/media\/14370"}],"wp:attachment":[{"href":"https:\/\/hermossa.eu\/sl\/wp-json\/wp\/v2\/media?parent=15402"}],"curies":[{"name":"wp","href":"https:\/\/api.w.org\/{rel}","templated":true}]}}