{"id":15511,"date":"2023-04-08T16:32:17","date_gmt":"2023-04-08T16:32:17","guid":{"rendered":"https:\/\/hermossa.eu\/?post_type=product&#038;p=15511"},"modified":"2023-04-08T16:53:22","modified_gmt":"2023-04-08T16:53:22","slug":"prstan-forever-le-corone-zelen","status":"publish","type":"product","link":"https:\/\/hermossa.eu\/sl\/izdelek\/prstan-forever-le-corone-zelen\/","title":{"rendered":"Prstan Forever, Le Corone, zelen"},"content":{"rendered":"<p>Modne \u017denske Prstane kolekcije Forever karakterizira prefinjena preprostost po nac\u030celu \u201cmanj je vec\u030c\u201d, kar se odraz\u030ca v minimallistic\u030cnem dizajnu. Obroc\u030ci z 11 barvnimi kubic\u030cnimi cirkoni, so prefinjen modni dodatek za vse tiste, ki so rade drugac\u030cne pa vendar ne vpadljive. Za bolj bles\u030cc\u030cec\u030c videz natakni vec\u030c obroc\u030cev na isti prst ali na vec\u030c prstov na isti roki, za popoln videz pa izberi s\u030ce zapestnico, dve ali vec\u030c iz kolekcije Forever.<\/p>\n<p>Le Corone Prstan Forever iz srebra 925 prevlec\u030cen z rose ali belim zlatom, vgrajenimi kubic\u030cnimi cirkon kamni ter enostavno prilagodljivim hipoalergenski silikonskim obroc\u030cem.<\/p>\n","protected":false},"excerpt":{"rendered":"<p>Le Corone Prstan Forever iz srebra 925 prevlec\u030cen z rodijem ter vgrajenimi tremi kubic\u030cnimi cirkon kamni sverlo zelen barve z enostavno prilagodljivim hipoalergenski silikonskim obroc\u030cem.<\/p>\n<p>V ceno sta vkljuc\u030cena\u00a0 \u0161e dva dodatna silikonska obroc\u030ca (\u010crna barva je \u017ee vklju\u010dena v ceno: izbirate lahko \u0161e med naslednjimi barvami: bela, rde\u010da, modra, olivno zelena, srebrna, zlata, vijoli\u010dna, nude, turkizna &#8211; napi\u0161ite v kometar)<\/p>\n<ul>\n<li>darilna embala\u017ea, certifikat<\/li>\n<li>100% narejeno v Italiji<\/li>\n<\/ul>\n","protected":false},"featured_media":8232,"template":"","meta":[],"yoast_head":"<!-- This site is optimized with the Yoast SEO plugin v19.10 - https:\/\/yoast.com\/wordpress\/plugins\/seo\/ -->\n<title>Prstan Forever, Le Corone, zelen - spletna prodaja Hermossa<\/title>\n<meta name=\"description\" content=\"Le Corone Prstan Forever iz srebra 925 prevlec\u030cen z rodijem, vgrajenimi kubic\u030cnimi cirkon kamni; prilagodljiv silionski obro\u010d\" \/>\n<meta name=\"robots\" content=\"index, follow, max-snippet:-1, max-image-preview:large, max-video-preview:-1\" \/>\n<link rel=\"canonical\" href=\"https:\/\/hermossa.eu\/sl\/izdelek\/prstan-forever-le-corone-zelen\/\" \/>\n<meta property=\"og:locale\" content=\"sl_SI\" \/>\n<meta property=\"og:type\" content=\"article\" \/>\n<meta property=\"og:title\" content=\"Prstan Forever, Le Corone, zelen - spletna prodaja Hermossa\" \/>\n<meta property=\"og:description\" content=\"Le Corone Prstan Forever iz srebra 925 prevlec\u030cen z rodijem, vgrajenimi kubic\u030cnimi cirkon kamni; prilagodljiv silionski obro\u010d\" \/>\n<meta property=\"og:url\" content=\"https:\/\/hermossa.eu\/sl\/izdelek\/prstan-forever-le-corone-zelen\/\" \/>\n<meta property=\"og:site_name\" content=\"Hermossa\" \/>\n<meta property=\"article:modified_time\" content=\"2023-04-08T16:53:22+00:00\" \/>\n<meta property=\"og:image\" content=\"https:\/\/hermossa.eu\/wp-content\/uploads\/2019\/02\/ANFE04W.jpg\" \/>\n\t<meta property=\"og:image:width\" content=\"550\" \/>\n\t<meta property=\"og:image:height\" content=\"550\" \/>\n\t<meta property=\"og:image:type\" content=\"image\/jpeg\" \/>\n<meta name=\"twitter:label1\" content=\"Est. reading time\" \/>\n\t<meta name=\"twitter:data1\" content=\"1 minuta\" \/>\n<script type=\"application\/ld+json\" class=\"yoast-schema-graph\">{\"@context\":\"https:\/\/schema.org\",\"@graph\":[{\"@type\":\"WebPage\",\"@id\":\"https:\/\/hermossa.eu\/sl\/izdelek\/prstan-forever-le-corone-zelen\/\",\"url\":\"https:\/\/hermossa.eu\/sl\/izdelek\/prstan-forever-le-corone-zelen\/\",\"name\":\"Prstan Forever, Le Corone, zelen - spletna prodaja Hermossa\",\"isPartOf\":{\"@id\":\"https:\/\/hermossa.eu\/#website\"},\"datePublished\":\"2023-04-08T16:32:17+00:00\",\"dateModified\":\"2023-04-08T16:53:22+00:00\",\"description\":\"Le Corone Prstan Forever iz srebra 925 prevlec\u030cen z rodijem, vgrajenimi kubic\u030cnimi cirkon kamni; prilagodljiv silionski obro\u010d\",\"breadcrumb\":{\"@id\":\"https:\/\/hermossa.eu\/sl\/izdelek\/prstan-forever-le-corone-zelen\/#breadcrumb\"},\"inLanguage\":\"sl-SI\",\"potentialAction\":[{\"@type\":\"ReadAction\",\"target\":[\"https:\/\/hermossa.eu\/sl\/izdelek\/prstan-forever-le-corone-zelen\/\"]}]},{\"@type\":\"BreadcrumbList\",\"@id\":\"https:\/\/hermossa.eu\/sl\/izdelek\/prstan-forever-le-corone-zelen\/#breadcrumb\",\"itemListElement\":[{\"@type\":\"ListItem\",\"position\":1,\"name\":\"Home\",\"item\":\"https:\/\/hermossa.eu\/\"},{\"@type\":\"ListItem\",\"position\":2,\"name\":\"Trgovina\",\"item\":\"https:\/\/hermossa.eu\/sl\/trgovina\/\"},{\"@type\":\"ListItem\",\"position\":3,\"name\":\"Prstan Forever, Le Corone, zelen\"}]},{\"@type\":\"WebSite\",\"@id\":\"https:\/\/hermossa.eu\/#website\",\"url\":\"https:\/\/hermossa.eu\/\",\"name\":\"Hermossa\",\"description\":\"web store\",\"publisher\":{\"@id\":\"https:\/\/hermossa.eu\/#organization\"},\"potentialAction\":[{\"@type\":\"SearchAction\",\"target\":{\"@type\":\"EntryPoint\",\"urlTemplate\":\"https:\/\/hermossa.eu\/?s={search_term_string}\"},\"query-input\":\"required name=search_term_string\"}],\"inLanguage\":\"sl-SI\"},{\"@type\":\"Organization\",\"@id\":\"https:\/\/hermossa.eu\/#organization\",\"name\":\"Hermossa.eu\",\"url\":\"https:\/\/hermossa.eu\/\",\"logo\":{\"@type\":\"ImageObject\",\"inLanguage\":\"sl-SI\",\"@id\":\"https:\/\/hermossa.eu\/#\/schema\/logo\/image\/\",\"url\":\"https:\/\/hermossa.eu\/wp-content\/uploads\/2019\/10\/logo-h.jpg\",\"contentUrl\":\"https:\/\/hermossa.eu\/wp-content\/uploads\/2019\/10\/logo-h.jpg\",\"width\":500,\"height\":500,\"caption\":\"Hermossa.eu\"},\"image\":{\"@id\":\"https:\/\/hermossa.eu\/#\/schema\/logo\/image\/\"}}]}<\/script>\n<!-- \/ Yoast SEO plugin. -->","yoast_head_json":{"title":"Prstan Forever, Le Corone, zelen - spletna prodaja Hermossa","description":"Le Corone Prstan Forever iz srebra 925 prevlec\u030cen z rodijem, vgrajenimi kubic\u030cnimi cirkon kamni; prilagodljiv silionski obro\u010d","robots":{"index":"index","follow":"follow","max-snippet":"max-snippet:-1","max-image-preview":"max-image-preview:large","max-video-preview":"max-video-preview:-1"},"canonical":"https:\/\/hermossa.eu\/sl\/izdelek\/prstan-forever-le-corone-zelen\/","og_locale":"sl_SI","og_type":"article","og_title":"Prstan Forever, Le Corone, zelen - spletna prodaja Hermossa","og_description":"Le Corone Prstan Forever iz srebra 925 prevlec\u030cen z rodijem, vgrajenimi kubic\u030cnimi cirkon kamni; prilagodljiv silionski obro\u010d","og_url":"https:\/\/hermossa.eu\/sl\/izdelek\/prstan-forever-le-corone-zelen\/","og_site_name":"Hermossa","article_modified_time":"2023-04-08T16:53:22+00:00","og_image":[{"width":550,"height":550,"url":"https:\/\/hermossa.eu\/wp-content\/uploads\/2019\/02\/ANFE04W.jpg","type":"image\/jpeg"}],"twitter_misc":{"Est. reading time":"1 minuta"},"schema":{"@context":"https:\/\/schema.org","@graph":[{"@type":"WebPage","@id":"https:\/\/hermossa.eu\/sl\/izdelek\/prstan-forever-le-corone-zelen\/","url":"https:\/\/hermossa.eu\/sl\/izdelek\/prstan-forever-le-corone-zelen\/","name":"Prstan Forever, Le Corone, zelen - spletna prodaja Hermossa","isPartOf":{"@id":"https:\/\/hermossa.eu\/#website"},"datePublished":"2023-04-08T16:32:17+00:00","dateModified":"2023-04-08T16:53:22+00:00","description":"Le Corone Prstan Forever iz srebra 925 prevlec\u030cen z rodijem, vgrajenimi kubic\u030cnimi cirkon kamni; prilagodljiv silionski obro\u010d","breadcrumb":{"@id":"https:\/\/hermossa.eu\/sl\/izdelek\/prstan-forever-le-corone-zelen\/#breadcrumb"},"inLanguage":"sl-SI","potentialAction":[{"@type":"ReadAction","target":["https:\/\/hermossa.eu\/sl\/izdelek\/prstan-forever-le-corone-zelen\/"]}]},{"@type":"BreadcrumbList","@id":"https:\/\/hermossa.eu\/sl\/izdelek\/prstan-forever-le-corone-zelen\/#breadcrumb","itemListElement":[{"@type":"ListItem","position":1,"name":"Home","item":"https:\/\/hermossa.eu\/"},{"@type":"ListItem","position":2,"name":"Trgovina","item":"https:\/\/hermossa.eu\/sl\/trgovina\/"},{"@type":"ListItem","position":3,"name":"Prstan Forever, Le Corone, zelen"}]},{"@type":"WebSite","@id":"https:\/\/hermossa.eu\/#website","url":"https:\/\/hermossa.eu\/","name":"Hermossa","description":"web store","publisher":{"@id":"https:\/\/hermossa.eu\/#organization"},"potentialAction":[{"@type":"SearchAction","target":{"@type":"EntryPoint","urlTemplate":"https:\/\/hermossa.eu\/?s={search_term_string}"},"query-input":"required name=search_term_string"}],"inLanguage":"sl-SI"},{"@type":"Organization","@id":"https:\/\/hermossa.eu\/#organization","name":"Hermossa.eu","url":"https:\/\/hermossa.eu\/","logo":{"@type":"ImageObject","inLanguage":"sl-SI","@id":"https:\/\/hermossa.eu\/#\/schema\/logo\/image\/","url":"https:\/\/hermossa.eu\/wp-content\/uploads\/2019\/10\/logo-h.jpg","contentUrl":"https:\/\/hermossa.eu\/wp-content\/uploads\/2019\/10\/logo-h.jpg","width":500,"height":500,"caption":"Hermossa.eu"},"image":{"@id":"https:\/\/hermossa.eu\/#\/schema\/logo\/image\/"}}]}},"_links":{"self":[{"href":"https:\/\/hermossa.eu\/sl\/wp-json\/wp\/v2\/product\/15511"}],"collection":[{"href":"https:\/\/hermossa.eu\/sl\/wp-json\/wp\/v2\/product"}],"about":[{"href":"https:\/\/hermossa.eu\/sl\/wp-json\/wp\/v2\/types\/product"}],"wp:featuredmedia":[{"embeddable":true,"href":"https:\/\/hermossa.eu\/sl\/wp-json\/wp\/v2\/media\/8232"}],"wp:attachment":[{"href":"https:\/\/hermossa.eu\/sl\/wp-json\/wp\/v2\/media?parent=15511"}],"curies":[{"name":"wp","href":"https:\/\/api.w.org\/{rel}","templated":true}]}}