{"id":15705,"date":"2023-05-10T16:51:15","date_gmt":"2023-05-10T16:51:16","guid":{"rendered":"https:\/\/hermossa.eu\/?post_type=product&#038;p=15705"},"modified":"2023-05-10T17:05:45","modified_gmt":"2023-05-10T17:05:45","slug":"zenski-modni-prstan-le-corone-moder","status":"publish","type":"product","link":"https:\/\/hermossa.eu\/sl\/izdelek\/zenski-modni-prstan-le-corone-moder\/","title":{"rendered":"\u017denski Modni Prstan Le Corone Mini moder"},"content":{"rendered":"<div title=\"Page 4\">\n<div>\n<div>\n<div>\n<p>\u017denski Modni Prstani Mini so namenjeni z\u030censkam, katerih stil je eleganten in prefinjen v kombinaciji z manjs\u030cim nakitom. Zas\u030cc\u030citni znak Prstanov Mini je krona, ki obdaja barvite, lesketajoc\u030ce kamne, kar daje prstanom c\u030caroben videz in moc\u030can znac\u030caj. Deset barvnih odtenkov kamnov reinterpretira klasic\u030cne briljante, in ponuja skupaj z dvema inovativnima res\u030citvama, 20 neustavljivih kombinacij, ki izpolnijo vsak z\u030censki okus. Prstane Mini kombiniraj s Prstanom Classic ali Magnum ali v kombinaciji obeh, natakni enega na vrh drugega na isti prst in se poigraj s kontrastnimi toni barv ali prstani enakih barv. Uc\u030cinek je zagotovljen!<\/p>\n<\/div>\n<\/div>\n<\/div>\n<\/div>\n<div title=\"Page 5\">\n<p>Bodi neustavljiva, izpopolni svoj izgled z Zapestnico Mini in zablestela bos\u030c z elegantno in edinstveno zbirko nakita ob vsaki priloz\u030cnosti. \u010cudoviti modni italijanski prstani na voljo v online spletni trgovini Hermossa.eu<\/p>\n<\/div>\n","protected":false},"excerpt":{"rendered":"<p>\u017denski Prstan Le Corone Mini iz Srebra 925, prevlec\u030cenega z belim zlatom ter visoko kakovostni kubic\u030cni cirkon kamen modre barve, premera 6 mm. DSve snemljivi srebrni zakovici.<\/p>\n<p>Hipoalergenski silikonski obroc\u030c je prilagodljiv na vse velikosti.<\/p>\n<p>V ceno sta vkljuc\u030cena dva dodatna silikonska obroc\u030ca (\u010drna barva je \u017ee vklju\u010dena v ceno: Lahko izbira\u0161 \u0161e med dvema barvama (napi\u0161i v komentar): modra, bela, rde\u010da, vijoli\u010dna, nude, srebrna, turkizna<\/p>\n<p>&#8211; darilna embala\u017ea. 100% narejeno v Italiji.<\/p>\n<p><span>*Sledovi mila na povr\u0161ini nakita prispevajo k izgubi leska zlata, zato je nakit med\u00a0<\/span><em>umivanjem,<\/em><span>\u00a0tu\u0161iranjem ali pred uporabo kreme priporo\u010dljivo sneti.<\/span><\/p>\n","protected":false},"featured_media":15586,"template":"","meta":[],"yoast_head":"<!-- This site is optimized with the Yoast SEO plugin v19.10 - https:\/\/yoast.com\/wordpress\/plugins\/seo\/ -->\n<title>\u017denski Prstan Le Corone Mini moder - Prodaja: Hermossa Spletna Trgovina\u00a0<\/title>\n<meta name=\"robots\" content=\"index, follow, max-snippet:-1, max-image-preview:large, max-video-preview:-1\" \/>\n<link rel=\"canonical\" href=\"https:\/\/hermossa.eu\/sl\/izdelek\/zenski-modni-prstan-le-corone-moder\/\" \/>\n<meta property=\"og:locale\" content=\"sl_SI\" \/>\n<meta property=\"og:type\" content=\"article\" \/>\n<meta property=\"og:title\" content=\"\u017denski Prstan Le Corone Mini moder - Prodaja: Hermossa Spletna Trgovina\u00a0\" \/>\n<meta property=\"og:description\" content=\"\u017denski Prstan Le Corone Mini iz Srebra 925, prevlec\u030cenega z belim zlatom ter visoko kakovostni kubic\u030cni cirkon kamen modre barve, premera 6 mm. DSve snemljivi srebrni zakovici.  Hipoalergenski silikonski obroc\u030c je prilagodljiv na vse velikosti.  V ceno sta vkljuc\u030cena dva dodatna silikonska obroc\u030ca (\u010drna barva je \u017ee vklju\u010dena v ceno: Lahko izbira\u0161 \u0161e med dvema barvama (napi\u0161i v komentar): modra, bela, rde\u010da, vijoli\u010dna, nude, srebrna, turkizna  - darilna embala\u017ea. 100% narejeno v Italiji.  *Sledovi mila na povr\u0161ini nakita prispevajo k izgubi leska zlata, zato je nakit med\u00a0umivanjem,\u00a0tu\u0161iranjem ali pred uporabo kreme priporo\u010dljivo sneti.\" \/>\n<meta property=\"og:url\" content=\"https:\/\/hermossa.eu\/sl\/izdelek\/zenski-modni-prstan-le-corone-moder\/\" \/>\n<meta property=\"og:site_name\" content=\"Hermossa\" \/>\n<meta property=\"article:modified_time\" content=\"2023-05-10T17:05:45+00:00\" \/>\n<meta property=\"og:image\" content=\"https:\/\/hermossa.eu\/wp-content\/uploads\/2023\/04\/F04B2ACD-35FA-421E-96FE-C43413D19FCE-scaled.jpeg\" \/>\n\t<meta property=\"og:image:width\" content=\"1753\" \/>\n\t<meta property=\"og:image:height\" content=\"2560\" \/>\n\t<meta property=\"og:image:type\" content=\"image\/jpeg\" \/>\n<meta name=\"twitter:label1\" content=\"Est. reading time\" \/>\n\t<meta name=\"twitter:data1\" content=\"1 minuta\" \/>\n<script type=\"application\/ld+json\" class=\"yoast-schema-graph\">{\"@context\":\"https:\/\/schema.org\",\"@graph\":[{\"@type\":\"WebPage\",\"@id\":\"https:\/\/hermossa.eu\/sl\/izdelek\/zenski-modni-prstan-le-corone-moder\/\",\"url\":\"https:\/\/hermossa.eu\/sl\/izdelek\/zenski-modni-prstan-le-corone-moder\/\",\"name\":\"\u017denski Prstan Le Corone Mini moder - Prodaja: Hermossa Spletna Trgovina\u00a0\",\"isPartOf\":{\"@id\":\"https:\/\/hermossa.eu\/#website\"},\"datePublished\":\"2023-05-10T16:51:16+00:00\",\"dateModified\":\"2023-05-10T17:05:45+00:00\",\"breadcrumb\":{\"@id\":\"https:\/\/hermossa.eu\/sl\/izdelek\/zenski-modni-prstan-le-corone-moder\/#breadcrumb\"},\"inLanguage\":\"sl-SI\",\"potentialAction\":[{\"@type\":\"ReadAction\",\"target\":[\"https:\/\/hermossa.eu\/sl\/izdelek\/zenski-modni-prstan-le-corone-moder\/\"]}]},{\"@type\":\"BreadcrumbList\",\"@id\":\"https:\/\/hermossa.eu\/sl\/izdelek\/zenski-modni-prstan-le-corone-moder\/#breadcrumb\",\"itemListElement\":[{\"@type\":\"ListItem\",\"position\":1,\"name\":\"Home\",\"item\":\"https:\/\/hermossa.eu\/\"},{\"@type\":\"ListItem\",\"position\":2,\"name\":\"Trgovina\",\"item\":\"https:\/\/hermossa.eu\/sl\/trgovina\/\"},{\"@type\":\"ListItem\",\"position\":3,\"name\":\"\u017denski Modni Prstan Le Corone Mini moder\"}]},{\"@type\":\"WebSite\",\"@id\":\"https:\/\/hermossa.eu\/#website\",\"url\":\"https:\/\/hermossa.eu\/\",\"name\":\"Hermossa\",\"description\":\"web store\",\"publisher\":{\"@id\":\"https:\/\/hermossa.eu\/#organization\"},\"potentialAction\":[{\"@type\":\"SearchAction\",\"target\":{\"@type\":\"EntryPoint\",\"urlTemplate\":\"https:\/\/hermossa.eu\/?s={search_term_string}\"},\"query-input\":\"required name=search_term_string\"}],\"inLanguage\":\"sl-SI\"},{\"@type\":\"Organization\",\"@id\":\"https:\/\/hermossa.eu\/#organization\",\"name\":\"Hermossa.eu\",\"url\":\"https:\/\/hermossa.eu\/\",\"logo\":{\"@type\":\"ImageObject\",\"inLanguage\":\"sl-SI\",\"@id\":\"https:\/\/hermossa.eu\/#\/schema\/logo\/image\/\",\"url\":\"https:\/\/hermossa.eu\/wp-content\/uploads\/2019\/10\/logo-h.jpg\",\"contentUrl\":\"https:\/\/hermossa.eu\/wp-content\/uploads\/2019\/10\/logo-h.jpg\",\"width\":500,\"height\":500,\"caption\":\"Hermossa.eu\"},\"image\":{\"@id\":\"https:\/\/hermossa.eu\/#\/schema\/logo\/image\/\"}}]}<\/script>\n<!-- \/ Yoast SEO plugin. -->","yoast_head_json":{"title":"\u017denski Prstan Le Corone Mini moder - Prodaja: Hermossa Spletna Trgovina\u00a0","robots":{"index":"index","follow":"follow","max-snippet":"max-snippet:-1","max-image-preview":"max-image-preview:large","max-video-preview":"max-video-preview:-1"},"canonical":"https:\/\/hermossa.eu\/sl\/izdelek\/zenski-modni-prstan-le-corone-moder\/","og_locale":"sl_SI","og_type":"article","og_title":"\u017denski Prstan Le Corone Mini moder - Prodaja: Hermossa Spletna Trgovina\u00a0","og_description":"\u017denski Prstan Le Corone Mini iz Srebra 925, prevlec\u030cenega z belim zlatom ter visoko kakovostni kubic\u030cni cirkon kamen modre barve, premera 6 mm. DSve snemljivi srebrni zakovici.  Hipoalergenski silikonski obroc\u030c je prilagodljiv na vse velikosti.  V ceno sta vkljuc\u030cena dva dodatna silikonska obroc\u030ca (\u010drna barva je \u017ee vklju\u010dena v ceno: Lahko izbira\u0161 \u0161e med dvema barvama (napi\u0161i v komentar): modra, bela, rde\u010da, vijoli\u010dna, nude, srebrna, turkizna  - darilna embala\u017ea. 100% narejeno v Italiji.  *Sledovi mila na povr\u0161ini nakita prispevajo k izgubi leska zlata, zato je nakit med\u00a0umivanjem,\u00a0tu\u0161iranjem ali pred uporabo kreme priporo\u010dljivo sneti.","og_url":"https:\/\/hermossa.eu\/sl\/izdelek\/zenski-modni-prstan-le-corone-moder\/","og_site_name":"Hermossa","article_modified_time":"2023-05-10T17:05:45+00:00","og_image":[{"width":1753,"height":2560,"url":"https:\/\/hermossa.eu\/wp-content\/uploads\/2023\/04\/F04B2ACD-35FA-421E-96FE-C43413D19FCE-scaled.jpeg","type":"image\/jpeg"}],"twitter_misc":{"Est. reading time":"1 minuta"},"schema":{"@context":"https:\/\/schema.org","@graph":[{"@type":"WebPage","@id":"https:\/\/hermossa.eu\/sl\/izdelek\/zenski-modni-prstan-le-corone-moder\/","url":"https:\/\/hermossa.eu\/sl\/izdelek\/zenski-modni-prstan-le-corone-moder\/","name":"\u017denski Prstan Le Corone Mini moder - Prodaja: Hermossa Spletna Trgovina\u00a0","isPartOf":{"@id":"https:\/\/hermossa.eu\/#website"},"datePublished":"2023-05-10T16:51:16+00:00","dateModified":"2023-05-10T17:05:45+00:00","breadcrumb":{"@id":"https:\/\/hermossa.eu\/sl\/izdelek\/zenski-modni-prstan-le-corone-moder\/#breadcrumb"},"inLanguage":"sl-SI","potentialAction":[{"@type":"ReadAction","target":["https:\/\/hermossa.eu\/sl\/izdelek\/zenski-modni-prstan-le-corone-moder\/"]}]},{"@type":"BreadcrumbList","@id":"https:\/\/hermossa.eu\/sl\/izdelek\/zenski-modni-prstan-le-corone-moder\/#breadcrumb","itemListElement":[{"@type":"ListItem","position":1,"name":"Home","item":"https:\/\/hermossa.eu\/"},{"@type":"ListItem","position":2,"name":"Trgovina","item":"https:\/\/hermossa.eu\/sl\/trgovina\/"},{"@type":"ListItem","position":3,"name":"\u017denski Modni Prstan Le Corone Mini moder"}]},{"@type":"WebSite","@id":"https:\/\/hermossa.eu\/#website","url":"https:\/\/hermossa.eu\/","name":"Hermossa","description":"web store","publisher":{"@id":"https:\/\/hermossa.eu\/#organization"},"potentialAction":[{"@type":"SearchAction","target":{"@type":"EntryPoint","urlTemplate":"https:\/\/hermossa.eu\/?s={search_term_string}"},"query-input":"required name=search_term_string"}],"inLanguage":"sl-SI"},{"@type":"Organization","@id":"https:\/\/hermossa.eu\/#organization","name":"Hermossa.eu","url":"https:\/\/hermossa.eu\/","logo":{"@type":"ImageObject","inLanguage":"sl-SI","@id":"https:\/\/hermossa.eu\/#\/schema\/logo\/image\/","url":"https:\/\/hermossa.eu\/wp-content\/uploads\/2019\/10\/logo-h.jpg","contentUrl":"https:\/\/hermossa.eu\/wp-content\/uploads\/2019\/10\/logo-h.jpg","width":500,"height":500,"caption":"Hermossa.eu"},"image":{"@id":"https:\/\/hermossa.eu\/#\/schema\/logo\/image\/"}}]}},"_links":{"self":[{"href":"https:\/\/hermossa.eu\/sl\/wp-json\/wp\/v2\/product\/15705"}],"collection":[{"href":"https:\/\/hermossa.eu\/sl\/wp-json\/wp\/v2\/product"}],"about":[{"href":"https:\/\/hermossa.eu\/sl\/wp-json\/wp\/v2\/types\/product"}],"wp:featuredmedia":[{"embeddable":true,"href":"https:\/\/hermossa.eu\/sl\/wp-json\/wp\/v2\/media\/15586"}],"wp:attachment":[{"href":"https:\/\/hermossa.eu\/sl\/wp-json\/wp\/v2\/media?parent=15705"}],"curies":[{"name":"wp","href":"https:\/\/api.w.org\/{rel}","templated":true}]}}