{"id":15945,"date":"2025-03-02T16:14:57","date_gmt":"2025-03-02T16:14:57","guid":{"rendered":"https:\/\/hermossa.eu\/?post_type=product&#038;p=15945"},"modified":"2025-03-02T16:23:17","modified_gmt":"2025-03-02T16:23:17","slug":"lux-trilogy-prstan","status":"publish","type":"product","link":"https:\/\/hermossa.eu\/sl\/izdelek\/lux-trilogy-prstan\/","title":{"rendered":"Lux Trilogy prstan"},"content":{"rendered":"","protected":false},"excerpt":{"rendered":"<p>Le CORONE Prstan iz Srebra 925, prevlec\u030cenega z rose zlatom; Na vsaki strani prstana so 3 kubic\u030cni cirkon kamni v svetlo modri in vijoli\u010dni barvi (model Trilogy) ter sredinski prstan z majhnimi belimi kubic\u030cni cirkon kamni (model Forever).<\/p>\n<p>Prstan se lahko nosi kot trojni ali pa se preprosto razstavi in se nosi vsak prstan posebej (kot model Trilogy in Forever).<\/p>\n<p>\u010ce ti je silikonski obro\u010d prstana prevelik, ga je mo\u017eno nastaviti (enostavno skraj\u0161ati s \u0161karjami) ali ga zamenjati z drugo barvo silikona.<\/p>\n<p>V ceno sta vkljuc\u030cena dva dodatna silikonska obroc\u030ca (razli\u010dni barvi), darilna embala\u017ea, certifikat. 100% narejeno v Italiji.<\/p>\n","protected":false},"featured_media":15937,"template":"","meta":[],"yoast_head":"<!-- This site is optimized with the Yoast SEO plugin v19.10 - https:\/\/yoast.com\/wordpress\/plugins\/seo\/ -->\n<title>Lux Trilogy prstan<\/title>\n<meta name=\"description\" content=\"\u010ce ti je silikonski obro\u010d prstana prevelik, ga je mo\u017eno nastaviti (enostavno skraj\u0161ati s \u0161karjami) ali ga zamenjati z drugo barvo silikona.\" \/>\n<meta name=\"robots\" content=\"index, follow, max-snippet:-1, max-image-preview:large, max-video-preview:-1\" \/>\n<link rel=\"canonical\" href=\"https:\/\/hermossa.eu\/sl\/izdelek\/lux-trilogy-prstan\/\" \/>\n<meta property=\"og:locale\" content=\"sl_SI\" \/>\n<meta property=\"og:type\" content=\"article\" \/>\n<meta property=\"og:title\" content=\"Lux Trilogy prstan\" \/>\n<meta property=\"og:description\" content=\"\u010ce ti je silikonski obro\u010d prstana prevelik, ga je mo\u017eno nastaviti (enostavno skraj\u0161ati s \u0161karjami) ali ga zamenjati z drugo barvo silikona.\" \/>\n<meta property=\"og:url\" content=\"https:\/\/hermossa.eu\/sl\/izdelek\/lux-trilogy-prstan\/\" \/>\n<meta property=\"og:site_name\" content=\"Hermossa\" \/>\n<meta property=\"article:modified_time\" content=\"2025-03-02T16:23:17+00:00\" \/>\n<meta property=\"og:image\" content=\"https:\/\/hermossa.eu\/wp-content\/uploads\/2025\/03\/989386c2-429e-4d21-9a98-dc85b68f974e.jpeg\" \/>\n\t<meta property=\"og:image:width\" content=\"722\" \/>\n\t<meta property=\"og:image:height\" content=\"704\" \/>\n\t<meta property=\"og:image:type\" content=\"image\/jpeg\" \/>\n<script type=\"application\/ld+json\" class=\"yoast-schema-graph\">{\"@context\":\"https:\/\/schema.org\",\"@graph\":[{\"@type\":\"WebPage\",\"@id\":\"https:\/\/hermossa.eu\/sl\/izdelek\/lux-trilogy-prstan\/\",\"url\":\"https:\/\/hermossa.eu\/sl\/izdelek\/lux-trilogy-prstan\/\",\"name\":\"Lux Trilogy prstan\",\"isPartOf\":{\"@id\":\"https:\/\/hermossa.eu\/#website\"},\"datePublished\":\"2025-03-02T16:14:57+00:00\",\"dateModified\":\"2025-03-02T16:23:17+00:00\",\"description\":\"\u010ce ti je silikonski obro\u010d prstana prevelik, ga je mo\u017eno nastaviti (enostavno skraj\u0161ati s \u0161karjami) ali ga zamenjati z drugo barvo silikona.\",\"breadcrumb\":{\"@id\":\"https:\/\/hermossa.eu\/sl\/izdelek\/lux-trilogy-prstan\/#breadcrumb\"},\"inLanguage\":\"sl-SI\",\"potentialAction\":[{\"@type\":\"ReadAction\",\"target\":[\"https:\/\/hermossa.eu\/sl\/izdelek\/lux-trilogy-prstan\/\"]}]},{\"@type\":\"BreadcrumbList\",\"@id\":\"https:\/\/hermossa.eu\/sl\/izdelek\/lux-trilogy-prstan\/#breadcrumb\",\"itemListElement\":[{\"@type\":\"ListItem\",\"position\":1,\"name\":\"Home\",\"item\":\"https:\/\/hermossa.eu\/\"},{\"@type\":\"ListItem\",\"position\":2,\"name\":\"Trgovina\",\"item\":\"https:\/\/hermossa.eu\/sl\/trgovina\/\"},{\"@type\":\"ListItem\",\"position\":3,\"name\":\"Lux Trilogy prstan\"}]},{\"@type\":\"WebSite\",\"@id\":\"https:\/\/hermossa.eu\/#website\",\"url\":\"https:\/\/hermossa.eu\/\",\"name\":\"Hermossa\",\"description\":\"web store\",\"publisher\":{\"@id\":\"https:\/\/hermossa.eu\/#organization\"},\"potentialAction\":[{\"@type\":\"SearchAction\",\"target\":{\"@type\":\"EntryPoint\",\"urlTemplate\":\"https:\/\/hermossa.eu\/?s={search_term_string}\"},\"query-input\":\"required name=search_term_string\"}],\"inLanguage\":\"sl-SI\"},{\"@type\":\"Organization\",\"@id\":\"https:\/\/hermossa.eu\/#organization\",\"name\":\"Hermossa.eu\",\"url\":\"https:\/\/hermossa.eu\/\",\"logo\":{\"@type\":\"ImageObject\",\"inLanguage\":\"sl-SI\",\"@id\":\"https:\/\/hermossa.eu\/#\/schema\/logo\/image\/\",\"url\":\"https:\/\/hermossa.eu\/wp-content\/uploads\/2019\/10\/logo-h.jpg\",\"contentUrl\":\"https:\/\/hermossa.eu\/wp-content\/uploads\/2019\/10\/logo-h.jpg\",\"width\":500,\"height\":500,\"caption\":\"Hermossa.eu\"},\"image\":{\"@id\":\"https:\/\/hermossa.eu\/#\/schema\/logo\/image\/\"}}]}<\/script>\n<!-- \/ Yoast SEO plugin. -->","yoast_head_json":{"title":"Lux Trilogy prstan","description":"\u010ce ti je silikonski obro\u010d prstana prevelik, ga je mo\u017eno nastaviti (enostavno skraj\u0161ati s \u0161karjami) ali ga zamenjati z drugo barvo silikona.","robots":{"index":"index","follow":"follow","max-snippet":"max-snippet:-1","max-image-preview":"max-image-preview:large","max-video-preview":"max-video-preview:-1"},"canonical":"https:\/\/hermossa.eu\/sl\/izdelek\/lux-trilogy-prstan\/","og_locale":"sl_SI","og_type":"article","og_title":"Lux Trilogy prstan","og_description":"\u010ce ti je silikonski obro\u010d prstana prevelik, ga je mo\u017eno nastaviti (enostavno skraj\u0161ati s \u0161karjami) ali ga zamenjati z drugo barvo silikona.","og_url":"https:\/\/hermossa.eu\/sl\/izdelek\/lux-trilogy-prstan\/","og_site_name":"Hermossa","article_modified_time":"2025-03-02T16:23:17+00:00","og_image":[{"width":722,"height":704,"url":"https:\/\/hermossa.eu\/wp-content\/uploads\/2025\/03\/989386c2-429e-4d21-9a98-dc85b68f974e.jpeg","type":"image\/jpeg"}],"schema":{"@context":"https:\/\/schema.org","@graph":[{"@type":"WebPage","@id":"https:\/\/hermossa.eu\/sl\/izdelek\/lux-trilogy-prstan\/","url":"https:\/\/hermossa.eu\/sl\/izdelek\/lux-trilogy-prstan\/","name":"Lux Trilogy prstan","isPartOf":{"@id":"https:\/\/hermossa.eu\/#website"},"datePublished":"2025-03-02T16:14:57+00:00","dateModified":"2025-03-02T16:23:17+00:00","description":"\u010ce ti je silikonski obro\u010d prstana prevelik, ga je mo\u017eno nastaviti (enostavno skraj\u0161ati s \u0161karjami) ali ga zamenjati z drugo barvo silikona.","breadcrumb":{"@id":"https:\/\/hermossa.eu\/sl\/izdelek\/lux-trilogy-prstan\/#breadcrumb"},"inLanguage":"sl-SI","potentialAction":[{"@type":"ReadAction","target":["https:\/\/hermossa.eu\/sl\/izdelek\/lux-trilogy-prstan\/"]}]},{"@type":"BreadcrumbList","@id":"https:\/\/hermossa.eu\/sl\/izdelek\/lux-trilogy-prstan\/#breadcrumb","itemListElement":[{"@type":"ListItem","position":1,"name":"Home","item":"https:\/\/hermossa.eu\/"},{"@type":"ListItem","position":2,"name":"Trgovina","item":"https:\/\/hermossa.eu\/sl\/trgovina\/"},{"@type":"ListItem","position":3,"name":"Lux Trilogy prstan"}]},{"@type":"WebSite","@id":"https:\/\/hermossa.eu\/#website","url":"https:\/\/hermossa.eu\/","name":"Hermossa","description":"web store","publisher":{"@id":"https:\/\/hermossa.eu\/#organization"},"potentialAction":[{"@type":"SearchAction","target":{"@type":"EntryPoint","urlTemplate":"https:\/\/hermossa.eu\/?s={search_term_string}"},"query-input":"required name=search_term_string"}],"inLanguage":"sl-SI"},{"@type":"Organization","@id":"https:\/\/hermossa.eu\/#organization","name":"Hermossa.eu","url":"https:\/\/hermossa.eu\/","logo":{"@type":"ImageObject","inLanguage":"sl-SI","@id":"https:\/\/hermossa.eu\/#\/schema\/logo\/image\/","url":"https:\/\/hermossa.eu\/wp-content\/uploads\/2019\/10\/logo-h.jpg","contentUrl":"https:\/\/hermossa.eu\/wp-content\/uploads\/2019\/10\/logo-h.jpg","width":500,"height":500,"caption":"Hermossa.eu"},"image":{"@id":"https:\/\/hermossa.eu\/#\/schema\/logo\/image\/"}}]}},"_links":{"self":[{"href":"https:\/\/hermossa.eu\/sl\/wp-json\/wp\/v2\/product\/15945"}],"collection":[{"href":"https:\/\/hermossa.eu\/sl\/wp-json\/wp\/v2\/product"}],"about":[{"href":"https:\/\/hermossa.eu\/sl\/wp-json\/wp\/v2\/types\/product"}],"wp:featuredmedia":[{"embeddable":true,"href":"https:\/\/hermossa.eu\/sl\/wp-json\/wp\/v2\/media\/15937"}],"wp:attachment":[{"href":"https:\/\/hermossa.eu\/sl\/wp-json\/wp\/v2\/media?parent=15945"}],"curies":[{"name":"wp","href":"https:\/\/api.w.org\/{rel}","templated":true}]}}