{"id":3855,"date":"2019-02-05T15:10:31","date_gmt":"2019-02-05T15:10:31","guid":{"rendered":"https:\/\/hermossa.eu\/?post_type=product&#038;p=3855&#038;lang=sl"},"modified":"2019-02-07T17:16:21","modified_gmt":"2019-02-07T17:16:21","slug":"le-corone-mini-crn-prstan-rose-zlato","status":"publish","type":"product","link":"https:\/\/hermossa.eu\/sl\/izdelek\/le-corone-mini-crn-prstan-rose-zlato\/","title":{"rendered":"Le Corone Mini \u010drna zapestnica (rose zlato)"},"content":{"rendered":"<p>Zapestnice kolekcije Mini karakterizira prefinjena preprostost po na\u010delu \u201cmanj je ve\u010d\u201d. Moderen, minimalisti\u010den dizajn, ki se odra\u017ea v diskretnosti ble\u0161\u010de\u010dih kamnov objetih v krono, ustvari vtis edinstvenosti in daje \u017eenski videz prefinjenega glamurja. Za bolj ble\u0161\u010de\u010d videz, kombiniraj ve\u010d zapestnic v razli\u010dnih barvnih odtenkih in izberi enega ali ve\u010d prstanov iste kolekcije.<span class=\"m_8742170117966876627m_-4802044377924649865gmail-Apple-converted-space\">\u00a0<\/span><\/p>\n","protected":false},"excerpt":{"rendered":"<ul>\n<li>100% Made in Italy<\/li>\n<li>\u010crn cubic cirkon kamen, 6mm premera<\/li>\n<li>Srebro prevle\u010deno z rose zlatom\u00a0(okrog kamna)<\/li>\n<li>Silikonski obro\u010d prstana je mogo\u010de nastaviti ali ga zamenjati z drugo barvo<\/li>\n<li>V ceni vklju\u010deno: certifikat, darilna embala\u017ea ter dodatni silikonski obro\u010di (razli\u010dnih barv)<\/li>\n<\/ul>\n","protected":false},"featured_media":3961,"template":"","meta":[],"yoast_head":"<!-- This site is optimized with the Yoast SEO plugin v19.10 - https:\/\/yoast.com\/wordpress\/plugins\/seo\/ -->\n<title>Le Corone Mini \u010drna zapestnica (rose zlato) - Hermossa<\/title>\n<meta name=\"robots\" content=\"index, follow, max-snippet:-1, max-image-preview:large, max-video-preview:-1\" \/>\n<link rel=\"canonical\" href=\"https:\/\/hermossa.eu\/sl\/izdelek\/le-corone-mini-crn-prstan-rose-zlato\/\" \/>\n<meta property=\"og:locale\" content=\"sl_SI\" \/>\n<meta property=\"og:type\" content=\"article\" \/>\n<meta property=\"og:title\" content=\"Le Corone Mini \u010drna zapestnica (rose zlato) - Hermossa\" \/>\n<meta property=\"og:description\" content=\"100% Made in Italy  \u010crn cubic cirkon kamen, 6mm premera  Srebro prevle\u010deno z rose zlatom\u00a0(okrog kamna)  Silikonski obro\u010d prstana je mogo\u010de nastaviti ali ga zamenjati z drugo barvo  V ceni vklju\u010deno: certifikat, darilna embala\u017ea ter dodatni silikonski obro\u010di (razli\u010dnih barv)\" \/>\n<meta property=\"og:url\" content=\"https:\/\/hermossa.eu\/sl\/izdelek\/le-corone-mini-crn-prstan-rose-zlato\/\" \/>\n<meta property=\"og:site_name\" content=\"Hermossa\" \/>\n<meta property=\"article:modified_time\" content=\"2019-02-07T17:16:21+00:00\" \/>\n<meta property=\"og:image\" content=\"https:\/\/hermossa.eu\/wp-content\/uploads\/2019\/02\/1096-brmi10r.jpg\" \/>\n\t<meta property=\"og:image:width\" content=\"550\" \/>\n\t<meta property=\"og:image:height\" content=\"550\" \/>\n\t<meta property=\"og:image:type\" content=\"image\/jpeg\" \/>\n<script type=\"application\/ld+json\" class=\"yoast-schema-graph\">{\"@context\":\"https:\/\/schema.org\",\"@graph\":[{\"@type\":\"WebPage\",\"@id\":\"https:\/\/hermossa.eu\/sl\/izdelek\/le-corone-mini-crn-prstan-rose-zlato\/\",\"url\":\"https:\/\/hermossa.eu\/sl\/izdelek\/le-corone-mini-crn-prstan-rose-zlato\/\",\"name\":\"Le Corone Mini \u010drna zapestnica (rose zlato) - Hermossa\",\"isPartOf\":{\"@id\":\"https:\/\/hermossa.eu\/#website\"},\"datePublished\":\"2019-02-05T15:10:31+00:00\",\"dateModified\":\"2019-02-07T17:16:21+00:00\",\"breadcrumb\":{\"@id\":\"https:\/\/hermossa.eu\/sl\/izdelek\/le-corone-mini-crn-prstan-rose-zlato\/#breadcrumb\"},\"inLanguage\":\"sl-SI\",\"potentialAction\":[{\"@type\":\"ReadAction\",\"target\":[\"https:\/\/hermossa.eu\/sl\/izdelek\/le-corone-mini-crn-prstan-rose-zlato\/\"]}]},{\"@type\":\"BreadcrumbList\",\"@id\":\"https:\/\/hermossa.eu\/sl\/izdelek\/le-corone-mini-crn-prstan-rose-zlato\/#breadcrumb\",\"itemListElement\":[{\"@type\":\"ListItem\",\"position\":1,\"name\":\"Home\",\"item\":\"https:\/\/hermossa.eu\/\"},{\"@type\":\"ListItem\",\"position\":2,\"name\":\"Trgovina\",\"item\":\"https:\/\/hermossa.eu\/sl\/trgovina\/\"},{\"@type\":\"ListItem\",\"position\":3,\"name\":\"Le Corone Mini \u010drna zapestnica (rose zlato)\"}]},{\"@type\":\"WebSite\",\"@id\":\"https:\/\/hermossa.eu\/#website\",\"url\":\"https:\/\/hermossa.eu\/\",\"name\":\"Hermossa\",\"description\":\"web store\",\"publisher\":{\"@id\":\"https:\/\/hermossa.eu\/#organization\"},\"potentialAction\":[{\"@type\":\"SearchAction\",\"target\":{\"@type\":\"EntryPoint\",\"urlTemplate\":\"https:\/\/hermossa.eu\/?s={search_term_string}\"},\"query-input\":\"required name=search_term_string\"}],\"inLanguage\":\"sl-SI\"},{\"@type\":\"Organization\",\"@id\":\"https:\/\/hermossa.eu\/#organization\",\"name\":\"Hermossa.eu\",\"url\":\"https:\/\/hermossa.eu\/\",\"logo\":{\"@type\":\"ImageObject\",\"inLanguage\":\"sl-SI\",\"@id\":\"https:\/\/hermossa.eu\/#\/schema\/logo\/image\/\",\"url\":\"https:\/\/hermossa.eu\/wp-content\/uploads\/2019\/10\/logo-h.jpg\",\"contentUrl\":\"https:\/\/hermossa.eu\/wp-content\/uploads\/2019\/10\/logo-h.jpg\",\"width\":500,\"height\":500,\"caption\":\"Hermossa.eu\"},\"image\":{\"@id\":\"https:\/\/hermossa.eu\/#\/schema\/logo\/image\/\"}}]}<\/script>\n<!-- \/ Yoast SEO plugin. -->","yoast_head_json":{"title":"Le Corone Mini \u010drna zapestnica (rose zlato) - Hermossa","robots":{"index":"index","follow":"follow","max-snippet":"max-snippet:-1","max-image-preview":"max-image-preview:large","max-video-preview":"max-video-preview:-1"},"canonical":"https:\/\/hermossa.eu\/sl\/izdelek\/le-corone-mini-crn-prstan-rose-zlato\/","og_locale":"sl_SI","og_type":"article","og_title":"Le Corone Mini \u010drna zapestnica (rose zlato) - Hermossa","og_description":"100% Made in Italy  \u010crn cubic cirkon kamen, 6mm premera  Srebro prevle\u010deno z rose zlatom\u00a0(okrog kamna)  Silikonski obro\u010d prstana je mogo\u010de nastaviti ali ga zamenjati z drugo barvo  V ceni vklju\u010deno: certifikat, darilna embala\u017ea ter dodatni silikonski obro\u010di (razli\u010dnih barv)","og_url":"https:\/\/hermossa.eu\/sl\/izdelek\/le-corone-mini-crn-prstan-rose-zlato\/","og_site_name":"Hermossa","article_modified_time":"2019-02-07T17:16:21+00:00","og_image":[{"width":550,"height":550,"url":"https:\/\/hermossa.eu\/wp-content\/uploads\/2019\/02\/1096-brmi10r.jpg","type":"image\/jpeg"}],"schema":{"@context":"https:\/\/schema.org","@graph":[{"@type":"WebPage","@id":"https:\/\/hermossa.eu\/sl\/izdelek\/le-corone-mini-crn-prstan-rose-zlato\/","url":"https:\/\/hermossa.eu\/sl\/izdelek\/le-corone-mini-crn-prstan-rose-zlato\/","name":"Le Corone Mini \u010drna zapestnica (rose zlato) - Hermossa","isPartOf":{"@id":"https:\/\/hermossa.eu\/#website"},"datePublished":"2019-02-05T15:10:31+00:00","dateModified":"2019-02-07T17:16:21+00:00","breadcrumb":{"@id":"https:\/\/hermossa.eu\/sl\/izdelek\/le-corone-mini-crn-prstan-rose-zlato\/#breadcrumb"},"inLanguage":"sl-SI","potentialAction":[{"@type":"ReadAction","target":["https:\/\/hermossa.eu\/sl\/izdelek\/le-corone-mini-crn-prstan-rose-zlato\/"]}]},{"@type":"BreadcrumbList","@id":"https:\/\/hermossa.eu\/sl\/izdelek\/le-corone-mini-crn-prstan-rose-zlato\/#breadcrumb","itemListElement":[{"@type":"ListItem","position":1,"name":"Home","item":"https:\/\/hermossa.eu\/"},{"@type":"ListItem","position":2,"name":"Trgovina","item":"https:\/\/hermossa.eu\/sl\/trgovina\/"},{"@type":"ListItem","position":3,"name":"Le Corone Mini \u010drna zapestnica (rose zlato)"}]},{"@type":"WebSite","@id":"https:\/\/hermossa.eu\/#website","url":"https:\/\/hermossa.eu\/","name":"Hermossa","description":"web store","publisher":{"@id":"https:\/\/hermossa.eu\/#organization"},"potentialAction":[{"@type":"SearchAction","target":{"@type":"EntryPoint","urlTemplate":"https:\/\/hermossa.eu\/?s={search_term_string}"},"query-input":"required name=search_term_string"}],"inLanguage":"sl-SI"},{"@type":"Organization","@id":"https:\/\/hermossa.eu\/#organization","name":"Hermossa.eu","url":"https:\/\/hermossa.eu\/","logo":{"@type":"ImageObject","inLanguage":"sl-SI","@id":"https:\/\/hermossa.eu\/#\/schema\/logo\/image\/","url":"https:\/\/hermossa.eu\/wp-content\/uploads\/2019\/10\/logo-h.jpg","contentUrl":"https:\/\/hermossa.eu\/wp-content\/uploads\/2019\/10\/logo-h.jpg","width":500,"height":500,"caption":"Hermossa.eu"},"image":{"@id":"https:\/\/hermossa.eu\/#\/schema\/logo\/image\/"}}]}},"_links":{"self":[{"href":"https:\/\/hermossa.eu\/sl\/wp-json\/wp\/v2\/product\/3855"}],"collection":[{"href":"https:\/\/hermossa.eu\/sl\/wp-json\/wp\/v2\/product"}],"about":[{"href":"https:\/\/hermossa.eu\/sl\/wp-json\/wp\/v2\/types\/product"}],"wp:featuredmedia":[{"embeddable":true,"href":"https:\/\/hermossa.eu\/sl\/wp-json\/wp\/v2\/media\/3961"}],"wp:attachment":[{"href":"https:\/\/hermossa.eu\/sl\/wp-json\/wp\/v2\/media?parent=3855"}],"curies":[{"name":"wp","href":"https:\/\/api.w.org\/{rel}","templated":true}]}}