{"id":3903,"date":"2018-05-12T14:04:26","date_gmt":"2019-02-05T16:00:19","guid":{"rendered":"https:\/\/hermossa.eu\/?post_type=product&#038;p=3903&#038;lang=sl"},"modified":"2021-10-12T21:27:01","modified_gmt":"2021-10-12T21:27:01","slug":"modni-prstan-le-corone-mini","status":"publish","type":"product","link":"https:\/\/hermossa.eu\/sl\/izdelek\/modni-prstan-le-corone-mini\/","title":{"rendered":"Modni \u017denski prstan Le Corone Mini, bel, rose"},"content":{"rendered":"<p class=\"gmail-p1\"><span class=\"gmail-s1\">Modni \u017eenski prstan Mini je namenjen \u017eenskam, katerih stil je eleganten in prefinjen v kombinaciji z manj\u0161im nakitom. Za\u0161\u010ditni znak Prstanov Mini je krona (sterling srebro prevle\u010deno z rose ali belim zlatom) ki obdaja barvite, lesketajo\u010de, visoko kakovostne kubi\u010dne cirkon kamne, premera 6mm, kar daje prstanom \u010daroben videz in mo\u010dan zna\u010daj.<\/span><\/p>\n<p class=\"gmail-p1\"><span class=\"gmail-s1\">Prstane Mini kombiniraj s Prstanom Classic ali Magnum ali v kombinaciji obeh, natakni enega na vrh drugega na isti prst in se poigraj s kontrastnimi toni barv ali prstani enakih barv. U\u010dinek je zagotovljen! \u0160e ve\u010d razli\u010dnih modelov nakita Le Corone najde\u0161 v spletni trgovini www.hermossa.eu.\u00a0<\/span><\/p>\n","protected":false},"excerpt":{"rendered":"<div class=\"woocommerce-product-details__short-description\">\n<p>Modni \u017denski prstan Le Corone MINI ima bel cirkon kamen. <span class=\"s2\">Osnova krone je srebro 925\u2030 prevle\u010deno z rose zlatom. Prilagodljiv silikonski obro\u010d \u2013 mo\u017eno nastaviti (zmanj\u0161ati) ali ga zamenjati z drugo barvo. <\/span><span class=\"s2\">Italijanski nakit je 100% narejen v Italiji.\u00a0<\/span><\/p>\n<p><span class=\"s2\">V ceni vklju\u010deno: certifikat, darilna embala\u017ea ter dodatni silikonski obro\u010di (razli\u010dnih barv)<\/span><\/p>\n<p>Nakup: Spletna trgovina Hermossa.eu<\/p>\n<\/div>\n","protected":false},"featured_media":7712,"template":"","meta":[],"yoast_head":"<!-- This site is optimized with the Yoast SEO plugin v19.10 - https:\/\/yoast.com\/wordpress\/plugins\/seo\/ -->\n<title>Modni \u017denski prstan Le Corone MINI - Spletna trgovina<\/title>\n<meta name=\"description\" content=\"Modni \u017denski prstan Le Corone MINI ima bel cirkon kamen. Osnova krone je srebro 925\u2030 prevle\u010deno z rose zlatom. Nakup: Spletna trgovina Hermossa.eu\" \/>\n<meta name=\"robots\" content=\"index, follow, max-snippet:-1, max-image-preview:large, max-video-preview:-1\" \/>\n<link rel=\"canonical\" href=\"https:\/\/hermossa.eu\/sl\/izdelek\/modni-prstan-le-corone-mini\/\" \/>\n<meta property=\"og:locale\" content=\"sl_SI\" \/>\n<meta property=\"og:type\" content=\"article\" \/>\n<meta property=\"og:title\" content=\"Modni \u017denski prstan Le Corone MINI - Spletna trgovina\" \/>\n<meta property=\"og:description\" content=\"Modni \u017denski prstan Le Corone MINI ima bel cirkon kamen. Osnova krone je srebro 925\u2030 prevle\u010deno z rose zlatom. Nakup: Spletna trgovina Hermossa.eu\" \/>\n<meta property=\"og:url\" content=\"https:\/\/hermossa.eu\/sl\/izdelek\/modni-prstan-le-corone-mini\/\" \/>\n<meta property=\"og:site_name\" content=\"Hermossa\" \/>\n<meta property=\"article:modified_time\" content=\"2021-10-12T21:27:01+00:00\" \/>\n<meta property=\"og:image\" content=\"https:\/\/hermossa.eu\/wp-content\/uploads\/2018\/05\/unnamed-1.jpg\" \/>\n\t<meta property=\"og:image:width\" content=\"717\" \/>\n\t<meta property=\"og:image:height\" content=\"696\" \/>\n\t<meta property=\"og:image:type\" content=\"image\/jpeg\" \/>\n<meta name=\"twitter:label1\" content=\"Est. reading time\" \/>\n\t<meta name=\"twitter:data1\" content=\"1 minuta\" \/>\n<script type=\"application\/ld+json\" class=\"yoast-schema-graph\">{\"@context\":\"https:\/\/schema.org\",\"@graph\":[{\"@type\":\"WebPage\",\"@id\":\"https:\/\/hermossa.eu\/sl\/izdelek\/modni-prstan-le-corone-mini\/\",\"url\":\"https:\/\/hermossa.eu\/sl\/izdelek\/modni-prstan-le-corone-mini\/\",\"name\":\"Modni \u017denski prstan Le Corone MINI - Spletna trgovina\",\"isPartOf\":{\"@id\":\"https:\/\/hermossa.eu\/#website\"},\"datePublished\":\"2019-02-05T16:00:19+00:00\",\"dateModified\":\"2021-10-12T21:27:01+00:00\",\"description\":\"Modni \u017denski prstan Le Corone MINI ima bel cirkon kamen. Osnova krone je srebro 925\u2030 prevle\u010deno z rose zlatom. Nakup: Spletna trgovina Hermossa.eu\",\"breadcrumb\":{\"@id\":\"https:\/\/hermossa.eu\/sl\/izdelek\/modni-prstan-le-corone-mini\/#breadcrumb\"},\"inLanguage\":\"sl-SI\",\"potentialAction\":[{\"@type\":\"ReadAction\",\"target\":[\"https:\/\/hermossa.eu\/sl\/izdelek\/modni-prstan-le-corone-mini\/\"]}]},{\"@type\":\"BreadcrumbList\",\"@id\":\"https:\/\/hermossa.eu\/sl\/izdelek\/modni-prstan-le-corone-mini\/#breadcrumb\",\"itemListElement\":[{\"@type\":\"ListItem\",\"position\":1,\"name\":\"Home\",\"item\":\"https:\/\/hermossa.eu\/\"},{\"@type\":\"ListItem\",\"position\":2,\"name\":\"Trgovina\",\"item\":\"https:\/\/hermossa.eu\/sl\/trgovina\/\"},{\"@type\":\"ListItem\",\"position\":3,\"name\":\"Modni \u017denski prstan Le Corone Mini, bel, rose\"}]},{\"@type\":\"WebSite\",\"@id\":\"https:\/\/hermossa.eu\/#website\",\"url\":\"https:\/\/hermossa.eu\/\",\"name\":\"Hermossa\",\"description\":\"web store\",\"publisher\":{\"@id\":\"https:\/\/hermossa.eu\/#organization\"},\"potentialAction\":[{\"@type\":\"SearchAction\",\"target\":{\"@type\":\"EntryPoint\",\"urlTemplate\":\"https:\/\/hermossa.eu\/?s={search_term_string}\"},\"query-input\":\"required name=search_term_string\"}],\"inLanguage\":\"sl-SI\"},{\"@type\":\"Organization\",\"@id\":\"https:\/\/hermossa.eu\/#organization\",\"name\":\"Hermossa.eu\",\"url\":\"https:\/\/hermossa.eu\/\",\"logo\":{\"@type\":\"ImageObject\",\"inLanguage\":\"sl-SI\",\"@id\":\"https:\/\/hermossa.eu\/#\/schema\/logo\/image\/\",\"url\":\"https:\/\/hermossa.eu\/wp-content\/uploads\/2019\/10\/logo-h.jpg\",\"contentUrl\":\"https:\/\/hermossa.eu\/wp-content\/uploads\/2019\/10\/logo-h.jpg\",\"width\":500,\"height\":500,\"caption\":\"Hermossa.eu\"},\"image\":{\"@id\":\"https:\/\/hermossa.eu\/#\/schema\/logo\/image\/\"}}]}<\/script>\n<!-- \/ Yoast SEO plugin. -->","yoast_head_json":{"title":"Modni \u017denski prstan Le Corone MINI - Spletna trgovina","description":"Modni \u017denski prstan Le Corone MINI ima bel cirkon kamen. Osnova krone je srebro 925\u2030 prevle\u010deno z rose zlatom. Nakup: Spletna trgovina Hermossa.eu","robots":{"index":"index","follow":"follow","max-snippet":"max-snippet:-1","max-image-preview":"max-image-preview:large","max-video-preview":"max-video-preview:-1"},"canonical":"https:\/\/hermossa.eu\/sl\/izdelek\/modni-prstan-le-corone-mini\/","og_locale":"sl_SI","og_type":"article","og_title":"Modni \u017denski prstan Le Corone MINI - Spletna trgovina","og_description":"Modni \u017denski prstan Le Corone MINI ima bel cirkon kamen. Osnova krone je srebro 925\u2030 prevle\u010deno z rose zlatom. Nakup: Spletna trgovina Hermossa.eu","og_url":"https:\/\/hermossa.eu\/sl\/izdelek\/modni-prstan-le-corone-mini\/","og_site_name":"Hermossa","article_modified_time":"2021-10-12T21:27:01+00:00","og_image":[{"width":717,"height":696,"url":"https:\/\/hermossa.eu\/wp-content\/uploads\/2018\/05\/unnamed-1.jpg","type":"image\/jpeg"}],"twitter_misc":{"Est. reading time":"1 minuta"},"schema":{"@context":"https:\/\/schema.org","@graph":[{"@type":"WebPage","@id":"https:\/\/hermossa.eu\/sl\/izdelek\/modni-prstan-le-corone-mini\/","url":"https:\/\/hermossa.eu\/sl\/izdelek\/modni-prstan-le-corone-mini\/","name":"Modni \u017denski prstan Le Corone MINI - Spletna trgovina","isPartOf":{"@id":"https:\/\/hermossa.eu\/#website"},"datePublished":"2019-02-05T16:00:19+00:00","dateModified":"2021-10-12T21:27:01+00:00","description":"Modni \u017denski prstan Le Corone MINI ima bel cirkon kamen. Osnova krone je srebro 925\u2030 prevle\u010deno z rose zlatom. Nakup: Spletna trgovina Hermossa.eu","breadcrumb":{"@id":"https:\/\/hermossa.eu\/sl\/izdelek\/modni-prstan-le-corone-mini\/#breadcrumb"},"inLanguage":"sl-SI","potentialAction":[{"@type":"ReadAction","target":["https:\/\/hermossa.eu\/sl\/izdelek\/modni-prstan-le-corone-mini\/"]}]},{"@type":"BreadcrumbList","@id":"https:\/\/hermossa.eu\/sl\/izdelek\/modni-prstan-le-corone-mini\/#breadcrumb","itemListElement":[{"@type":"ListItem","position":1,"name":"Home","item":"https:\/\/hermossa.eu\/"},{"@type":"ListItem","position":2,"name":"Trgovina","item":"https:\/\/hermossa.eu\/sl\/trgovina\/"},{"@type":"ListItem","position":3,"name":"Modni \u017denski prstan Le Corone Mini, bel, rose"}]},{"@type":"WebSite","@id":"https:\/\/hermossa.eu\/#website","url":"https:\/\/hermossa.eu\/","name":"Hermossa","description":"web store","publisher":{"@id":"https:\/\/hermossa.eu\/#organization"},"potentialAction":[{"@type":"SearchAction","target":{"@type":"EntryPoint","urlTemplate":"https:\/\/hermossa.eu\/?s={search_term_string}"},"query-input":"required name=search_term_string"}],"inLanguage":"sl-SI"},{"@type":"Organization","@id":"https:\/\/hermossa.eu\/#organization","name":"Hermossa.eu","url":"https:\/\/hermossa.eu\/","logo":{"@type":"ImageObject","inLanguage":"sl-SI","@id":"https:\/\/hermossa.eu\/#\/schema\/logo\/image\/","url":"https:\/\/hermossa.eu\/wp-content\/uploads\/2019\/10\/logo-h.jpg","contentUrl":"https:\/\/hermossa.eu\/wp-content\/uploads\/2019\/10\/logo-h.jpg","width":500,"height":500,"caption":"Hermossa.eu"},"image":{"@id":"https:\/\/hermossa.eu\/#\/schema\/logo\/image\/"}}]}},"_links":{"self":[{"href":"https:\/\/hermossa.eu\/sl\/wp-json\/wp\/v2\/product\/3903"}],"collection":[{"href":"https:\/\/hermossa.eu\/sl\/wp-json\/wp\/v2\/product"}],"about":[{"href":"https:\/\/hermossa.eu\/sl\/wp-json\/wp\/v2\/types\/product"}],"wp:featuredmedia":[{"embeddable":true,"href":"https:\/\/hermossa.eu\/sl\/wp-json\/wp\/v2\/media\/7712"}],"wp:attachment":[{"href":"https:\/\/hermossa.eu\/sl\/wp-json\/wp\/v2\/media?parent=3903"}],"curies":[{"name":"wp","href":"https:\/\/api.w.org\/{rel}","templated":true}]}}