{"id":4075,"date":"2019-02-05T18:58:47","date_gmt":"2019-02-05T18:58:47","guid":{"rendered":"https:\/\/hermossa.eu\/?post_type=product&#038;p=4075&#038;lang=sl"},"modified":"2019-02-05T18:58:53","modified_gmt":"2019-02-05T18:58:53","slug":"le-corone-embrace-bel-rose-gold-prstan","status":"publish","type":"product","link":"https:\/\/hermossa.eu\/sl\/izdelek\/le-corone-embrace-bel-rose-gold-prstan\/","title":{"rendered":"Le Corone Embrace bel, rose gold prstan"},"content":{"rendered":"<p><span class=\"m_5365249152021963080gmail-s1\">Prstene iz kolekcije Forever karakterizira profinjena jednostavnost po na\u010delu \u201emanje je vi\u0161e\u201c, \u0161to se odra\u017eava u minimalisti\u010dkom dizajnu. Obru\u010di<\/span><span class=\"m_5365249152021963080gmail-s2\">\u00a0<\/span><span class=\"m_5365249152021963080gmail-s1\">s 11 kubnih cirkona u bojama su profinjen dodatak za sve one koje su rado druga\u010dije, ali ne \u017eele biti upadljive.<span class=\"m_5365249152021963080gmail-Apple-converted-space\">\u00a0\u00a0<\/span>Za blistaviji izgled stavi vi\u0161e prstena na isti prst ili na vi\u0161e prstiju iste ruke; za upotpunjen izgled izaberi jo\u0161 narukvicu, dvije ili vi\u0161e njih iz kolekcije Forever.<\/span><\/p>\n","protected":false},"excerpt":{"rendered":"<ul>\n<li>100% Narejeno v Italiji<\/li>\n<li>Bel Cubic cirkon kamen<\/li>\n<li>Kronica ob kamnu \u2013 Srebro prevle\u010deno z\u00a0rose zlatom<\/li>\n<li>Prilagodljiv silikonski obro\u010d \u2013 mo\u017eno nastaviti(zmanj\u0161ati) ali ga zamenjati z drugo barvo<\/li>\n<li>V ceni vklju\u010deno: certifikat, darilna embala\u017ea ter dodatni silikonski obro\u010di (razli\u010dnih barv)<\/li>\n<\/ul>\n","protected":false},"featured_media":4036,"template":"","meta":[],"yoast_head":"<!-- This site is optimized with the Yoast SEO plugin v19.10 - https:\/\/yoast.com\/wordpress\/plugins\/seo\/ -->\n<title>Le Corone Embrace bel, rose gold prstan - Hermossa<\/title>\n<meta name=\"robots\" content=\"index, follow, max-snippet:-1, max-image-preview:large, max-video-preview:-1\" \/>\n<link rel=\"canonical\" href=\"https:\/\/hermossa.eu\/sl\/izdelek\/le-corone-embrace-bel-rose-gold-prstan\/\" \/>\n<meta property=\"og:locale\" content=\"sl_SI\" \/>\n<meta property=\"og:type\" content=\"article\" \/>\n<meta property=\"og:title\" content=\"Le Corone Embrace bel, rose gold prstan - Hermossa\" \/>\n<meta property=\"og:description\" content=\"100% Narejeno v Italiji  Bel Cubic cirkon kamen  Kronica ob kamnu \u2013 Srebro prevle\u010deno z\u00a0rose zlatom  Prilagodljiv silikonski obro\u010d \u2013 mo\u017eno nastaviti(zmanj\u0161ati) ali ga zamenjati z drugo barvo  V ceni vklju\u010deno: certifikat, darilna embala\u017ea ter dodatni silikonski obro\u010di (razli\u010dnih barv)\" \/>\n<meta property=\"og:url\" content=\"https:\/\/hermossa.eu\/sl\/izdelek\/le-corone-embrace-bel-rose-gold-prstan\/\" \/>\n<meta property=\"og:site_name\" content=\"Hermossa\" \/>\n<meta property=\"article:modified_time\" content=\"2019-02-05T18:58:53+00:00\" \/>\n<meta property=\"og:image\" content=\"https:\/\/hermossa.eu\/wp-content\/uploads\/2019\/02\/EMBRACE-RING-01R.jpg\" \/>\n\t<meta property=\"og:image:width\" content=\"550\" \/>\n\t<meta property=\"og:image:height\" content=\"550\" \/>\n\t<meta property=\"og:image:type\" content=\"image\/jpeg\" \/>\n<script type=\"application\/ld+json\" class=\"yoast-schema-graph\">{\"@context\":\"https:\/\/schema.org\",\"@graph\":[{\"@type\":\"WebPage\",\"@id\":\"https:\/\/hermossa.eu\/sl\/izdelek\/le-corone-embrace-bel-rose-gold-prstan\/\",\"url\":\"https:\/\/hermossa.eu\/sl\/izdelek\/le-corone-embrace-bel-rose-gold-prstan\/\",\"name\":\"Le Corone Embrace bel, rose gold prstan - Hermossa\",\"isPartOf\":{\"@id\":\"https:\/\/hermossa.eu\/#website\"},\"datePublished\":\"2019-02-05T18:58:47+00:00\",\"dateModified\":\"2019-02-05T18:58:53+00:00\",\"breadcrumb\":{\"@id\":\"https:\/\/hermossa.eu\/sl\/izdelek\/le-corone-embrace-bel-rose-gold-prstan\/#breadcrumb\"},\"inLanguage\":\"sl-SI\",\"potentialAction\":[{\"@type\":\"ReadAction\",\"target\":[\"https:\/\/hermossa.eu\/sl\/izdelek\/le-corone-embrace-bel-rose-gold-prstan\/\"]}]},{\"@type\":\"BreadcrumbList\",\"@id\":\"https:\/\/hermossa.eu\/sl\/izdelek\/le-corone-embrace-bel-rose-gold-prstan\/#breadcrumb\",\"itemListElement\":[{\"@type\":\"ListItem\",\"position\":1,\"name\":\"Home\",\"item\":\"https:\/\/hermossa.eu\/\"},{\"@type\":\"ListItem\",\"position\":2,\"name\":\"Trgovina\",\"item\":\"https:\/\/hermossa.eu\/sl\/trgovina\/\"},{\"@type\":\"ListItem\",\"position\":3,\"name\":\"Le Corone Embrace bel, rose gold prstan\"}]},{\"@type\":\"WebSite\",\"@id\":\"https:\/\/hermossa.eu\/#website\",\"url\":\"https:\/\/hermossa.eu\/\",\"name\":\"Hermossa\",\"description\":\"web store\",\"publisher\":{\"@id\":\"https:\/\/hermossa.eu\/#organization\"},\"potentialAction\":[{\"@type\":\"SearchAction\",\"target\":{\"@type\":\"EntryPoint\",\"urlTemplate\":\"https:\/\/hermossa.eu\/?s={search_term_string}\"},\"query-input\":\"required name=search_term_string\"}],\"inLanguage\":\"sl-SI\"},{\"@type\":\"Organization\",\"@id\":\"https:\/\/hermossa.eu\/#organization\",\"name\":\"Hermossa.eu\",\"url\":\"https:\/\/hermossa.eu\/\",\"logo\":{\"@type\":\"ImageObject\",\"inLanguage\":\"sl-SI\",\"@id\":\"https:\/\/hermossa.eu\/#\/schema\/logo\/image\/\",\"url\":\"https:\/\/hermossa.eu\/wp-content\/uploads\/2019\/10\/logo-h.jpg\",\"contentUrl\":\"https:\/\/hermossa.eu\/wp-content\/uploads\/2019\/10\/logo-h.jpg\",\"width\":500,\"height\":500,\"caption\":\"Hermossa.eu\"},\"image\":{\"@id\":\"https:\/\/hermossa.eu\/#\/schema\/logo\/image\/\"}}]}<\/script>\n<!-- \/ Yoast SEO plugin. -->","yoast_head_json":{"title":"Le Corone Embrace bel, rose gold prstan - Hermossa","robots":{"index":"index","follow":"follow","max-snippet":"max-snippet:-1","max-image-preview":"max-image-preview:large","max-video-preview":"max-video-preview:-1"},"canonical":"https:\/\/hermossa.eu\/sl\/izdelek\/le-corone-embrace-bel-rose-gold-prstan\/","og_locale":"sl_SI","og_type":"article","og_title":"Le Corone Embrace bel, rose gold prstan - Hermossa","og_description":"100% Narejeno v Italiji  Bel Cubic cirkon kamen  Kronica ob kamnu \u2013 Srebro prevle\u010deno z\u00a0rose zlatom  Prilagodljiv silikonski obro\u010d \u2013 mo\u017eno nastaviti(zmanj\u0161ati) ali ga zamenjati z drugo barvo  V ceni vklju\u010deno: certifikat, darilna embala\u017ea ter dodatni silikonski obro\u010di (razli\u010dnih barv)","og_url":"https:\/\/hermossa.eu\/sl\/izdelek\/le-corone-embrace-bel-rose-gold-prstan\/","og_site_name":"Hermossa","article_modified_time":"2019-02-05T18:58:53+00:00","og_image":[{"width":550,"height":550,"url":"https:\/\/hermossa.eu\/wp-content\/uploads\/2019\/02\/EMBRACE-RING-01R.jpg","type":"image\/jpeg"}],"schema":{"@context":"https:\/\/schema.org","@graph":[{"@type":"WebPage","@id":"https:\/\/hermossa.eu\/sl\/izdelek\/le-corone-embrace-bel-rose-gold-prstan\/","url":"https:\/\/hermossa.eu\/sl\/izdelek\/le-corone-embrace-bel-rose-gold-prstan\/","name":"Le Corone Embrace bel, rose gold prstan - Hermossa","isPartOf":{"@id":"https:\/\/hermossa.eu\/#website"},"datePublished":"2019-02-05T18:58:47+00:00","dateModified":"2019-02-05T18:58:53+00:00","breadcrumb":{"@id":"https:\/\/hermossa.eu\/sl\/izdelek\/le-corone-embrace-bel-rose-gold-prstan\/#breadcrumb"},"inLanguage":"sl-SI","potentialAction":[{"@type":"ReadAction","target":["https:\/\/hermossa.eu\/sl\/izdelek\/le-corone-embrace-bel-rose-gold-prstan\/"]}]},{"@type":"BreadcrumbList","@id":"https:\/\/hermossa.eu\/sl\/izdelek\/le-corone-embrace-bel-rose-gold-prstan\/#breadcrumb","itemListElement":[{"@type":"ListItem","position":1,"name":"Home","item":"https:\/\/hermossa.eu\/"},{"@type":"ListItem","position":2,"name":"Trgovina","item":"https:\/\/hermossa.eu\/sl\/trgovina\/"},{"@type":"ListItem","position":3,"name":"Le Corone Embrace bel, rose gold prstan"}]},{"@type":"WebSite","@id":"https:\/\/hermossa.eu\/#website","url":"https:\/\/hermossa.eu\/","name":"Hermossa","description":"web store","publisher":{"@id":"https:\/\/hermossa.eu\/#organization"},"potentialAction":[{"@type":"SearchAction","target":{"@type":"EntryPoint","urlTemplate":"https:\/\/hermossa.eu\/?s={search_term_string}"},"query-input":"required name=search_term_string"}],"inLanguage":"sl-SI"},{"@type":"Organization","@id":"https:\/\/hermossa.eu\/#organization","name":"Hermossa.eu","url":"https:\/\/hermossa.eu\/","logo":{"@type":"ImageObject","inLanguage":"sl-SI","@id":"https:\/\/hermossa.eu\/#\/schema\/logo\/image\/","url":"https:\/\/hermossa.eu\/wp-content\/uploads\/2019\/10\/logo-h.jpg","contentUrl":"https:\/\/hermossa.eu\/wp-content\/uploads\/2019\/10\/logo-h.jpg","width":500,"height":500,"caption":"Hermossa.eu"},"image":{"@id":"https:\/\/hermossa.eu\/#\/schema\/logo\/image\/"}}]}},"_links":{"self":[{"href":"https:\/\/hermossa.eu\/sl\/wp-json\/wp\/v2\/product\/4075"}],"collection":[{"href":"https:\/\/hermossa.eu\/sl\/wp-json\/wp\/v2\/product"}],"about":[{"href":"https:\/\/hermossa.eu\/sl\/wp-json\/wp\/v2\/types\/product"}],"wp:featuredmedia":[{"embeddable":true,"href":"https:\/\/hermossa.eu\/sl\/wp-json\/wp\/v2\/media\/4036"}],"wp:attachment":[{"href":"https:\/\/hermossa.eu\/sl\/wp-json\/wp\/v2\/media?parent=4075"}],"curies":[{"name":"wp","href":"https:\/\/api.w.org\/{rel}","templated":true}]}}