{"id":4098,"date":"2017-04-05T12:19:00","date_gmt":"2019-02-05T19:55:06","guid":{"rendered":"https:\/\/hermossa.eu\/?post_type=product&#038;p=4098&#038;lang=sl"},"modified":"2022-11-30T12:21:01","modified_gmt":"2022-11-30T12:21:01","slug":"zenski-prstan-trilogy-bel","status":"publish","type":"product","link":"https:\/\/hermossa.eu\/sl\/izdelek\/zenski-prstan-trilogy-bel\/","title":{"rendered":"\u017denski Prstan Le Corone TRILOGY bel"},"content":{"rendered":"<p><span class=\"m_-4802044377924649865gmail-Apple-converted-space\">Prstan Trilogy je sodobna reinterpretacija klasic\u030cnega dragulja, ki v treh kronah zdruz\u030cuje tri c\u030cudovite kamne razlic\u030cnih barvnih odtenkov. Skupaj z barvnim obroc\u030cem, daje Prstan Trilogy videz modernega, unikatnega nakita, kjer 3, s\u030ctevilo popolnosti in perfekcije, postane simbol harmonije. Navdih izvira iz oc\u030carljivih benes\u030ckih palac\u030c, katerih silhuete dajejo obc\u030cutek c\u030carobnosti in razkos\u030cja. \u017denski\u00a0Prstan Le Corone TRILOGY &#8211; Nakup: Spletna Trgovina Hermossa\u00a0<\/span><\/p>\n","protected":false},"excerpt":{"rendered":"<p>Le CORONE \u017denski Prstan Trilogy iz Srebra 925, prevlec\u030cenega z belim zlatom ter 3 visoko kakovostni kubic\u030cni cirkon kamni premera 6 mm. Prilagodljiv silikonski obro\u010d \u2013 mo\u017eno nastaviti (enostavno skraj\u0161ati s \u0161krjami) ali ga zamenjati z drugo barvo. V ceno sta vkljuc\u030cena dva dodatna silikonska obroc\u030ca, darilna embala\u017ea. 100% narejeno v Italiji. Nakup: Spletna Trgovina Hermossa<\/p>\n","protected":false},"featured_media":8777,"template":"","meta":[],"yoast_head":"<!-- This site is optimized with the Yoast SEO plugin v19.10 - https:\/\/yoast.com\/wordpress\/plugins\/seo\/ -->\n<title>PrstanI Le Corone TRILOGY, bel - Nakup: Spletna Trgovina Hermossa<\/title>\n<meta name=\"description\" content=\"\u017denski prstani Le Corone, kolekcija TRILOGY, nakup v spletni trgovini Hermossa.eu. Prstani kvalitetne izdelave s cirkon kamni in silikonskim obro\u010dem.\" \/>\n<meta name=\"robots\" content=\"index, follow, max-snippet:-1, max-image-preview:large, max-video-preview:-1\" \/>\n<link rel=\"canonical\" href=\"https:\/\/hermossa.eu\/sl\/izdelek\/zenski-prstan-trilogy-bel\/\" \/>\n<meta property=\"og:locale\" content=\"sl_SI\" \/>\n<meta property=\"og:type\" content=\"article\" \/>\n<meta property=\"og:title\" content=\"PrstanI Le Corone TRILOGY, bel - Nakup: Spletna Trgovina Hermossa\" \/>\n<meta property=\"og:description\" content=\"\u017denski prstani Le Corone, kolekcija TRILOGY, nakup v spletni trgovini Hermossa.eu. Prstani kvalitetne izdelave s cirkon kamni in silikonskim obro\u010dem.\" \/>\n<meta property=\"og:url\" content=\"https:\/\/hermossa.eu\/sl\/izdelek\/zenski-prstan-trilogy-bel\/\" \/>\n<meta property=\"og:site_name\" content=\"Hermossa\" \/>\n<meta property=\"article:modified_time\" content=\"2022-11-30T12:21:01+00:00\" \/>\n<meta property=\"og:image\" content=\"https:\/\/hermossa.eu\/wp-content\/uploads\/2017\/04\/ANTR01_W-2.jpg\" \/>\n\t<meta property=\"og:image:width\" content=\"500\" \/>\n\t<meta property=\"og:image:height\" content=\"500\" \/>\n\t<meta property=\"og:image:type\" content=\"image\/jpeg\" \/>\n<script type=\"application\/ld+json\" class=\"yoast-schema-graph\">{\"@context\":\"https:\/\/schema.org\",\"@graph\":[{\"@type\":\"WebPage\",\"@id\":\"https:\/\/hermossa.eu\/sl\/izdelek\/zenski-prstan-trilogy-bel\/\",\"url\":\"https:\/\/hermossa.eu\/sl\/izdelek\/zenski-prstan-trilogy-bel\/\",\"name\":\"PrstanI Le Corone TRILOGY, bel - Nakup: Spletna Trgovina Hermossa\",\"isPartOf\":{\"@id\":\"https:\/\/hermossa.eu\/#website\"},\"datePublished\":\"2019-02-05T19:55:06+00:00\",\"dateModified\":\"2022-11-30T12:21:01+00:00\",\"description\":\"\u017denski prstani Le Corone, kolekcija TRILOGY, nakup v spletni trgovini Hermossa.eu. Prstani kvalitetne izdelave s cirkon kamni in silikonskim obro\u010dem.\",\"breadcrumb\":{\"@id\":\"https:\/\/hermossa.eu\/sl\/izdelek\/zenski-prstan-trilogy-bel\/#breadcrumb\"},\"inLanguage\":\"sl-SI\",\"potentialAction\":[{\"@type\":\"ReadAction\",\"target\":[\"https:\/\/hermossa.eu\/sl\/izdelek\/zenski-prstan-trilogy-bel\/\"]}]},{\"@type\":\"BreadcrumbList\",\"@id\":\"https:\/\/hermossa.eu\/sl\/izdelek\/zenski-prstan-trilogy-bel\/#breadcrumb\",\"itemListElement\":[{\"@type\":\"ListItem\",\"position\":1,\"name\":\"Home\",\"item\":\"https:\/\/hermossa.eu\/\"},{\"@type\":\"ListItem\",\"position\":2,\"name\":\"Trgovina\",\"item\":\"https:\/\/hermossa.eu\/sl\/trgovina\/\"},{\"@type\":\"ListItem\",\"position\":3,\"name\":\"\u017denski Prstan Le Corone TRILOGY bel\"}]},{\"@type\":\"WebSite\",\"@id\":\"https:\/\/hermossa.eu\/#website\",\"url\":\"https:\/\/hermossa.eu\/\",\"name\":\"Hermossa\",\"description\":\"web store\",\"publisher\":{\"@id\":\"https:\/\/hermossa.eu\/#organization\"},\"potentialAction\":[{\"@type\":\"SearchAction\",\"target\":{\"@type\":\"EntryPoint\",\"urlTemplate\":\"https:\/\/hermossa.eu\/?s={search_term_string}\"},\"query-input\":\"required name=search_term_string\"}],\"inLanguage\":\"sl-SI\"},{\"@type\":\"Organization\",\"@id\":\"https:\/\/hermossa.eu\/#organization\",\"name\":\"Hermossa.eu\",\"url\":\"https:\/\/hermossa.eu\/\",\"logo\":{\"@type\":\"ImageObject\",\"inLanguage\":\"sl-SI\",\"@id\":\"https:\/\/hermossa.eu\/#\/schema\/logo\/image\/\",\"url\":\"https:\/\/hermossa.eu\/wp-content\/uploads\/2019\/10\/logo-h.jpg\",\"contentUrl\":\"https:\/\/hermossa.eu\/wp-content\/uploads\/2019\/10\/logo-h.jpg\",\"width\":500,\"height\":500,\"caption\":\"Hermossa.eu\"},\"image\":{\"@id\":\"https:\/\/hermossa.eu\/#\/schema\/logo\/image\/\"}}]}<\/script>\n<!-- \/ Yoast SEO plugin. -->","yoast_head_json":{"title":"PrstanI Le Corone TRILOGY, bel - Nakup: Spletna Trgovina Hermossa","description":"\u017denski prstani Le Corone, kolekcija TRILOGY, nakup v spletni trgovini Hermossa.eu. Prstani kvalitetne izdelave s cirkon kamni in silikonskim obro\u010dem.","robots":{"index":"index","follow":"follow","max-snippet":"max-snippet:-1","max-image-preview":"max-image-preview:large","max-video-preview":"max-video-preview:-1"},"canonical":"https:\/\/hermossa.eu\/sl\/izdelek\/zenski-prstan-trilogy-bel\/","og_locale":"sl_SI","og_type":"article","og_title":"PrstanI Le Corone TRILOGY, bel - Nakup: Spletna Trgovina Hermossa","og_description":"\u017denski prstani Le Corone, kolekcija TRILOGY, nakup v spletni trgovini Hermossa.eu. Prstani kvalitetne izdelave s cirkon kamni in silikonskim obro\u010dem.","og_url":"https:\/\/hermossa.eu\/sl\/izdelek\/zenski-prstan-trilogy-bel\/","og_site_name":"Hermossa","article_modified_time":"2022-11-30T12:21:01+00:00","og_image":[{"width":500,"height":500,"url":"https:\/\/hermossa.eu\/wp-content\/uploads\/2017\/04\/ANTR01_W-2.jpg","type":"image\/jpeg"}],"schema":{"@context":"https:\/\/schema.org","@graph":[{"@type":"WebPage","@id":"https:\/\/hermossa.eu\/sl\/izdelek\/zenski-prstan-trilogy-bel\/","url":"https:\/\/hermossa.eu\/sl\/izdelek\/zenski-prstan-trilogy-bel\/","name":"PrstanI Le Corone TRILOGY, bel - Nakup: Spletna Trgovina Hermossa","isPartOf":{"@id":"https:\/\/hermossa.eu\/#website"},"datePublished":"2019-02-05T19:55:06+00:00","dateModified":"2022-11-30T12:21:01+00:00","description":"\u017denski prstani Le Corone, kolekcija TRILOGY, nakup v spletni trgovini Hermossa.eu. Prstani kvalitetne izdelave s cirkon kamni in silikonskim obro\u010dem.","breadcrumb":{"@id":"https:\/\/hermossa.eu\/sl\/izdelek\/zenski-prstan-trilogy-bel\/#breadcrumb"},"inLanguage":"sl-SI","potentialAction":[{"@type":"ReadAction","target":["https:\/\/hermossa.eu\/sl\/izdelek\/zenski-prstan-trilogy-bel\/"]}]},{"@type":"BreadcrumbList","@id":"https:\/\/hermossa.eu\/sl\/izdelek\/zenski-prstan-trilogy-bel\/#breadcrumb","itemListElement":[{"@type":"ListItem","position":1,"name":"Home","item":"https:\/\/hermossa.eu\/"},{"@type":"ListItem","position":2,"name":"Trgovina","item":"https:\/\/hermossa.eu\/sl\/trgovina\/"},{"@type":"ListItem","position":3,"name":"\u017denski Prstan Le Corone TRILOGY bel"}]},{"@type":"WebSite","@id":"https:\/\/hermossa.eu\/#website","url":"https:\/\/hermossa.eu\/","name":"Hermossa","description":"web store","publisher":{"@id":"https:\/\/hermossa.eu\/#organization"},"potentialAction":[{"@type":"SearchAction","target":{"@type":"EntryPoint","urlTemplate":"https:\/\/hermossa.eu\/?s={search_term_string}"},"query-input":"required name=search_term_string"}],"inLanguage":"sl-SI"},{"@type":"Organization","@id":"https:\/\/hermossa.eu\/#organization","name":"Hermossa.eu","url":"https:\/\/hermossa.eu\/","logo":{"@type":"ImageObject","inLanguage":"sl-SI","@id":"https:\/\/hermossa.eu\/#\/schema\/logo\/image\/","url":"https:\/\/hermossa.eu\/wp-content\/uploads\/2019\/10\/logo-h.jpg","contentUrl":"https:\/\/hermossa.eu\/wp-content\/uploads\/2019\/10\/logo-h.jpg","width":500,"height":500,"caption":"Hermossa.eu"},"image":{"@id":"https:\/\/hermossa.eu\/#\/schema\/logo\/image\/"}}]}},"_links":{"self":[{"href":"https:\/\/hermossa.eu\/sl\/wp-json\/wp\/v2\/product\/4098"}],"collection":[{"href":"https:\/\/hermossa.eu\/sl\/wp-json\/wp\/v2\/product"}],"about":[{"href":"https:\/\/hermossa.eu\/sl\/wp-json\/wp\/v2\/types\/product"}],"wp:featuredmedia":[{"embeddable":true,"href":"https:\/\/hermossa.eu\/sl\/wp-json\/wp\/v2\/media\/8777"}],"wp:attachment":[{"href":"https:\/\/hermossa.eu\/sl\/wp-json\/wp\/v2\/media?parent=4098"}],"curies":[{"name":"wp","href":"https:\/\/api.w.org\/{rel}","templated":true}]}}