{"id":4125,"date":"2016-08-04T12:01:31","date_gmt":"2019-02-05T20:19:45","guid":{"rendered":"https:\/\/hermossa.eu\/?post_type=product&#038;p=4125&#038;lang=sl"},"modified":"2020-08-26T20:09:41","modified_gmt":"2020-08-26T20:09:41","slug":"modni-prstan-classic-bel","status":"publish","type":"product","link":"https:\/\/hermossa.eu\/sl\/izdelek\/modni-prstan-classic-bel\/","title":{"rendered":"Modni Prstan Le Corone CLASSIC bel"},"content":{"rendered":"<p>V zbirki modnih \u017eenskih prstanov Le Corone Classic, obdaja okvir v obliki krone lesketajoc\u030ce in barvite kamne, kar daje prstanom c\u030caroben videz in moc\u030can znac\u030caj. Briljant, bles\u030cc\u030cec\u030c predmet poz\u030celenja, s Prstani Classic naenkrat postane dostopno, inovativno in dramatic\u030cno razkos\u030cje za vsak dan. Deset barvnih odtenkov kamnov reinterpretira klasic\u030cne briljante, in ponuja skupaj z dvema inovativnima res\u030citvama, 20 neustavljivih kombinacij, ki izpolnijo vsak z\u030censki okus. Kombiniraj Prstan Classic s Prstanom Magnum ali Mini ali v kombinaciji obeh, natakni enega na vrh drugega na isti prst in se poigraj s kontrastnimi toni barv. Uc\u030cinek je zagotovljen!<\/p>\n<p>Bodi neustavljiva, izpopolni svoj izgled z Ogrlico Classic in zablestela bos\u030c z elegantno in edinstveno zbirko nakita ob vsaki priloz\u030cnosti.\u00a0Nakup: Spletna Trgovina Hermossa<\/p>\n","protected":false},"excerpt":{"rendered":"<p>Le CORONE Modni prstan Classic ima Srebro 925 prevlec\u030ceno z belim zlatom ter visoko kakovostni kubic\u030cni bel cirkon premera 10 mm. Prilagodljiv silikonski obro\u010d \u2013 mo\u017eno nastaviti (enostavno skraj\u0161ati s \u0161krjami) ali ga zamenjati z drugo barvo. V ceno sta vkljuc\u030cena dva dodatna silikonska obroc\u030ca, darilna embala\u017ea. 100% narejeno v Italiji. Nakup: Spletna Trgovina Hermossa<\/p>\n","protected":false},"featured_media":8792,"template":"","meta":[],"yoast_head":"<!-- This site is optimized with the Yoast SEO plugin v19.10 - https:\/\/yoast.com\/wordpress\/plugins\/seo\/ -->\n<title>Prstan Le Corone CLASSIC bel - Nakup: Spletna Trgovina Hermossa<\/title>\n<meta name=\"description\" content=\"\u017denski Modni prstani Le Corone, kolekcija CLASSIC , nakup v spletni trgovini Hermossa.eu. Prstani kvalitetne izdelave s cirkon kamni in silikonskim obro\u010dem.\u00a0\" \/>\n<meta name=\"robots\" content=\"index, follow, max-snippet:-1, max-image-preview:large, max-video-preview:-1\" \/>\n<link rel=\"canonical\" href=\"https:\/\/hermossa.eu\/sl\/izdelek\/modni-prstan-classic-bel\/\" \/>\n<meta property=\"og:locale\" content=\"sl_SI\" \/>\n<meta property=\"og:type\" content=\"article\" \/>\n<meta property=\"og:title\" content=\"Prstan Le Corone CLASSIC bel - Nakup: Spletna Trgovina Hermossa\" \/>\n<meta property=\"og:description\" content=\"\u017denski Modni prstani Le Corone, kolekcija CLASSIC , nakup v spletni trgovini Hermossa.eu. Prstani kvalitetne izdelave s cirkon kamni in silikonskim obro\u010dem.\u00a0\" \/>\n<meta property=\"og:url\" content=\"https:\/\/hermossa.eu\/sl\/izdelek\/modni-prstan-classic-bel\/\" \/>\n<meta property=\"og:site_name\" content=\"Hermossa\" \/>\n<meta property=\"article:modified_time\" content=\"2020-08-26T20:09:41+00:00\" \/>\n<meta property=\"og:image\" content=\"https:\/\/hermossa.eu\/wp-content\/uploads\/2016\/08\/classic-bianco_ob_nero-2.png\" \/>\n\t<meta property=\"og:image:width\" content=\"500\" \/>\n\t<meta property=\"og:image:height\" content=\"500\" \/>\n\t<meta property=\"og:image:type\" content=\"image\/png\" \/>\n<meta name=\"twitter:label1\" content=\"Est. reading time\" \/>\n\t<meta name=\"twitter:data1\" content=\"1 minuta\" \/>\n<script type=\"application\/ld+json\" class=\"yoast-schema-graph\">{\"@context\":\"https:\/\/schema.org\",\"@graph\":[{\"@type\":\"WebPage\",\"@id\":\"https:\/\/hermossa.eu\/sl\/izdelek\/modni-prstan-classic-bel\/\",\"url\":\"https:\/\/hermossa.eu\/sl\/izdelek\/modni-prstan-classic-bel\/\",\"name\":\"Prstan Le Corone CLASSIC bel - Nakup: Spletna Trgovina Hermossa\",\"isPartOf\":{\"@id\":\"https:\/\/hermossa.eu\/#website\"},\"datePublished\":\"2019-02-05T20:19:45+00:00\",\"dateModified\":\"2020-08-26T20:09:41+00:00\",\"description\":\"\u017denski Modni prstani Le Corone, kolekcija CLASSIC , nakup v spletni trgovini Hermossa.eu. Prstani kvalitetne izdelave s cirkon kamni in silikonskim obro\u010dem.\u00a0\",\"breadcrumb\":{\"@id\":\"https:\/\/hermossa.eu\/sl\/izdelek\/modni-prstan-classic-bel\/#breadcrumb\"},\"inLanguage\":\"sl-SI\",\"potentialAction\":[{\"@type\":\"ReadAction\",\"target\":[\"https:\/\/hermossa.eu\/sl\/izdelek\/modni-prstan-classic-bel\/\"]}]},{\"@type\":\"BreadcrumbList\",\"@id\":\"https:\/\/hermossa.eu\/sl\/izdelek\/modni-prstan-classic-bel\/#breadcrumb\",\"itemListElement\":[{\"@type\":\"ListItem\",\"position\":1,\"name\":\"Home\",\"item\":\"https:\/\/hermossa.eu\/\"},{\"@type\":\"ListItem\",\"position\":2,\"name\":\"Trgovina\",\"item\":\"https:\/\/hermossa.eu\/sl\/trgovina\/\"},{\"@type\":\"ListItem\",\"position\":3,\"name\":\"Modni Prstan Le Corone CLASSIC bel\"}]},{\"@type\":\"WebSite\",\"@id\":\"https:\/\/hermossa.eu\/#website\",\"url\":\"https:\/\/hermossa.eu\/\",\"name\":\"Hermossa\",\"description\":\"web store\",\"publisher\":{\"@id\":\"https:\/\/hermossa.eu\/#organization\"},\"potentialAction\":[{\"@type\":\"SearchAction\",\"target\":{\"@type\":\"EntryPoint\",\"urlTemplate\":\"https:\/\/hermossa.eu\/?s={search_term_string}\"},\"query-input\":\"required name=search_term_string\"}],\"inLanguage\":\"sl-SI\"},{\"@type\":\"Organization\",\"@id\":\"https:\/\/hermossa.eu\/#organization\",\"name\":\"Hermossa.eu\",\"url\":\"https:\/\/hermossa.eu\/\",\"logo\":{\"@type\":\"ImageObject\",\"inLanguage\":\"sl-SI\",\"@id\":\"https:\/\/hermossa.eu\/#\/schema\/logo\/image\/\",\"url\":\"https:\/\/hermossa.eu\/wp-content\/uploads\/2019\/10\/logo-h.jpg\",\"contentUrl\":\"https:\/\/hermossa.eu\/wp-content\/uploads\/2019\/10\/logo-h.jpg\",\"width\":500,\"height\":500,\"caption\":\"Hermossa.eu\"},\"image\":{\"@id\":\"https:\/\/hermossa.eu\/#\/schema\/logo\/image\/\"}}]}<\/script>\n<!-- \/ Yoast SEO plugin. -->","yoast_head_json":{"title":"Prstan Le Corone CLASSIC bel - Nakup: Spletna Trgovina Hermossa","description":"\u017denski Modni prstani Le Corone, kolekcija CLASSIC , nakup v spletni trgovini Hermossa.eu. Prstani kvalitetne izdelave s cirkon kamni in silikonskim obro\u010dem.\u00a0","robots":{"index":"index","follow":"follow","max-snippet":"max-snippet:-1","max-image-preview":"max-image-preview:large","max-video-preview":"max-video-preview:-1"},"canonical":"https:\/\/hermossa.eu\/sl\/izdelek\/modni-prstan-classic-bel\/","og_locale":"sl_SI","og_type":"article","og_title":"Prstan Le Corone CLASSIC bel - Nakup: Spletna Trgovina Hermossa","og_description":"\u017denski Modni prstani Le Corone, kolekcija CLASSIC , nakup v spletni trgovini Hermossa.eu. Prstani kvalitetne izdelave s cirkon kamni in silikonskim obro\u010dem.\u00a0","og_url":"https:\/\/hermossa.eu\/sl\/izdelek\/modni-prstan-classic-bel\/","og_site_name":"Hermossa","article_modified_time":"2020-08-26T20:09:41+00:00","og_image":[{"width":500,"height":500,"url":"https:\/\/hermossa.eu\/wp-content\/uploads\/2016\/08\/classic-bianco_ob_nero-2.png","type":"image\/png"}],"twitter_misc":{"Est. reading time":"1 minuta"},"schema":{"@context":"https:\/\/schema.org","@graph":[{"@type":"WebPage","@id":"https:\/\/hermossa.eu\/sl\/izdelek\/modni-prstan-classic-bel\/","url":"https:\/\/hermossa.eu\/sl\/izdelek\/modni-prstan-classic-bel\/","name":"Prstan Le Corone CLASSIC bel - Nakup: Spletna Trgovina Hermossa","isPartOf":{"@id":"https:\/\/hermossa.eu\/#website"},"datePublished":"2019-02-05T20:19:45+00:00","dateModified":"2020-08-26T20:09:41+00:00","description":"\u017denski Modni prstani Le Corone, kolekcija CLASSIC , nakup v spletni trgovini Hermossa.eu. Prstani kvalitetne izdelave s cirkon kamni in silikonskim obro\u010dem.\u00a0","breadcrumb":{"@id":"https:\/\/hermossa.eu\/sl\/izdelek\/modni-prstan-classic-bel\/#breadcrumb"},"inLanguage":"sl-SI","potentialAction":[{"@type":"ReadAction","target":["https:\/\/hermossa.eu\/sl\/izdelek\/modni-prstan-classic-bel\/"]}]},{"@type":"BreadcrumbList","@id":"https:\/\/hermossa.eu\/sl\/izdelek\/modni-prstan-classic-bel\/#breadcrumb","itemListElement":[{"@type":"ListItem","position":1,"name":"Home","item":"https:\/\/hermossa.eu\/"},{"@type":"ListItem","position":2,"name":"Trgovina","item":"https:\/\/hermossa.eu\/sl\/trgovina\/"},{"@type":"ListItem","position":3,"name":"Modni Prstan Le Corone CLASSIC bel"}]},{"@type":"WebSite","@id":"https:\/\/hermossa.eu\/#website","url":"https:\/\/hermossa.eu\/","name":"Hermossa","description":"web store","publisher":{"@id":"https:\/\/hermossa.eu\/#organization"},"potentialAction":[{"@type":"SearchAction","target":{"@type":"EntryPoint","urlTemplate":"https:\/\/hermossa.eu\/?s={search_term_string}"},"query-input":"required name=search_term_string"}],"inLanguage":"sl-SI"},{"@type":"Organization","@id":"https:\/\/hermossa.eu\/#organization","name":"Hermossa.eu","url":"https:\/\/hermossa.eu\/","logo":{"@type":"ImageObject","inLanguage":"sl-SI","@id":"https:\/\/hermossa.eu\/#\/schema\/logo\/image\/","url":"https:\/\/hermossa.eu\/wp-content\/uploads\/2019\/10\/logo-h.jpg","contentUrl":"https:\/\/hermossa.eu\/wp-content\/uploads\/2019\/10\/logo-h.jpg","width":500,"height":500,"caption":"Hermossa.eu"},"image":{"@id":"https:\/\/hermossa.eu\/#\/schema\/logo\/image\/"}}]}},"_links":{"self":[{"href":"https:\/\/hermossa.eu\/sl\/wp-json\/wp\/v2\/product\/4125"}],"collection":[{"href":"https:\/\/hermossa.eu\/sl\/wp-json\/wp\/v2\/product"}],"about":[{"href":"https:\/\/hermossa.eu\/sl\/wp-json\/wp\/v2\/types\/product"}],"wp:featuredmedia":[{"embeddable":true,"href":"https:\/\/hermossa.eu\/sl\/wp-json\/wp\/v2\/media\/8792"}],"wp:attachment":[{"href":"https:\/\/hermossa.eu\/sl\/wp-json\/wp\/v2\/media?parent=4125"}],"curies":[{"name":"wp","href":"https:\/\/api.w.org\/{rel}","templated":true}]}}