{"id":4202,"date":"2017-12-05T17:14:54","date_gmt":"2019-02-06T07:08:26","guid":{"rendered":"https:\/\/hermossa.eu\/?post_type=product&#038;p=4202&#038;lang=sl"},"modified":"2019-11-06T16:34:56","modified_gmt":"2019-11-06T16:34:56","slug":"modni-prstan-bollicine-zelen","status":"publish","type":"product","link":"https:\/\/hermossa.eu\/sl\/izdelek\/modni-prstan-bollicine-zelen\/","title":{"rendered":"Modni Prstan Le Corone Bollicine zelen"},"content":{"rendered":"<p>Le Corone Kolekcija Bollicine obsega modne \u017eenske prstane in zapestnice iz klasi\u010dnih in modernih materialov ter elementov kot srebro, zlato, silikon, okrasni kamen\u010dki, kubi\u010dni cirkoni, katerih kompozicija ustvarja elegantno-\u0161portni in razigran videz, ki dopolni tvoj stil. Narejeno v Italiji. Spletna Trgovina Hermossa.eu.<\/p>\n","protected":false},"excerpt":{"rendered":"<p>Modni \u017denski Prstan Bollicine iz srebra 925, prevlec\u030cenim z\u00a0rose zlatom, s keramic\u030cno kroglico s kristalnimi okrasnimi v zeleni barvi ter prilagodljivim hipoalergenskim silikonskim obroc\u030cem, ki ga je moz\u030cno nastaviti (zmanjs\u030cati) s preprostim rezom. V ceni vklju\u010deno: certifikat, darilna embala\u017ea ter dodatni silikonski obro\u010di (razli\u010dnih barv). 100% narejeno v Italiji. Spletna Prodaja Hermossa.eu<\/p>\n","protected":false},"featured_media":7593,"template":"","meta":[],"yoast_head":"<!-- This site is optimized with the Yoast SEO plugin v19.10 - https:\/\/yoast.com\/wordpress\/plugins\/seo\/ -->\n<title>Modni Prstan Le Corone Bollicine zelen - Spletna prodaja Hermossa.eu<\/title>\n<meta name=\"description\" content=\"Le Corone Bollicine prstan s silikonskim obro\u010dem, ki se lahko preprosto skraj\u0161a s \u0161karjami ali zamenja z drugo barvo silikona. Spletna prodaja: Hermossa.eu\" \/>\n<meta name=\"robots\" content=\"index, follow, max-snippet:-1, max-image-preview:large, max-video-preview:-1\" \/>\n<link rel=\"canonical\" href=\"https:\/\/hermossa.eu\/sl\/izdelek\/modni-prstan-bollicine-zelen\/\" \/>\n<meta property=\"og:locale\" content=\"sl_SI\" \/>\n<meta property=\"og:type\" content=\"article\" \/>\n<meta property=\"og:title\" content=\"Modni Prstan Le Corone Bollicine zelen - Spletna prodaja Hermossa.eu\" \/>\n<meta property=\"og:description\" content=\"Le Corone Bollicine prstan s silikonskim obro\u010dem, ki se lahko preprosto skraj\u0161a s \u0161karjami ali zamenja z drugo barvo silikona. Spletna prodaja: Hermossa.eu\" \/>\n<meta property=\"og:url\" content=\"https:\/\/hermossa.eu\/sl\/izdelek\/modni-prstan-bollicine-zelen\/\" \/>\n<meta property=\"og:site_name\" content=\"Hermossa\" \/>\n<meta property=\"article:modified_time\" content=\"2019-11-06T16:34:56+00:00\" \/>\n<meta property=\"og:image\" content=\"https:\/\/hermossa.eu\/wp-content\/uploads\/2017\/12\/ANBOL08_R.jpg\" \/>\n\t<meta property=\"og:image:width\" content=\"2203\" \/>\n\t<meta property=\"og:image:height\" content=\"2203\" \/>\n\t<meta property=\"og:image:type\" content=\"image\/jpeg\" \/>\n<script type=\"application\/ld+json\" class=\"yoast-schema-graph\">{\"@context\":\"https:\/\/schema.org\",\"@graph\":[{\"@type\":\"WebPage\",\"@id\":\"https:\/\/hermossa.eu\/sl\/izdelek\/modni-prstan-bollicine-zelen\/\",\"url\":\"https:\/\/hermossa.eu\/sl\/izdelek\/modni-prstan-bollicine-zelen\/\",\"name\":\"Modni Prstan Le Corone Bollicine zelen - Spletna prodaja Hermossa.eu\",\"isPartOf\":{\"@id\":\"https:\/\/hermossa.eu\/#website\"},\"datePublished\":\"2019-02-06T07:08:26+00:00\",\"dateModified\":\"2019-11-06T16:34:56+00:00\",\"description\":\"Le Corone Bollicine prstan s silikonskim obro\u010dem, ki se lahko preprosto skraj\u0161a s \u0161karjami ali zamenja z drugo barvo silikona. Spletna prodaja: Hermossa.eu\",\"breadcrumb\":{\"@id\":\"https:\/\/hermossa.eu\/sl\/izdelek\/modni-prstan-bollicine-zelen\/#breadcrumb\"},\"inLanguage\":\"sl-SI\",\"potentialAction\":[{\"@type\":\"ReadAction\",\"target\":[\"https:\/\/hermossa.eu\/sl\/izdelek\/modni-prstan-bollicine-zelen\/\"]}]},{\"@type\":\"BreadcrumbList\",\"@id\":\"https:\/\/hermossa.eu\/sl\/izdelek\/modni-prstan-bollicine-zelen\/#breadcrumb\",\"itemListElement\":[{\"@type\":\"ListItem\",\"position\":1,\"name\":\"Home\",\"item\":\"https:\/\/hermossa.eu\/\"},{\"@type\":\"ListItem\",\"position\":2,\"name\":\"Trgovina\",\"item\":\"https:\/\/hermossa.eu\/sl\/trgovina\/\"},{\"@type\":\"ListItem\",\"position\":3,\"name\":\"Modni Prstan Le Corone Bollicine zelen\"}]},{\"@type\":\"WebSite\",\"@id\":\"https:\/\/hermossa.eu\/#website\",\"url\":\"https:\/\/hermossa.eu\/\",\"name\":\"Hermossa\",\"description\":\"web store\",\"publisher\":{\"@id\":\"https:\/\/hermossa.eu\/#organization\"},\"potentialAction\":[{\"@type\":\"SearchAction\",\"target\":{\"@type\":\"EntryPoint\",\"urlTemplate\":\"https:\/\/hermossa.eu\/?s={search_term_string}\"},\"query-input\":\"required name=search_term_string\"}],\"inLanguage\":\"sl-SI\"},{\"@type\":\"Organization\",\"@id\":\"https:\/\/hermossa.eu\/#organization\",\"name\":\"Hermossa.eu\",\"url\":\"https:\/\/hermossa.eu\/\",\"logo\":{\"@type\":\"ImageObject\",\"inLanguage\":\"sl-SI\",\"@id\":\"https:\/\/hermossa.eu\/#\/schema\/logo\/image\/\",\"url\":\"https:\/\/hermossa.eu\/wp-content\/uploads\/2019\/10\/logo-h.jpg\",\"contentUrl\":\"https:\/\/hermossa.eu\/wp-content\/uploads\/2019\/10\/logo-h.jpg\",\"width\":500,\"height\":500,\"caption\":\"Hermossa.eu\"},\"image\":{\"@id\":\"https:\/\/hermossa.eu\/#\/schema\/logo\/image\/\"}}]}<\/script>\n<!-- \/ Yoast SEO plugin. -->","yoast_head_json":{"title":"Modni Prstan Le Corone Bollicine zelen - Spletna prodaja Hermossa.eu","description":"Le Corone Bollicine prstan s silikonskim obro\u010dem, ki se lahko preprosto skraj\u0161a s \u0161karjami ali zamenja z drugo barvo silikona. Spletna prodaja: Hermossa.eu","robots":{"index":"index","follow":"follow","max-snippet":"max-snippet:-1","max-image-preview":"max-image-preview:large","max-video-preview":"max-video-preview:-1"},"canonical":"https:\/\/hermossa.eu\/sl\/izdelek\/modni-prstan-bollicine-zelen\/","og_locale":"sl_SI","og_type":"article","og_title":"Modni Prstan Le Corone Bollicine zelen - Spletna prodaja Hermossa.eu","og_description":"Le Corone Bollicine prstan s silikonskim obro\u010dem, ki se lahko preprosto skraj\u0161a s \u0161karjami ali zamenja z drugo barvo silikona. Spletna prodaja: Hermossa.eu","og_url":"https:\/\/hermossa.eu\/sl\/izdelek\/modni-prstan-bollicine-zelen\/","og_site_name":"Hermossa","article_modified_time":"2019-11-06T16:34:56+00:00","og_image":[{"width":2203,"height":2203,"url":"https:\/\/hermossa.eu\/wp-content\/uploads\/2017\/12\/ANBOL08_R.jpg","type":"image\/jpeg"}],"schema":{"@context":"https:\/\/schema.org","@graph":[{"@type":"WebPage","@id":"https:\/\/hermossa.eu\/sl\/izdelek\/modni-prstan-bollicine-zelen\/","url":"https:\/\/hermossa.eu\/sl\/izdelek\/modni-prstan-bollicine-zelen\/","name":"Modni Prstan Le Corone Bollicine zelen - Spletna prodaja Hermossa.eu","isPartOf":{"@id":"https:\/\/hermossa.eu\/#website"},"datePublished":"2019-02-06T07:08:26+00:00","dateModified":"2019-11-06T16:34:56+00:00","description":"Le Corone Bollicine prstan s silikonskim obro\u010dem, ki se lahko preprosto skraj\u0161a s \u0161karjami ali zamenja z drugo barvo silikona. Spletna prodaja: Hermossa.eu","breadcrumb":{"@id":"https:\/\/hermossa.eu\/sl\/izdelek\/modni-prstan-bollicine-zelen\/#breadcrumb"},"inLanguage":"sl-SI","potentialAction":[{"@type":"ReadAction","target":["https:\/\/hermossa.eu\/sl\/izdelek\/modni-prstan-bollicine-zelen\/"]}]},{"@type":"BreadcrumbList","@id":"https:\/\/hermossa.eu\/sl\/izdelek\/modni-prstan-bollicine-zelen\/#breadcrumb","itemListElement":[{"@type":"ListItem","position":1,"name":"Home","item":"https:\/\/hermossa.eu\/"},{"@type":"ListItem","position":2,"name":"Trgovina","item":"https:\/\/hermossa.eu\/sl\/trgovina\/"},{"@type":"ListItem","position":3,"name":"Modni Prstan Le Corone Bollicine zelen"}]},{"@type":"WebSite","@id":"https:\/\/hermossa.eu\/#website","url":"https:\/\/hermossa.eu\/","name":"Hermossa","description":"web store","publisher":{"@id":"https:\/\/hermossa.eu\/#organization"},"potentialAction":[{"@type":"SearchAction","target":{"@type":"EntryPoint","urlTemplate":"https:\/\/hermossa.eu\/?s={search_term_string}"},"query-input":"required name=search_term_string"}],"inLanguage":"sl-SI"},{"@type":"Organization","@id":"https:\/\/hermossa.eu\/#organization","name":"Hermossa.eu","url":"https:\/\/hermossa.eu\/","logo":{"@type":"ImageObject","inLanguage":"sl-SI","@id":"https:\/\/hermossa.eu\/#\/schema\/logo\/image\/","url":"https:\/\/hermossa.eu\/wp-content\/uploads\/2019\/10\/logo-h.jpg","contentUrl":"https:\/\/hermossa.eu\/wp-content\/uploads\/2019\/10\/logo-h.jpg","width":500,"height":500,"caption":"Hermossa.eu"},"image":{"@id":"https:\/\/hermossa.eu\/#\/schema\/logo\/image\/"}}]}},"_links":{"self":[{"href":"https:\/\/hermossa.eu\/sl\/wp-json\/wp\/v2\/product\/4202"}],"collection":[{"href":"https:\/\/hermossa.eu\/sl\/wp-json\/wp\/v2\/product"}],"about":[{"href":"https:\/\/hermossa.eu\/sl\/wp-json\/wp\/v2\/types\/product"}],"wp:featuredmedia":[{"embeddable":true,"href":"https:\/\/hermossa.eu\/sl\/wp-json\/wp\/v2\/media\/7593"}],"wp:attachment":[{"href":"https:\/\/hermossa.eu\/sl\/wp-json\/wp\/v2\/media?parent=4202"}],"curies":[{"name":"wp","href":"https:\/\/api.w.org\/{rel}","templated":true}]}}