{"id":4223,"date":"2017-02-01T11:59:44","date_gmt":"2019-02-06T11:20:56","guid":{"rendered":"https:\/\/hermossa.eu\/?post_type=product&#038;p=4223&#038;lang=sl"},"modified":"2019-11-05T21:31:26","modified_gmt":"2019-11-05T21:31:26","slug":"zenski-prstan-pearl-luxury","status":"publish","type":"product","link":"https:\/\/hermossa.eu\/sl\/izdelek\/zenski-prstan-pearl-luxury\/","title":{"rendered":"\u017denski Prstan Le Corone\u00a0PEARL LUXURY\u00a0"},"content":{"rendered":"<p class=\"gmail-NoSpacing1\">V kolekciji Le Corone Pearls se zdruz\u030cita klasic\u030cna eleganca bisera in sij briljanta v edinstven, razkos\u030cen in oc\u030carljiv nakit. Prstane Pearl Luxury krasijo imitacije biserov v s\u030ctirih razlic\u030cnih barvnih odtenkih, obdanih z dvema obroc\u030cema z 11 lesketajoc\u030cimi kubic\u030cnimi cirkoni. Prstane Pearl Luxury lahko nosis\u030c samostojno ali jih kombiniras\u030c z ogrlico, uhani in zapestnico in na svojevrsten nac\u030cin zablestis\u030c z elegantno in edinstveno zbirko nakita, primerno za najpomembnejs\u030ce priloz\u030cnosti. Nakup: Spletna Trgovina Hermossa<\/p>\n<div title=\"Page 6\">\n<div>\n<div>\n<div><\/div>\n<\/div>\n<\/div>\n<\/div>\n","protected":false},"excerpt":{"rendered":"<p>Le CORONE\u00a0\u00a0Prstan &#8211;\u00a0<span lang=\"IT\">Srebro 925 Pearl Luxury prstana, prevle\u010deno z rodijem, z biserom, obdanim z dvema obro\u010dema z 11 kubi\u010dnimi cirkon kamni premera\u00a0 6mm. Kubi\u010dni cirkon kamni (AAA) krasijo vrh perle.\u00a0<\/span>\u00a0Prilagodljiv silikonski obro\u010d \u2013 mo\u017eno nastaviti (enostavno skraj\u0161ati s \u0161krjami) ali ga zamenjati z drugo barvo. V ceno sta vkljuc\u030cena dva dodatna silikonska obroc\u030ca, darilna embala\u017ea. 100% narejeno v Italiji. Nakup: Spletna Trgovina Hermossa<\/p>\n","protected":false},"featured_media":8128,"template":"","meta":[],"yoast_head":"<!-- This site is optimized with the Yoast SEO plugin v19.10 - https:\/\/yoast.com\/wordpress\/plugins\/seo\/ -->\n<title>Prstan Le Corone PEARL LUXURY - Nakup: Spletna Trgovina Hermossa<\/title>\n<meta name=\"description\" content=\"\u017denski prstan Le Corone, kolekcija PEARL LUXURY nakup v spletni trgovini Hermossa.eu. Prstanikvalitetne izdelave s cirkon kamni in silikonskim obro\u010dem.\u00a0\" \/>\n<meta name=\"robots\" content=\"index, follow, max-snippet:-1, max-image-preview:large, max-video-preview:-1\" \/>\n<link rel=\"canonical\" href=\"https:\/\/hermossa.eu\/sl\/izdelek\/zenski-prstan-pearl-luxury\/\" \/>\n<meta property=\"og:locale\" content=\"sl_SI\" \/>\n<meta property=\"og:type\" content=\"article\" \/>\n<meta property=\"og:title\" content=\"Prstan Le Corone PEARL LUXURY - Nakup: Spletna Trgovina Hermossa\" \/>\n<meta property=\"og:description\" content=\"\u017denski prstan Le Corone, kolekcija PEARL LUXURY nakup v spletni trgovini Hermossa.eu. Prstanikvalitetne izdelave s cirkon kamni in silikonskim obro\u010dem.\u00a0\" \/>\n<meta property=\"og:url\" content=\"https:\/\/hermossa.eu\/sl\/izdelek\/zenski-prstan-pearl-luxury\/\" \/>\n<meta property=\"og:site_name\" content=\"Hermossa\" \/>\n<meta property=\"article:modified_time\" content=\"2019-11-05T21:31:26+00:00\" \/>\n<meta property=\"og:image\" content=\"https:\/\/hermossa.eu\/wp-content\/uploads\/2019\/02\/ANPELUXb.jpg\" \/>\n\t<meta property=\"og:image:width\" content=\"550\" \/>\n\t<meta property=\"og:image:height\" content=\"550\" \/>\n\t<meta property=\"og:image:type\" content=\"image\/jpeg\" \/>\n<script type=\"application\/ld+json\" class=\"yoast-schema-graph\">{\"@context\":\"https:\/\/schema.org\",\"@graph\":[{\"@type\":\"WebPage\",\"@id\":\"https:\/\/hermossa.eu\/sl\/izdelek\/zenski-prstan-pearl-luxury\/\",\"url\":\"https:\/\/hermossa.eu\/sl\/izdelek\/zenski-prstan-pearl-luxury\/\",\"name\":\"Prstan Le Corone PEARL LUXURY - Nakup: Spletna Trgovina Hermossa\",\"isPartOf\":{\"@id\":\"https:\/\/hermossa.eu\/#website\"},\"datePublished\":\"2019-02-06T11:20:56+00:00\",\"dateModified\":\"2019-11-05T21:31:26+00:00\",\"description\":\"\u017denski prstan Le Corone, kolekcija PEARL LUXURY nakup v spletni trgovini Hermossa.eu. Prstanikvalitetne izdelave s cirkon kamni in silikonskim obro\u010dem.\u00a0\",\"breadcrumb\":{\"@id\":\"https:\/\/hermossa.eu\/sl\/izdelek\/zenski-prstan-pearl-luxury\/#breadcrumb\"},\"inLanguage\":\"sl-SI\",\"potentialAction\":[{\"@type\":\"ReadAction\",\"target\":[\"https:\/\/hermossa.eu\/sl\/izdelek\/zenski-prstan-pearl-luxury\/\"]}]},{\"@type\":\"BreadcrumbList\",\"@id\":\"https:\/\/hermossa.eu\/sl\/izdelek\/zenski-prstan-pearl-luxury\/#breadcrumb\",\"itemListElement\":[{\"@type\":\"ListItem\",\"position\":1,\"name\":\"Home\",\"item\":\"https:\/\/hermossa.eu\/\"},{\"@type\":\"ListItem\",\"position\":2,\"name\":\"Trgovina\",\"item\":\"https:\/\/hermossa.eu\/sl\/trgovina\/\"},{\"@type\":\"ListItem\",\"position\":3,\"name\":\"\u017denski Prstan Le Corone\u00a0PEARL LUXURY\u00a0\"}]},{\"@type\":\"WebSite\",\"@id\":\"https:\/\/hermossa.eu\/#website\",\"url\":\"https:\/\/hermossa.eu\/\",\"name\":\"Hermossa\",\"description\":\"web store\",\"publisher\":{\"@id\":\"https:\/\/hermossa.eu\/#organization\"},\"potentialAction\":[{\"@type\":\"SearchAction\",\"target\":{\"@type\":\"EntryPoint\",\"urlTemplate\":\"https:\/\/hermossa.eu\/?s={search_term_string}\"},\"query-input\":\"required name=search_term_string\"}],\"inLanguage\":\"sl-SI\"},{\"@type\":\"Organization\",\"@id\":\"https:\/\/hermossa.eu\/#organization\",\"name\":\"Hermossa.eu\",\"url\":\"https:\/\/hermossa.eu\/\",\"logo\":{\"@type\":\"ImageObject\",\"inLanguage\":\"sl-SI\",\"@id\":\"https:\/\/hermossa.eu\/#\/schema\/logo\/image\/\",\"url\":\"https:\/\/hermossa.eu\/wp-content\/uploads\/2019\/10\/logo-h.jpg\",\"contentUrl\":\"https:\/\/hermossa.eu\/wp-content\/uploads\/2019\/10\/logo-h.jpg\",\"width\":500,\"height\":500,\"caption\":\"Hermossa.eu\"},\"image\":{\"@id\":\"https:\/\/hermossa.eu\/#\/schema\/logo\/image\/\"}}]}<\/script>\n<!-- \/ Yoast SEO plugin. -->","yoast_head_json":{"title":"Prstan Le Corone PEARL LUXURY - Nakup: Spletna Trgovina Hermossa","description":"\u017denski prstan Le Corone, kolekcija PEARL LUXURY nakup v spletni trgovini Hermossa.eu. Prstanikvalitetne izdelave s cirkon kamni in silikonskim obro\u010dem.\u00a0","robots":{"index":"index","follow":"follow","max-snippet":"max-snippet:-1","max-image-preview":"max-image-preview:large","max-video-preview":"max-video-preview:-1"},"canonical":"https:\/\/hermossa.eu\/sl\/izdelek\/zenski-prstan-pearl-luxury\/","og_locale":"sl_SI","og_type":"article","og_title":"Prstan Le Corone PEARL LUXURY - Nakup: Spletna Trgovina Hermossa","og_description":"\u017denski prstan Le Corone, kolekcija PEARL LUXURY nakup v spletni trgovini Hermossa.eu. Prstanikvalitetne izdelave s cirkon kamni in silikonskim obro\u010dem.\u00a0","og_url":"https:\/\/hermossa.eu\/sl\/izdelek\/zenski-prstan-pearl-luxury\/","og_site_name":"Hermossa","article_modified_time":"2019-11-05T21:31:26+00:00","og_image":[{"width":550,"height":550,"url":"https:\/\/hermossa.eu\/wp-content\/uploads\/2019\/02\/ANPELUXb.jpg","type":"image\/jpeg"}],"schema":{"@context":"https:\/\/schema.org","@graph":[{"@type":"WebPage","@id":"https:\/\/hermossa.eu\/sl\/izdelek\/zenski-prstan-pearl-luxury\/","url":"https:\/\/hermossa.eu\/sl\/izdelek\/zenski-prstan-pearl-luxury\/","name":"Prstan Le Corone PEARL LUXURY - Nakup: Spletna Trgovina Hermossa","isPartOf":{"@id":"https:\/\/hermossa.eu\/#website"},"datePublished":"2019-02-06T11:20:56+00:00","dateModified":"2019-11-05T21:31:26+00:00","description":"\u017denski prstan Le Corone, kolekcija PEARL LUXURY nakup v spletni trgovini Hermossa.eu. Prstanikvalitetne izdelave s cirkon kamni in silikonskim obro\u010dem.\u00a0","breadcrumb":{"@id":"https:\/\/hermossa.eu\/sl\/izdelek\/zenski-prstan-pearl-luxury\/#breadcrumb"},"inLanguage":"sl-SI","potentialAction":[{"@type":"ReadAction","target":["https:\/\/hermossa.eu\/sl\/izdelek\/zenski-prstan-pearl-luxury\/"]}]},{"@type":"BreadcrumbList","@id":"https:\/\/hermossa.eu\/sl\/izdelek\/zenski-prstan-pearl-luxury\/#breadcrumb","itemListElement":[{"@type":"ListItem","position":1,"name":"Home","item":"https:\/\/hermossa.eu\/"},{"@type":"ListItem","position":2,"name":"Trgovina","item":"https:\/\/hermossa.eu\/sl\/trgovina\/"},{"@type":"ListItem","position":3,"name":"\u017denski Prstan Le Corone\u00a0PEARL LUXURY\u00a0"}]},{"@type":"WebSite","@id":"https:\/\/hermossa.eu\/#website","url":"https:\/\/hermossa.eu\/","name":"Hermossa","description":"web store","publisher":{"@id":"https:\/\/hermossa.eu\/#organization"},"potentialAction":[{"@type":"SearchAction","target":{"@type":"EntryPoint","urlTemplate":"https:\/\/hermossa.eu\/?s={search_term_string}"},"query-input":"required name=search_term_string"}],"inLanguage":"sl-SI"},{"@type":"Organization","@id":"https:\/\/hermossa.eu\/#organization","name":"Hermossa.eu","url":"https:\/\/hermossa.eu\/","logo":{"@type":"ImageObject","inLanguage":"sl-SI","@id":"https:\/\/hermossa.eu\/#\/schema\/logo\/image\/","url":"https:\/\/hermossa.eu\/wp-content\/uploads\/2019\/10\/logo-h.jpg","contentUrl":"https:\/\/hermossa.eu\/wp-content\/uploads\/2019\/10\/logo-h.jpg","width":500,"height":500,"caption":"Hermossa.eu"},"image":{"@id":"https:\/\/hermossa.eu\/#\/schema\/logo\/image\/"}}]}},"_links":{"self":[{"href":"https:\/\/hermossa.eu\/sl\/wp-json\/wp\/v2\/product\/4223"}],"collection":[{"href":"https:\/\/hermossa.eu\/sl\/wp-json\/wp\/v2\/product"}],"about":[{"href":"https:\/\/hermossa.eu\/sl\/wp-json\/wp\/v2\/types\/product"}],"wp:featuredmedia":[{"embeddable":true,"href":"https:\/\/hermossa.eu\/sl\/wp-json\/wp\/v2\/media\/8128"}],"wp:attachment":[{"href":"https:\/\/hermossa.eu\/sl\/wp-json\/wp\/v2\/media?parent=4223"}],"curies":[{"name":"wp","href":"https:\/\/api.w.org\/{rel}","templated":true}]}}