{"id":4233,"date":"2017-02-01T20:35:31","date_gmt":"2019-02-06T11:57:23","guid":{"rendered":"https:\/\/hermossa.eu\/?post_type=product&#038;p=4233&#038;lang=sl"},"modified":"2020-02-15T10:08:09","modified_gmt":"2020-02-15T10:08:09","slug":"zenski-uhani-pearl-bis-roza","status":"publish","type":"product","link":"https:\/\/hermossa.eu\/sl\/izdelek\/zenski-uhani-pearl-bis-roza\/","title":{"rendered":"\u017denski Uhani Pearl Bis (roza)"},"content":{"rendered":"<p>V kolekciji Le Corone Pearls se klasi\u010dna eleganca bisera in sij briljanta zdru\u017eita v edinstven, razko\u0161en in o\u010darljiv nakit. Uhane Pearl Bis z dvema obeskoma v obliki bisera v \u0161tirih razli\u010dnih barvnih odtenkih, lahko nosi\u0161 samostojno ali jih kombinira\u0161 s prstani, ogrlicami ali zapestnicami in zasija\u0161 z elegantno in edinstveno zbirko nakita, primerno za najbolj pomembne prilo\u017enosti. Kolekcija Pearl v spletni trgovini Hermossa.eu<\/p>\n","protected":false},"excerpt":{"rendered":"<p>\u017denski Uhani Le Corone Pearl Bis\u00a0 iz srebra 925, prevlec\u030cenim z belim zlatom in dva bisera, ki visita iz krone. Velikost roza perle: 6mm\/10 mm. V ceni vklju\u010deno: certifikat, darilna embala\u017ea. 100% narejeno v Italiji. Nakup: Spletna Trgovina Hermossa.eu<\/p>\n<p>&nbsp;<\/p>\n","protected":false},"featured_media":7385,"template":"","meta":[],"yoast_head":"<!-- This site is optimized with the Yoast SEO plugin v19.10 - https:\/\/yoast.com\/wordpress\/plugins\/seo\/ -->\n<title>\u017denski Uhani Pearl Bis (roza) - Spletna Trgovina Hermossa.eu<\/title>\n<meta name=\"description\" content=\"\u017denski Uhani Le Corone Pearl Bis (beli) iz srebra 925, prevlec\u030cenim z belim zlatom in dva bisera, ki visita iz krone. Nakup: Spletna Trgovina Hermossa.eu\" \/>\n<meta name=\"robots\" content=\"index, follow, max-snippet:-1, max-image-preview:large, max-video-preview:-1\" \/>\n<link rel=\"canonical\" href=\"https:\/\/hermossa.eu\/sl\/izdelek\/zenski-uhani-pearl-bis-roza\/\" \/>\n<meta property=\"og:locale\" content=\"sl_SI\" \/>\n<meta property=\"og:type\" content=\"article\" \/>\n<meta property=\"og:title\" content=\"\u017denski Uhani Pearl Bis (roza) - Spletna Trgovina Hermossa.eu\" \/>\n<meta property=\"og:description\" content=\"\u017denski Uhani Le Corone Pearl Bis (beli) iz srebra 925, prevlec\u030cenim z belim zlatom in dva bisera, ki visita iz krone. Nakup: Spletna Trgovina Hermossa.eu\" \/>\n<meta property=\"og:url\" content=\"https:\/\/hermossa.eu\/sl\/izdelek\/zenski-uhani-pearl-bis-roza\/\" \/>\n<meta property=\"og:site_name\" content=\"Hermossa\" \/>\n<meta property=\"article:modified_time\" content=\"2020-02-15T10:08:09+00:00\" \/>\n<meta property=\"og:image\" content=\"https:\/\/hermossa.eu\/wp-content\/uploads\/2017\/02\/ORPEBISb-scaled.jpg\" \/>\n\t<meta property=\"og:image:width\" content=\"2560\" \/>\n\t<meta property=\"og:image:height\" content=\"2218\" \/>\n\t<meta property=\"og:image:type\" content=\"image\/jpeg\" \/>\n<script type=\"application\/ld+json\" class=\"yoast-schema-graph\">{\"@context\":\"https:\/\/schema.org\",\"@graph\":[{\"@type\":\"WebPage\",\"@id\":\"https:\/\/hermossa.eu\/sl\/izdelek\/zenski-uhani-pearl-bis-roza\/\",\"url\":\"https:\/\/hermossa.eu\/sl\/izdelek\/zenski-uhani-pearl-bis-roza\/\",\"name\":\"\u017denski Uhani Pearl Bis (roza) - Spletna Trgovina Hermossa.eu\",\"isPartOf\":{\"@id\":\"https:\/\/hermossa.eu\/#website\"},\"datePublished\":\"2019-02-06T11:57:23+00:00\",\"dateModified\":\"2020-02-15T10:08:09+00:00\",\"description\":\"\u017denski Uhani Le Corone Pearl Bis (beli) iz srebra 925, prevlec\u030cenim z belim zlatom in dva bisera, ki visita iz krone. Nakup: Spletna Trgovina Hermossa.eu\",\"breadcrumb\":{\"@id\":\"https:\/\/hermossa.eu\/sl\/izdelek\/zenski-uhani-pearl-bis-roza\/#breadcrumb\"},\"inLanguage\":\"sl-SI\",\"potentialAction\":[{\"@type\":\"ReadAction\",\"target\":[\"https:\/\/hermossa.eu\/sl\/izdelek\/zenski-uhani-pearl-bis-roza\/\"]}]},{\"@type\":\"BreadcrumbList\",\"@id\":\"https:\/\/hermossa.eu\/sl\/izdelek\/zenski-uhani-pearl-bis-roza\/#breadcrumb\",\"itemListElement\":[{\"@type\":\"ListItem\",\"position\":1,\"name\":\"Home\",\"item\":\"https:\/\/hermossa.eu\/\"},{\"@type\":\"ListItem\",\"position\":2,\"name\":\"Trgovina\",\"item\":\"https:\/\/hermossa.eu\/sl\/trgovina\/\"},{\"@type\":\"ListItem\",\"position\":3,\"name\":\"\u017denski Uhani Pearl Bis (roza)\"}]},{\"@type\":\"WebSite\",\"@id\":\"https:\/\/hermossa.eu\/#website\",\"url\":\"https:\/\/hermossa.eu\/\",\"name\":\"Hermossa\",\"description\":\"web store\",\"publisher\":{\"@id\":\"https:\/\/hermossa.eu\/#organization\"},\"potentialAction\":[{\"@type\":\"SearchAction\",\"target\":{\"@type\":\"EntryPoint\",\"urlTemplate\":\"https:\/\/hermossa.eu\/?s={search_term_string}\"},\"query-input\":\"required name=search_term_string\"}],\"inLanguage\":\"sl-SI\"},{\"@type\":\"Organization\",\"@id\":\"https:\/\/hermossa.eu\/#organization\",\"name\":\"Hermossa.eu\",\"url\":\"https:\/\/hermossa.eu\/\",\"logo\":{\"@type\":\"ImageObject\",\"inLanguage\":\"sl-SI\",\"@id\":\"https:\/\/hermossa.eu\/#\/schema\/logo\/image\/\",\"url\":\"https:\/\/hermossa.eu\/wp-content\/uploads\/2019\/10\/logo-h.jpg\",\"contentUrl\":\"https:\/\/hermossa.eu\/wp-content\/uploads\/2019\/10\/logo-h.jpg\",\"width\":500,\"height\":500,\"caption\":\"Hermossa.eu\"},\"image\":{\"@id\":\"https:\/\/hermossa.eu\/#\/schema\/logo\/image\/\"}}]}<\/script>\n<!-- \/ Yoast SEO plugin. -->","yoast_head_json":{"title":"\u017denski Uhani Pearl Bis (roza) - Spletna Trgovina Hermossa.eu","description":"\u017denski Uhani Le Corone Pearl Bis (beli) iz srebra 925, prevlec\u030cenim z belim zlatom in dva bisera, ki visita iz krone. Nakup: Spletna Trgovina Hermossa.eu","robots":{"index":"index","follow":"follow","max-snippet":"max-snippet:-1","max-image-preview":"max-image-preview:large","max-video-preview":"max-video-preview:-1"},"canonical":"https:\/\/hermossa.eu\/sl\/izdelek\/zenski-uhani-pearl-bis-roza\/","og_locale":"sl_SI","og_type":"article","og_title":"\u017denski Uhani Pearl Bis (roza) - Spletna Trgovina Hermossa.eu","og_description":"\u017denski Uhani Le Corone Pearl Bis (beli) iz srebra 925, prevlec\u030cenim z belim zlatom in dva bisera, ki visita iz krone. Nakup: Spletna Trgovina Hermossa.eu","og_url":"https:\/\/hermossa.eu\/sl\/izdelek\/zenski-uhani-pearl-bis-roza\/","og_site_name":"Hermossa","article_modified_time":"2020-02-15T10:08:09+00:00","og_image":[{"width":2560,"height":2218,"url":"https:\/\/hermossa.eu\/wp-content\/uploads\/2017\/02\/ORPEBISb-scaled.jpg","type":"image\/jpeg"}],"schema":{"@context":"https:\/\/schema.org","@graph":[{"@type":"WebPage","@id":"https:\/\/hermossa.eu\/sl\/izdelek\/zenski-uhani-pearl-bis-roza\/","url":"https:\/\/hermossa.eu\/sl\/izdelek\/zenski-uhani-pearl-bis-roza\/","name":"\u017denski Uhani Pearl Bis (roza) - Spletna Trgovina Hermossa.eu","isPartOf":{"@id":"https:\/\/hermossa.eu\/#website"},"datePublished":"2019-02-06T11:57:23+00:00","dateModified":"2020-02-15T10:08:09+00:00","description":"\u017denski Uhani Le Corone Pearl Bis (beli) iz srebra 925, prevlec\u030cenim z belim zlatom in dva bisera, ki visita iz krone. Nakup: Spletna Trgovina Hermossa.eu","breadcrumb":{"@id":"https:\/\/hermossa.eu\/sl\/izdelek\/zenski-uhani-pearl-bis-roza\/#breadcrumb"},"inLanguage":"sl-SI","potentialAction":[{"@type":"ReadAction","target":["https:\/\/hermossa.eu\/sl\/izdelek\/zenski-uhani-pearl-bis-roza\/"]}]},{"@type":"BreadcrumbList","@id":"https:\/\/hermossa.eu\/sl\/izdelek\/zenski-uhani-pearl-bis-roza\/#breadcrumb","itemListElement":[{"@type":"ListItem","position":1,"name":"Home","item":"https:\/\/hermossa.eu\/"},{"@type":"ListItem","position":2,"name":"Trgovina","item":"https:\/\/hermossa.eu\/sl\/trgovina\/"},{"@type":"ListItem","position":3,"name":"\u017denski Uhani Pearl Bis (roza)"}]},{"@type":"WebSite","@id":"https:\/\/hermossa.eu\/#website","url":"https:\/\/hermossa.eu\/","name":"Hermossa","description":"web store","publisher":{"@id":"https:\/\/hermossa.eu\/#organization"},"potentialAction":[{"@type":"SearchAction","target":{"@type":"EntryPoint","urlTemplate":"https:\/\/hermossa.eu\/?s={search_term_string}"},"query-input":"required name=search_term_string"}],"inLanguage":"sl-SI"},{"@type":"Organization","@id":"https:\/\/hermossa.eu\/#organization","name":"Hermossa.eu","url":"https:\/\/hermossa.eu\/","logo":{"@type":"ImageObject","inLanguage":"sl-SI","@id":"https:\/\/hermossa.eu\/#\/schema\/logo\/image\/","url":"https:\/\/hermossa.eu\/wp-content\/uploads\/2019\/10\/logo-h.jpg","contentUrl":"https:\/\/hermossa.eu\/wp-content\/uploads\/2019\/10\/logo-h.jpg","width":500,"height":500,"caption":"Hermossa.eu"},"image":{"@id":"https:\/\/hermossa.eu\/#\/schema\/logo\/image\/"}}]}},"_links":{"self":[{"href":"https:\/\/hermossa.eu\/sl\/wp-json\/wp\/v2\/product\/4233"}],"collection":[{"href":"https:\/\/hermossa.eu\/sl\/wp-json\/wp\/v2\/product"}],"about":[{"href":"https:\/\/hermossa.eu\/sl\/wp-json\/wp\/v2\/types\/product"}],"wp:featuredmedia":[{"embeddable":true,"href":"https:\/\/hermossa.eu\/sl\/wp-json\/wp\/v2\/media\/7385"}],"wp:attachment":[{"href":"https:\/\/hermossa.eu\/sl\/wp-json\/wp\/v2\/media?parent=4233"}],"curies":[{"name":"wp","href":"https:\/\/api.w.org\/{rel}","templated":true}]}}