{"id":4260,"date":"2016-10-11T19:41:30","date_gmt":"2019-02-07T17:49:20","guid":{"rendered":"https:\/\/hermossa.eu\/?post_type=product&#038;p=4260&#038;lang=sl"},"modified":"2019-11-06T12:11:20","modified_gmt":"2019-11-06T12:11:20","slug":"zenska-zapestnica-le-corone-mini","status":"publish","type":"product","link":"https:\/\/hermossa.eu\/sl\/izdelek\/zenska-zapestnica-le-corone-mini\/","title":{"rendered":"\u017denska Zapestnica Le Corone MINI bela"},"content":{"rendered":"<p>\u017denske Zapestnice kolekcije Le Corone Mini karakterizira prefinjena preprostost po nac\u030celu \u201cmanj je vec\u030c\u201d. Moderen, minimalistic\u030cen dizajn, ki se odraz\u030ca v diskretnosti bles\u030cc\u030cec\u030cih kamnov objetih v krono, ustvari vtis edinstvenosti in daje z\u030censki videz prefinjenega glamurja. Za bolj bles\u030cc\u030cec\u030c videz, kombiniraj vec\u030c zapestnic v razlic\u030cnih barvnih odtenkih in izberi enega ali vec\u030c prstanov iste kolekcije.\u00a0\u017denska Zapestnica Le Corone MINI &#8211; Nakup: Spletna Trgovina Hermossa<\/p>\n","protected":false},"excerpt":{"rendered":"<p>\u017denska Le CORONE z<span lang=\"IT\">apestnica Mini s kubic\u030cnim cirkon kamnom premera 6 mm, pritrjenim na okvir v obliki krone iz srebra 925, prevlec\u030cenim z rosa zlatom. <\/span>Prilagodljiv silikonski obro\u010d \u2013 mo\u017eno nastaviti (enostavno skraj\u0161ati s \u0161krjami) ali ga zamenjati z drugo barvo. V ceno sta vkljuc\u030cena dva dodatna silikonska obroc\u030ca, darilna embala\u017ea. 100% narejeno v Italiji. Nakup: Spletna Trgovina Hermossa<\/p>\n","protected":false},"featured_media":8086,"template":"","meta":[],"yoast_head":"<!-- This site is optimized with the Yoast SEO plugin v19.10 - https:\/\/yoast.com\/wordpress\/plugins\/seo\/ -->\n<title>\u017denska Zapestnica Le Corone MINI - Nakup: Spletna Trgovina Hermossa<\/title>\n<meta name=\"description\" content=\"\u017denska Le CORONE zapestnica Mini s kubic\u030cnim cirkon kamnom premera 6 mm, pritrjenim na okvir v oblikik rone iz srebra 925, prevlec\u030cenim z rosa zlatom.\" \/>\n<meta name=\"robots\" content=\"index, follow, max-snippet:-1, max-image-preview:large, max-video-preview:-1\" \/>\n<link rel=\"canonical\" href=\"https:\/\/hermossa.eu\/sl\/izdelek\/zenska-zapestnica-le-corone-mini\/\" \/>\n<meta property=\"og:locale\" content=\"sl_SI\" \/>\n<meta property=\"og:type\" content=\"article\" \/>\n<meta property=\"og:title\" content=\"\u017denska Zapestnica Le Corone MINI - Nakup: Spletna Trgovina Hermossa\" \/>\n<meta property=\"og:description\" content=\"\u017denska Le CORONE zapestnica Mini s kubic\u030cnim cirkon kamnom premera 6 mm, pritrjenim na okvir v oblikik rone iz srebra 925, prevlec\u030cenim z rosa zlatom.\" \/>\n<meta property=\"og:url\" content=\"https:\/\/hermossa.eu\/sl\/izdelek\/zenska-zapestnica-le-corone-mini\/\" \/>\n<meta property=\"og:site_name\" content=\"Hermossa\" \/>\n<meta property=\"article:modified_time\" content=\"2019-11-06T12:11:20+00:00\" \/>\n<meta property=\"og:image\" content=\"https:\/\/hermossa.eu\/wp-content\/uploads\/2019\/02\/1060-brmi01r.jpg\" \/>\n\t<meta property=\"og:image:width\" content=\"550\" \/>\n\t<meta property=\"og:image:height\" content=\"550\" \/>\n\t<meta property=\"og:image:type\" content=\"image\/jpeg\" \/>\n<script type=\"application\/ld+json\" class=\"yoast-schema-graph\">{\"@context\":\"https:\/\/schema.org\",\"@graph\":[{\"@type\":\"WebPage\",\"@id\":\"https:\/\/hermossa.eu\/sl\/izdelek\/zenska-zapestnica-le-corone-mini\/\",\"url\":\"https:\/\/hermossa.eu\/sl\/izdelek\/zenska-zapestnica-le-corone-mini\/\",\"name\":\"\u017denska Zapestnica Le Corone MINI - Nakup: Spletna Trgovina Hermossa\",\"isPartOf\":{\"@id\":\"https:\/\/hermossa.eu\/#website\"},\"datePublished\":\"2019-02-07T17:49:20+00:00\",\"dateModified\":\"2019-11-06T12:11:20+00:00\",\"description\":\"\u017denska Le CORONE zapestnica Mini s kubic\u030cnim cirkon kamnom premera 6 mm, pritrjenim na okvir v oblikik rone iz srebra 925, prevlec\u030cenim z rosa zlatom.\",\"breadcrumb\":{\"@id\":\"https:\/\/hermossa.eu\/sl\/izdelek\/zenska-zapestnica-le-corone-mini\/#breadcrumb\"},\"inLanguage\":\"sl-SI\",\"potentialAction\":[{\"@type\":\"ReadAction\",\"target\":[\"https:\/\/hermossa.eu\/sl\/izdelek\/zenska-zapestnica-le-corone-mini\/\"]}]},{\"@type\":\"BreadcrumbList\",\"@id\":\"https:\/\/hermossa.eu\/sl\/izdelek\/zenska-zapestnica-le-corone-mini\/#breadcrumb\",\"itemListElement\":[{\"@type\":\"ListItem\",\"position\":1,\"name\":\"Home\",\"item\":\"https:\/\/hermossa.eu\/\"},{\"@type\":\"ListItem\",\"position\":2,\"name\":\"Trgovina\",\"item\":\"https:\/\/hermossa.eu\/sl\/trgovina\/\"},{\"@type\":\"ListItem\",\"position\":3,\"name\":\"\u017denska Zapestnica Le Corone MINI bela\"}]},{\"@type\":\"WebSite\",\"@id\":\"https:\/\/hermossa.eu\/#website\",\"url\":\"https:\/\/hermossa.eu\/\",\"name\":\"Hermossa\",\"description\":\"web store\",\"publisher\":{\"@id\":\"https:\/\/hermossa.eu\/#organization\"},\"potentialAction\":[{\"@type\":\"SearchAction\",\"target\":{\"@type\":\"EntryPoint\",\"urlTemplate\":\"https:\/\/hermossa.eu\/?s={search_term_string}\"},\"query-input\":\"required name=search_term_string\"}],\"inLanguage\":\"sl-SI\"},{\"@type\":\"Organization\",\"@id\":\"https:\/\/hermossa.eu\/#organization\",\"name\":\"Hermossa.eu\",\"url\":\"https:\/\/hermossa.eu\/\",\"logo\":{\"@type\":\"ImageObject\",\"inLanguage\":\"sl-SI\",\"@id\":\"https:\/\/hermossa.eu\/#\/schema\/logo\/image\/\",\"url\":\"https:\/\/hermossa.eu\/wp-content\/uploads\/2019\/10\/logo-h.jpg\",\"contentUrl\":\"https:\/\/hermossa.eu\/wp-content\/uploads\/2019\/10\/logo-h.jpg\",\"width\":500,\"height\":500,\"caption\":\"Hermossa.eu\"},\"image\":{\"@id\":\"https:\/\/hermossa.eu\/#\/schema\/logo\/image\/\"}}]}<\/script>\n<!-- \/ Yoast SEO plugin. -->","yoast_head_json":{"title":"\u017denska Zapestnica Le Corone MINI - Nakup: Spletna Trgovina Hermossa","description":"\u017denska Le CORONE zapestnica Mini s kubic\u030cnim cirkon kamnom premera 6 mm, pritrjenim na okvir v oblikik rone iz srebra 925, prevlec\u030cenim z rosa zlatom.","robots":{"index":"index","follow":"follow","max-snippet":"max-snippet:-1","max-image-preview":"max-image-preview:large","max-video-preview":"max-video-preview:-1"},"canonical":"https:\/\/hermossa.eu\/sl\/izdelek\/zenska-zapestnica-le-corone-mini\/","og_locale":"sl_SI","og_type":"article","og_title":"\u017denska Zapestnica Le Corone MINI - Nakup: Spletna Trgovina Hermossa","og_description":"\u017denska Le CORONE zapestnica Mini s kubic\u030cnim cirkon kamnom premera 6 mm, pritrjenim na okvir v oblikik rone iz srebra 925, prevlec\u030cenim z rosa zlatom.","og_url":"https:\/\/hermossa.eu\/sl\/izdelek\/zenska-zapestnica-le-corone-mini\/","og_site_name":"Hermossa","article_modified_time":"2019-11-06T12:11:20+00:00","og_image":[{"width":550,"height":550,"url":"https:\/\/hermossa.eu\/wp-content\/uploads\/2019\/02\/1060-brmi01r.jpg","type":"image\/jpeg"}],"schema":{"@context":"https:\/\/schema.org","@graph":[{"@type":"WebPage","@id":"https:\/\/hermossa.eu\/sl\/izdelek\/zenska-zapestnica-le-corone-mini\/","url":"https:\/\/hermossa.eu\/sl\/izdelek\/zenska-zapestnica-le-corone-mini\/","name":"\u017denska Zapestnica Le Corone MINI - Nakup: Spletna Trgovina Hermossa","isPartOf":{"@id":"https:\/\/hermossa.eu\/#website"},"datePublished":"2019-02-07T17:49:20+00:00","dateModified":"2019-11-06T12:11:20+00:00","description":"\u017denska Le CORONE zapestnica Mini s kubic\u030cnim cirkon kamnom premera 6 mm, pritrjenim na okvir v oblikik rone iz srebra 925, prevlec\u030cenim z rosa zlatom.","breadcrumb":{"@id":"https:\/\/hermossa.eu\/sl\/izdelek\/zenska-zapestnica-le-corone-mini\/#breadcrumb"},"inLanguage":"sl-SI","potentialAction":[{"@type":"ReadAction","target":["https:\/\/hermossa.eu\/sl\/izdelek\/zenska-zapestnica-le-corone-mini\/"]}]},{"@type":"BreadcrumbList","@id":"https:\/\/hermossa.eu\/sl\/izdelek\/zenska-zapestnica-le-corone-mini\/#breadcrumb","itemListElement":[{"@type":"ListItem","position":1,"name":"Home","item":"https:\/\/hermossa.eu\/"},{"@type":"ListItem","position":2,"name":"Trgovina","item":"https:\/\/hermossa.eu\/sl\/trgovina\/"},{"@type":"ListItem","position":3,"name":"\u017denska Zapestnica Le Corone MINI bela"}]},{"@type":"WebSite","@id":"https:\/\/hermossa.eu\/#website","url":"https:\/\/hermossa.eu\/","name":"Hermossa","description":"web store","publisher":{"@id":"https:\/\/hermossa.eu\/#organization"},"potentialAction":[{"@type":"SearchAction","target":{"@type":"EntryPoint","urlTemplate":"https:\/\/hermossa.eu\/?s={search_term_string}"},"query-input":"required name=search_term_string"}],"inLanguage":"sl-SI"},{"@type":"Organization","@id":"https:\/\/hermossa.eu\/#organization","name":"Hermossa.eu","url":"https:\/\/hermossa.eu\/","logo":{"@type":"ImageObject","inLanguage":"sl-SI","@id":"https:\/\/hermossa.eu\/#\/schema\/logo\/image\/","url":"https:\/\/hermossa.eu\/wp-content\/uploads\/2019\/10\/logo-h.jpg","contentUrl":"https:\/\/hermossa.eu\/wp-content\/uploads\/2019\/10\/logo-h.jpg","width":500,"height":500,"caption":"Hermossa.eu"},"image":{"@id":"https:\/\/hermossa.eu\/#\/schema\/logo\/image\/"}}]}},"_links":{"self":[{"href":"https:\/\/hermossa.eu\/sl\/wp-json\/wp\/v2\/product\/4260"}],"collection":[{"href":"https:\/\/hermossa.eu\/sl\/wp-json\/wp\/v2\/product"}],"about":[{"href":"https:\/\/hermossa.eu\/sl\/wp-json\/wp\/v2\/types\/product"}],"wp:featuredmedia":[{"embeddable":true,"href":"https:\/\/hermossa.eu\/sl\/wp-json\/wp\/v2\/media\/8086"}],"wp:attachment":[{"href":"https:\/\/hermossa.eu\/sl\/wp-json\/wp\/v2\/media?parent=4260"}],"curies":[{"name":"wp","href":"https:\/\/api.w.org\/{rel}","templated":true}]}}