{"id":4276,"date":"2017-01-06T11:07:58","date_gmt":"2019-02-07T18:30:34","guid":{"rendered":"https:\/\/hermossa.eu\/?post_type=product&#038;p=4276&#038;lang=sl"},"modified":"2019-11-07T11:17:50","modified_gmt":"2019-11-07T11:17:50","slug":"le-corone-bollicine-zelena-zapestnica","status":"publish","type":"product","link":"https:\/\/hermossa.eu\/sl\/izdelek\/le-corone-bollicine-zelena-zapestnica\/","title":{"rendered":"Zapestnica Le Corone BOLLICINE zelena"},"content":{"rendered":"<p>Modni nakit Le Corone \/ Kolekcija Bollicine obsega prstane in zapestnice iz klasic\u030cnih in modernih materialov ter elementov kot srebra, zlata, silikona, okrasnih kamenc\u030ckov, kubic\u030cnih cirkonov, katerih kompozicija ustvarja elegantno- s\u030cportni in razigran videz, ki dopolni tvoj stil. \u017denska Zapestnica Le Corone BOLLICINE &#8211; Prodaja: Spletna Trgovina Hermossa<\/p>\n","protected":false},"excerpt":{"rendered":"<p>Zapestnica Bollicine s keramic\u030cno kroglico s kristalnimi okrasnimi kamenc\u030cki, ki binglja iz srebra 925, prevlec\u030cenim z belim zlatom. Prilagodljiv silikonski obro\u010d \u2013 mo\u017eno nastaviti (enostavno skraj\u0161ati s \u0161karjami) ali ga zamenjati z drugo barvo. V ceno sta vkljuc\u030cena dva dodatna silikonska obroc\u030ca, darilna embala\u017ea. 100% narejeno v Italiji. Prodaja: Spletna Trgovina Hermossa<\/p>\n","protected":false},"featured_media":7642,"template":"","meta":[],"yoast_head":"<!-- This site is optimized with the Yoast SEO plugin v19.10 - https:\/\/yoast.com\/wordpress\/plugins\/seo\/ -->\n<title>Zapestnica Le Corone BOLLICINE zelena - Spletna Trgovina Hermossa<\/title>\n<meta name=\"description\" content=\"Zapestnica Bollicine s keramic\u030cno kroglico s kristalnimi okrasnimi kamenc\u030cki, ki binglja iz srebra 925, prevlec\u030cenim z belim zlatom. Spletna Trgovina\" \/>\n<meta name=\"robots\" content=\"index, follow, max-snippet:-1, max-image-preview:large, max-video-preview:-1\" \/>\n<link rel=\"canonical\" href=\"https:\/\/hermossa.eu\/sl\/izdelek\/le-corone-bollicine-zelena-zapestnica\/\" \/>\n<meta property=\"og:locale\" content=\"sl_SI\" \/>\n<meta property=\"og:type\" content=\"article\" \/>\n<meta property=\"og:title\" content=\"Zapestnica Le Corone BOLLICINE zelena - Spletna Trgovina Hermossa\" \/>\n<meta property=\"og:description\" content=\"Zapestnica Bollicine s keramic\u030cno kroglico s kristalnimi okrasnimi kamenc\u030cki, ki binglja iz srebra 925, prevlec\u030cenim z belim zlatom. Spletna Trgovina\" \/>\n<meta property=\"og:url\" content=\"https:\/\/hermossa.eu\/sl\/izdelek\/le-corone-bollicine-zelena-zapestnica\/\" \/>\n<meta property=\"og:site_name\" content=\"Hermossa\" \/>\n<meta property=\"article:modified_time\" content=\"2019-11-07T11:17:50+00:00\" \/>\n<meta property=\"og:image\" content=\"https:\/\/hermossa.eu\/wp-content\/uploads\/2017\/01\/BRBOL08_W-1.jpg\" \/>\n\t<meta property=\"og:image:width\" content=\"425\" \/>\n\t<meta property=\"og:image:height\" content=\"249\" \/>\n\t<meta property=\"og:image:type\" content=\"image\/jpeg\" \/>\n<script type=\"application\/ld+json\" class=\"yoast-schema-graph\">{\"@context\":\"https:\/\/schema.org\",\"@graph\":[{\"@type\":\"WebPage\",\"@id\":\"https:\/\/hermossa.eu\/sl\/izdelek\/le-corone-bollicine-zelena-zapestnica\/\",\"url\":\"https:\/\/hermossa.eu\/sl\/izdelek\/le-corone-bollicine-zelena-zapestnica\/\",\"name\":\"Zapestnica Le Corone BOLLICINE zelena - Spletna Trgovina Hermossa\",\"isPartOf\":{\"@id\":\"https:\/\/hermossa.eu\/#website\"},\"datePublished\":\"2019-02-07T18:30:34+00:00\",\"dateModified\":\"2019-11-07T11:17:50+00:00\",\"description\":\"Zapestnica Bollicine s keramic\u030cno kroglico s kristalnimi okrasnimi kamenc\u030cki, ki binglja iz srebra 925, prevlec\u030cenim z belim zlatom. Spletna Trgovina\",\"breadcrumb\":{\"@id\":\"https:\/\/hermossa.eu\/sl\/izdelek\/le-corone-bollicine-zelena-zapestnica\/#breadcrumb\"},\"inLanguage\":\"sl-SI\",\"potentialAction\":[{\"@type\":\"ReadAction\",\"target\":[\"https:\/\/hermossa.eu\/sl\/izdelek\/le-corone-bollicine-zelena-zapestnica\/\"]}]},{\"@type\":\"BreadcrumbList\",\"@id\":\"https:\/\/hermossa.eu\/sl\/izdelek\/le-corone-bollicine-zelena-zapestnica\/#breadcrumb\",\"itemListElement\":[{\"@type\":\"ListItem\",\"position\":1,\"name\":\"Home\",\"item\":\"https:\/\/hermossa.eu\/\"},{\"@type\":\"ListItem\",\"position\":2,\"name\":\"Trgovina\",\"item\":\"https:\/\/hermossa.eu\/sl\/trgovina\/\"},{\"@type\":\"ListItem\",\"position\":3,\"name\":\"Zapestnica Le Corone BOLLICINE zelena\"}]},{\"@type\":\"WebSite\",\"@id\":\"https:\/\/hermossa.eu\/#website\",\"url\":\"https:\/\/hermossa.eu\/\",\"name\":\"Hermossa\",\"description\":\"web store\",\"publisher\":{\"@id\":\"https:\/\/hermossa.eu\/#organization\"},\"potentialAction\":[{\"@type\":\"SearchAction\",\"target\":{\"@type\":\"EntryPoint\",\"urlTemplate\":\"https:\/\/hermossa.eu\/?s={search_term_string}\"},\"query-input\":\"required name=search_term_string\"}],\"inLanguage\":\"sl-SI\"},{\"@type\":\"Organization\",\"@id\":\"https:\/\/hermossa.eu\/#organization\",\"name\":\"Hermossa.eu\",\"url\":\"https:\/\/hermossa.eu\/\",\"logo\":{\"@type\":\"ImageObject\",\"inLanguage\":\"sl-SI\",\"@id\":\"https:\/\/hermossa.eu\/#\/schema\/logo\/image\/\",\"url\":\"https:\/\/hermossa.eu\/wp-content\/uploads\/2019\/10\/logo-h.jpg\",\"contentUrl\":\"https:\/\/hermossa.eu\/wp-content\/uploads\/2019\/10\/logo-h.jpg\",\"width\":500,\"height\":500,\"caption\":\"Hermossa.eu\"},\"image\":{\"@id\":\"https:\/\/hermossa.eu\/#\/schema\/logo\/image\/\"}}]}<\/script>\n<!-- \/ Yoast SEO plugin. -->","yoast_head_json":{"title":"Zapestnica Le Corone BOLLICINE zelena - Spletna Trgovina Hermossa","description":"Zapestnica Bollicine s keramic\u030cno kroglico s kristalnimi okrasnimi kamenc\u030cki, ki binglja iz srebra 925, prevlec\u030cenim z belim zlatom. Spletna Trgovina","robots":{"index":"index","follow":"follow","max-snippet":"max-snippet:-1","max-image-preview":"max-image-preview:large","max-video-preview":"max-video-preview:-1"},"canonical":"https:\/\/hermossa.eu\/sl\/izdelek\/le-corone-bollicine-zelena-zapestnica\/","og_locale":"sl_SI","og_type":"article","og_title":"Zapestnica Le Corone BOLLICINE zelena - Spletna Trgovina Hermossa","og_description":"Zapestnica Bollicine s keramic\u030cno kroglico s kristalnimi okrasnimi kamenc\u030cki, ki binglja iz srebra 925, prevlec\u030cenim z belim zlatom. Spletna Trgovina","og_url":"https:\/\/hermossa.eu\/sl\/izdelek\/le-corone-bollicine-zelena-zapestnica\/","og_site_name":"Hermossa","article_modified_time":"2019-11-07T11:17:50+00:00","og_image":[{"width":425,"height":249,"url":"https:\/\/hermossa.eu\/wp-content\/uploads\/2017\/01\/BRBOL08_W-1.jpg","type":"image\/jpeg"}],"schema":{"@context":"https:\/\/schema.org","@graph":[{"@type":"WebPage","@id":"https:\/\/hermossa.eu\/sl\/izdelek\/le-corone-bollicine-zelena-zapestnica\/","url":"https:\/\/hermossa.eu\/sl\/izdelek\/le-corone-bollicine-zelena-zapestnica\/","name":"Zapestnica Le Corone BOLLICINE zelena - Spletna Trgovina Hermossa","isPartOf":{"@id":"https:\/\/hermossa.eu\/#website"},"datePublished":"2019-02-07T18:30:34+00:00","dateModified":"2019-11-07T11:17:50+00:00","description":"Zapestnica Bollicine s keramic\u030cno kroglico s kristalnimi okrasnimi kamenc\u030cki, ki binglja iz srebra 925, prevlec\u030cenim z belim zlatom. Spletna Trgovina","breadcrumb":{"@id":"https:\/\/hermossa.eu\/sl\/izdelek\/le-corone-bollicine-zelena-zapestnica\/#breadcrumb"},"inLanguage":"sl-SI","potentialAction":[{"@type":"ReadAction","target":["https:\/\/hermossa.eu\/sl\/izdelek\/le-corone-bollicine-zelena-zapestnica\/"]}]},{"@type":"BreadcrumbList","@id":"https:\/\/hermossa.eu\/sl\/izdelek\/le-corone-bollicine-zelena-zapestnica\/#breadcrumb","itemListElement":[{"@type":"ListItem","position":1,"name":"Home","item":"https:\/\/hermossa.eu\/"},{"@type":"ListItem","position":2,"name":"Trgovina","item":"https:\/\/hermossa.eu\/sl\/trgovina\/"},{"@type":"ListItem","position":3,"name":"Zapestnica Le Corone BOLLICINE zelena"}]},{"@type":"WebSite","@id":"https:\/\/hermossa.eu\/#website","url":"https:\/\/hermossa.eu\/","name":"Hermossa","description":"web store","publisher":{"@id":"https:\/\/hermossa.eu\/#organization"},"potentialAction":[{"@type":"SearchAction","target":{"@type":"EntryPoint","urlTemplate":"https:\/\/hermossa.eu\/?s={search_term_string}"},"query-input":"required name=search_term_string"}],"inLanguage":"sl-SI"},{"@type":"Organization","@id":"https:\/\/hermossa.eu\/#organization","name":"Hermossa.eu","url":"https:\/\/hermossa.eu\/","logo":{"@type":"ImageObject","inLanguage":"sl-SI","@id":"https:\/\/hermossa.eu\/#\/schema\/logo\/image\/","url":"https:\/\/hermossa.eu\/wp-content\/uploads\/2019\/10\/logo-h.jpg","contentUrl":"https:\/\/hermossa.eu\/wp-content\/uploads\/2019\/10\/logo-h.jpg","width":500,"height":500,"caption":"Hermossa.eu"},"image":{"@id":"https:\/\/hermossa.eu\/#\/schema\/logo\/image\/"}}]}},"_links":{"self":[{"href":"https:\/\/hermossa.eu\/sl\/wp-json\/wp\/v2\/product\/4276"}],"collection":[{"href":"https:\/\/hermossa.eu\/sl\/wp-json\/wp\/v2\/product"}],"about":[{"href":"https:\/\/hermossa.eu\/sl\/wp-json\/wp\/v2\/types\/product"}],"wp:featuredmedia":[{"embeddable":true,"href":"https:\/\/hermossa.eu\/sl\/wp-json\/wp\/v2\/media\/7642"}],"wp:attachment":[{"href":"https:\/\/hermossa.eu\/sl\/wp-json\/wp\/v2\/media?parent=4276"}],"curies":[{"name":"wp","href":"https:\/\/api.w.org\/{rel}","templated":true}]}}