{"id":9738,"date":"2017-12-05T16:41:55","date_gmt":"2017-12-05T16:41:55","guid":{"rendered":"https:\/\/hermossa.eu\/product\/zenski-prstan-forever-le-corone-crn\/"},"modified":"2021-01-17T13:25:13","modified_gmt":"2021-01-17T13:25:13","slug":"zenski-prstan-forever-le-corone-crn","status":"publish","type":"product","link":"https:\/\/hermossa.eu\/sl\/izdelek\/zenski-prstan-forever-le-corone-crn\/","title":{"rendered":"\u017denski prstan Forever, Le Corone, \u010drn"},"content":{"rendered":"<p>Modne \u017denske Prstane kolekcije Forever karakterizira prefinjena preprostost po nac\u030celu \u201cmanj je vec\u030c\u201d, kar se odraz\u030ca v minimallistic\u030cnem dizajnu. Obroc\u030ci z 11 barvnimi kubic\u030cnimi cirkoni, so prefinjen modni dodatek za vse tiste, ki so rade drugac\u030cne pa vendar ne vpadljive. Za bolj bles\u030cc\u030cec\u030c videz natakni vec\u030c obroc\u030cev na isti prst ali na vec\u030c prstov na isti roki, za popoln videz pa izberi s\u030ce zapestnico, dve ali vec\u030c iz kolekcije Forever.<\/p>\n<p>Le Corone Prstan Forever iz srebra 925 prevlec\u030cen z belim zlatom, vgrajenimi kubic\u030cnimi cirkon kamni ter enostavno prilagodljivim hipoalergenski silikonskim obroc\u030cem. V ceno sta vkljuc\u030cena dva dodatna silikonska obroc\u030ca, darilna embala\u017ea. 100% narejeno v Italiji. Nakup: Spletna Trgovina Hermossa<\/p>\n","protected":false},"excerpt":{"rendered":"<p>Le Corone Prstan Forever iz srebra 925 prevlec\u030cen z belim zlatom, vgrajenimi kubic\u030cnimi cirkon kamni ter enostavno prilagodljivim hipoalergenski silikonskim obroc\u030cem. V ceno sta vkljuc\u030cena dva dodatna silikonska obroc\u030ca, darilna embala\u017ea. 100% narejeno v Italiji. Nakup: Spletna Trgovina Hermossa<\/p>\n","protected":false},"featured_media":8216,"template":"","meta":[],"yoast_head":"<!-- This site is optimized with the Yoast SEO plugin v19.10 - https:\/\/yoast.com\/wordpress\/plugins\/seo\/ -->\n<title>\u017denski prstan Forever, Le Corone, \u010drn - Spletna prodaja Renini<\/title>\n<meta name=\"description\" content=\"Le Corone Prstan Forever iz srebra 925 prevlec\u030cen z belim zlatom, vgrajenimi kubic\u030cnimi cirkon kamni. Prilagodljivi silikonski obro\u010di.\" \/>\n<meta name=\"robots\" content=\"index, follow, max-snippet:-1, max-image-preview:large, max-video-preview:-1\" \/>\n<link rel=\"canonical\" href=\"https:\/\/hermossa.eu\/sl\/izdelek\/zenski-prstan-forever-le-corone-crn\/\" \/>\n<meta property=\"og:locale\" content=\"sl_SI\" \/>\n<meta property=\"og:type\" content=\"article\" \/>\n<meta property=\"og:title\" content=\"\u017denski prstan Forever, Le Corone, \u010drn - Spletna prodaja Renini\" \/>\n<meta property=\"og:description\" content=\"Le Corone Prstan Forever iz srebra 925 prevlec\u030cen z belim zlatom, vgrajenimi kubic\u030cnimi cirkon kamni. Prilagodljivi silikonski obro\u010di.\" \/>\n<meta property=\"og:url\" content=\"https:\/\/hermossa.eu\/sl\/izdelek\/zenski-prstan-forever-le-corone-crn\/\" \/>\n<meta property=\"og:site_name\" content=\"Hermossa\" \/>\n<meta property=\"article:modified_time\" content=\"2021-01-17T13:25:13+00:00\" \/>\n<meta property=\"og:image\" content=\"https:\/\/hermossa.eu\/wp-content\/uploads\/2019\/02\/fedine-nero_ob_nero.png\" \/>\n\t<meta property=\"og:image:width\" content=\"550\" \/>\n\t<meta property=\"og:image:height\" content=\"550\" \/>\n\t<meta property=\"og:image:type\" content=\"image\/png\" \/>\n<meta name=\"twitter:label1\" content=\"Est. reading time\" \/>\n\t<meta name=\"twitter:data1\" content=\"1 minuta\" \/>\n<script type=\"application\/ld+json\" class=\"yoast-schema-graph\">{\"@context\":\"https:\/\/schema.org\",\"@graph\":[{\"@type\":\"WebPage\",\"@id\":\"https:\/\/hermossa.eu\/sl\/izdelek\/zenski-prstan-forever-le-corone-crn\/\",\"url\":\"https:\/\/hermossa.eu\/sl\/izdelek\/zenski-prstan-forever-le-corone-crn\/\",\"name\":\"\u017denski prstan Forever, Le Corone, \u010drn - Spletna prodaja Renini\",\"isPartOf\":{\"@id\":\"https:\/\/hermossa.eu\/#website\"},\"datePublished\":\"2017-12-05T16:41:55+00:00\",\"dateModified\":\"2021-01-17T13:25:13+00:00\",\"description\":\"Le Corone Prstan Forever iz srebra 925 prevlec\u030cen z belim zlatom, vgrajenimi kubic\u030cnimi cirkon kamni. Prilagodljivi silikonski obro\u010di.\",\"breadcrumb\":{\"@id\":\"https:\/\/hermossa.eu\/sl\/izdelek\/zenski-prstan-forever-le-corone-crn\/#breadcrumb\"},\"inLanguage\":\"sl-SI\",\"potentialAction\":[{\"@type\":\"ReadAction\",\"target\":[\"https:\/\/hermossa.eu\/sl\/izdelek\/zenski-prstan-forever-le-corone-crn\/\"]}]},{\"@type\":\"BreadcrumbList\",\"@id\":\"https:\/\/hermossa.eu\/sl\/izdelek\/zenski-prstan-forever-le-corone-crn\/#breadcrumb\",\"itemListElement\":[{\"@type\":\"ListItem\",\"position\":1,\"name\":\"Home\",\"item\":\"https:\/\/hermossa.eu\/\"},{\"@type\":\"ListItem\",\"position\":2,\"name\":\"Trgovina\",\"item\":\"https:\/\/hermossa.eu\/sl\/trgovina\/\"},{\"@type\":\"ListItem\",\"position\":3,\"name\":\"\u017denski prstan Forever, Le Corone, \u010drn\"}]},{\"@type\":\"WebSite\",\"@id\":\"https:\/\/hermossa.eu\/#website\",\"url\":\"https:\/\/hermossa.eu\/\",\"name\":\"Hermossa\",\"description\":\"web store\",\"publisher\":{\"@id\":\"https:\/\/hermossa.eu\/#organization\"},\"potentialAction\":[{\"@type\":\"SearchAction\",\"target\":{\"@type\":\"EntryPoint\",\"urlTemplate\":\"https:\/\/hermossa.eu\/?s={search_term_string}\"},\"query-input\":\"required name=search_term_string\"}],\"inLanguage\":\"sl-SI\"},{\"@type\":\"Organization\",\"@id\":\"https:\/\/hermossa.eu\/#organization\",\"name\":\"Hermossa.eu\",\"url\":\"https:\/\/hermossa.eu\/\",\"logo\":{\"@type\":\"ImageObject\",\"inLanguage\":\"sl-SI\",\"@id\":\"https:\/\/hermossa.eu\/#\/schema\/logo\/image\/\",\"url\":\"https:\/\/hermossa.eu\/wp-content\/uploads\/2019\/10\/logo-h.jpg\",\"contentUrl\":\"https:\/\/hermossa.eu\/wp-content\/uploads\/2019\/10\/logo-h.jpg\",\"width\":500,\"height\":500,\"caption\":\"Hermossa.eu\"},\"image\":{\"@id\":\"https:\/\/hermossa.eu\/#\/schema\/logo\/image\/\"}}]}<\/script>\n<!-- \/ Yoast SEO plugin. -->","yoast_head_json":{"title":"\u017denski prstan Forever, Le Corone, \u010drn - Spletna prodaja Renini","description":"Le Corone Prstan Forever iz srebra 925 prevlec\u030cen z belim zlatom, vgrajenimi kubic\u030cnimi cirkon kamni. Prilagodljivi silikonski obro\u010di.","robots":{"index":"index","follow":"follow","max-snippet":"max-snippet:-1","max-image-preview":"max-image-preview:large","max-video-preview":"max-video-preview:-1"},"canonical":"https:\/\/hermossa.eu\/sl\/izdelek\/zenski-prstan-forever-le-corone-crn\/","og_locale":"sl_SI","og_type":"article","og_title":"\u017denski prstan Forever, Le Corone, \u010drn - Spletna prodaja Renini","og_description":"Le Corone Prstan Forever iz srebra 925 prevlec\u030cen z belim zlatom, vgrajenimi kubic\u030cnimi cirkon kamni. Prilagodljivi silikonski obro\u010di.","og_url":"https:\/\/hermossa.eu\/sl\/izdelek\/zenski-prstan-forever-le-corone-crn\/","og_site_name":"Hermossa","article_modified_time":"2021-01-17T13:25:13+00:00","og_image":[{"width":550,"height":550,"url":"https:\/\/hermossa.eu\/wp-content\/uploads\/2019\/02\/fedine-nero_ob_nero.png","type":"image\/png"}],"twitter_misc":{"Est. reading time":"1 minuta"},"schema":{"@context":"https:\/\/schema.org","@graph":[{"@type":"WebPage","@id":"https:\/\/hermossa.eu\/sl\/izdelek\/zenski-prstan-forever-le-corone-crn\/","url":"https:\/\/hermossa.eu\/sl\/izdelek\/zenski-prstan-forever-le-corone-crn\/","name":"\u017denski prstan Forever, Le Corone, \u010drn - Spletna prodaja Renini","isPartOf":{"@id":"https:\/\/hermossa.eu\/#website"},"datePublished":"2017-12-05T16:41:55+00:00","dateModified":"2021-01-17T13:25:13+00:00","description":"Le Corone Prstan Forever iz srebra 925 prevlec\u030cen z belim zlatom, vgrajenimi kubic\u030cnimi cirkon kamni. Prilagodljivi silikonski obro\u010di.","breadcrumb":{"@id":"https:\/\/hermossa.eu\/sl\/izdelek\/zenski-prstan-forever-le-corone-crn\/#breadcrumb"},"inLanguage":"sl-SI","potentialAction":[{"@type":"ReadAction","target":["https:\/\/hermossa.eu\/sl\/izdelek\/zenski-prstan-forever-le-corone-crn\/"]}]},{"@type":"BreadcrumbList","@id":"https:\/\/hermossa.eu\/sl\/izdelek\/zenski-prstan-forever-le-corone-crn\/#breadcrumb","itemListElement":[{"@type":"ListItem","position":1,"name":"Home","item":"https:\/\/hermossa.eu\/"},{"@type":"ListItem","position":2,"name":"Trgovina","item":"https:\/\/hermossa.eu\/sl\/trgovina\/"},{"@type":"ListItem","position":3,"name":"\u017denski prstan Forever, Le Corone, \u010drn"}]},{"@type":"WebSite","@id":"https:\/\/hermossa.eu\/#website","url":"https:\/\/hermossa.eu\/","name":"Hermossa","description":"web store","publisher":{"@id":"https:\/\/hermossa.eu\/#organization"},"potentialAction":[{"@type":"SearchAction","target":{"@type":"EntryPoint","urlTemplate":"https:\/\/hermossa.eu\/?s={search_term_string}"},"query-input":"required name=search_term_string"}],"inLanguage":"sl-SI"},{"@type":"Organization","@id":"https:\/\/hermossa.eu\/#organization","name":"Hermossa.eu","url":"https:\/\/hermossa.eu\/","logo":{"@type":"ImageObject","inLanguage":"sl-SI","@id":"https:\/\/hermossa.eu\/#\/schema\/logo\/image\/","url":"https:\/\/hermossa.eu\/wp-content\/uploads\/2019\/10\/logo-h.jpg","contentUrl":"https:\/\/hermossa.eu\/wp-content\/uploads\/2019\/10\/logo-h.jpg","width":500,"height":500,"caption":"Hermossa.eu"},"image":{"@id":"https:\/\/hermossa.eu\/#\/schema\/logo\/image\/"}}]}},"_links":{"self":[{"href":"https:\/\/hermossa.eu\/sl\/wp-json\/wp\/v2\/product\/9738"}],"collection":[{"href":"https:\/\/hermossa.eu\/sl\/wp-json\/wp\/v2\/product"}],"about":[{"href":"https:\/\/hermossa.eu\/sl\/wp-json\/wp\/v2\/types\/product"}],"wp:featuredmedia":[{"embeddable":true,"href":"https:\/\/hermossa.eu\/sl\/wp-json\/wp\/v2\/media\/8216"}],"wp:attachment":[{"href":"https:\/\/hermossa.eu\/sl\/wp-json\/wp\/v2\/media?parent=9738"}],"curies":[{"name":"wp","href":"https:\/\/api.w.org\/{rel}","templated":true}]}}